{"id":24258,"date":"2025-02-20T23:32:00","date_gmt":"2025-02-20T22:32:00","guid":{"rendered":"https:\/\/olemosaic.com\/producto\/iman-em-ceramica-salamandra-e-flores-arte-tradicional-branco\/"},"modified":"2025-02-20T23:32:00","modified_gmt":"2025-02-20T22:32:00","slug":"iman-em-ceramica-salamandra-e-flores-arte-tradicional-branco","status":"publish","type":"product","link":"https:\/\/olemosaic.com\/pt-pt\/produto\/iman-em-ceramica-salamandra-e-flores-arte-tradicional-branco\/","title":{"rendered":"\u00cdman em cer\u00e2mica. Salamandra e flores. Arte tradicional. Branco."},"content":{"rendered":"<p>Este \u00edman de cer\u00e2mica em forma de colher \u00e9 uma verdadeira homenagem \u00e0 rica cultura e \u00e0 arte tradicional de Espanha. Pintado \u00e0 m\u00e3o, esta encantadora lembran\u00e7a apresenta uma salamandra colorida entrela\u00e7ada com flores vibrantes, simbolizando a liga\u00e7\u00e3o entre fauna, flora e tradi\u00e7\u00e3o. O fundo branco do \u00edman real\u00e7a perfeitamente as cores vivas em azul, vermelho e verde, emolduradas por linhas pretas que proporcionam um contraste elegante com a obra de arte.  <\/p>\n<p>Este \u00edman n\u00e3o \u00e9 apenas um chamariz decorativo, mas tamb\u00e9m uma lembran\u00e7a da paix\u00e3o espanhola pela arte e pelo folclore. A sua forma \u00fanica, inspirada nos utens\u00edlios tradicionais, torna-o numa excelente decora\u00e7\u00e3o para a casa, dando um toque de calor e autenticidade a qualquer espa\u00e7o. Este produto encerra a ess\u00eancia da cultura espanhola, tornando-o uma lembran\u00e7a representativa para os turistas.  <\/p>\n<p>Na Ol\u00e9 MOSAIC somos distribuidores grossistas de aut\u00eanticos souvenirs de cer\u00e2mica, e este \u00edman \u00e9 uma escolha ideal para as lojas de presentes tur\u00edsticos que procuram oferecer produtos de qualidade e profundidade cultural. Com o seu design atraente e o seu significado, este \u00edman de cer\u00e2mica \u00e9 uma excelente escolha para aqueles que desejam levar para casa um pequeno peda\u00e7o da beleza de Espanha. <\/p>\n","protected":false},"excerpt":{"rendered":"<p>\u00cdman de cer\u00e2mica em forma de colher, decorado com uma salamandra colorida e flores, representando a rica cultura e a arte tradicional de Espanha. Este \u00edman atraente, pintado \u00e0 m\u00e3o e de conce\u00e7\u00e3o artesanal, apresenta um fundo branco que real\u00e7a as cores vivas dos pormenores azuis, vermelhos e verdes, enquadrados por linhas pretas para um contraste elegante. \u00c9 ideal para decorar a tua casa e recorda a beleza do folclore espanhol.  <\/p>\n","protected":false},"featured_media":8370,"template":"","meta":{"_acf_changed":false},"product_brand":[],"product_cat":[699],"product_tag":[516,515],"class_list":{"0":"post-24258","1":"product","2":"type-product","3":"status-publish","4":"has-post-thumbnail","6":"product_cat-imanes","7":"product_tag-animais","8":"product_tag-ceramica","9":"pa_motivo-salamandras","11":"first","12":"instock","13":"shipping-taxable","14":"product-type-simple"},"acf":[],"_links":{"self":[{"href":"https:\/\/olemosaic.com\/pt-pt\/wp-json\/wp\/v2\/product\/24258","targetHints":{"allow":["GET"]}}],"collection":[{"href":"https:\/\/olemosaic.com\/pt-pt\/wp-json\/wp\/v2\/product"}],"about":[{"href":"https:\/\/olemosaic.com\/pt-pt\/wp-json\/wp\/v2\/types\/product"}],"wp:featuredmedia":[{"embeddable":true,"href":"https:\/\/olemosaic.com\/pt-pt\/wp-json\/wp\/v2\/media\/8370"}],"wp:attachment":[{"href":"https:\/\/olemosaic.com\/pt-pt\/wp-json\/wp\/v2\/media?parent=24258"}],"wp:term":[{"taxonomy":"product_brand","embeddable":true,"href":"https:\/\/olemosaic.com\/pt-pt\/wp-json\/wp\/v2\/product_brand?post=24258"},{"taxonomy":"product_cat","embeddable":true,"href":"https:\/\/olemosaic.com\/pt-pt\/wp-json\/wp\/v2\/product_cat?post=24258"},{"taxonomy":"product_tag","embeddable":true,"href":"https:\/\/olemosaic.com\/pt-pt\/wp-json\/wp\/v2\/product_tag?post=24258"}],"curies":[{"name":"wp","href":"https:\/\/api.w.org\/{rel}","templated":true}]}}