{"id":24254,"date":"2025-02-20T23:32:00","date_gmt":"2025-02-20T22:32:00","guid":{"rendered":"https:\/\/olemosaic.com\/producto\/iman-em-ceramica-salamandra-e-flores-maiorca-branco\/"},"modified":"2025-02-20T23:32:00","modified_gmt":"2025-02-20T22:32:00","slug":"iman-em-ceramica-salamandra-e-flores-maiorca-branco","status":"publish","type":"product","link":"https:\/\/olemosaic.com\/pt-pt\/produto\/iman-em-ceramica-salamandra-e-flores-maiorca-branco\/","title":{"rendered":"\u00cdman em cer\u00e2mica. Salamandra e flores. Maiorca. Branco."},"content":{"rendered":"<p>Este \u00edman decorativo em cer\u00e2mica representa uma salamandra vibrante emoldurada por uma exuberante explos\u00e3o de flores coloridas, captando a ess\u00eancia de Maiorca em cada detalhe. Com um fundo branco que real\u00e7a o seu atrativo visual, este \u00edman destaca-se pelo seu desenho em mosaico pintado \u00e0 m\u00e3o, onde tons brilhantes de azul, vermelho, amarelo e verde se combinam harmoniosamente, evocando tanto o rico folclore maiorquino como a beleza natural da ilha. A salamandra, s\u00edmbolo da biodiversidade local, aparece numa pose din\u00e2mica, rodeada de flores estilizadas que lhe conferem um toque de frescura e vitalidade. A palavra &#8220;MALLORCA&#8221; est\u00e1 elegantemente impressa na parte inferior, refor\u00e7ando a autenticidade desta lembran\u00e7a.   <\/p>\n<p>Este \u00edman \u00e9 a lembran\u00e7a ideal para os turistas que procuram levar para casa um peda\u00e7o da cultura e da natureza locais. Na Ol\u00e9 Mosaic dedicamo-nos \u00e0 distribui\u00e7\u00e3o de lembran\u00e7as por atacado, e este \u00edman de cer\u00e2mica n\u00e3o \u00e9 apenas um objeto decorativo, mas tamb\u00e9m uma lembran\u00e7a significativa de Maiorca, perfeita para lojas de presentes tur\u00edsticos que desejam oferecer produtos representativos e aut\u00eanticos. Como grossistas de souvenirs, garantimos a qualidade e o valor cultural de cada pe\u00e7a, para que cada cliente encontre neste \u00edman uma excelente representa\u00e7\u00e3o da tradi\u00e7\u00e3o maiorquina.  <\/p>\n","protected":false},"excerpt":{"rendered":"<p>\u00cdman decorativo de cer\u00e2mica que representa uma salamandra vibrante rodeada de flores coloridas, um \u00edcone de Maiorca. Este \u00edman encantador, sobre uma base branca, destaca-se pelo seu desenho em mosaico pintado \u00e0 m\u00e3o com tons vivos de azul, vermelho, amarelo e verde, captando a ess\u00eancia do folclore maiorquino. A palavra &#8220;MALLORCA&#8221; est\u00e1 elegantemente impressa, dando um toque aut\u00eantico a esta lembran\u00e7a ideal para os amantes da ilha.  <\/p>\n","protected":false},"featured_media":8053,"template":"","meta":{"_acf_changed":false},"product_brand":[],"product_cat":[699],"product_tag":[516,515],"class_list":{"0":"post-24254","1":"product","2":"type-product","3":"status-publish","4":"has-post-thumbnail","6":"product_cat-imanes","7":"product_tag-animais","8":"product_tag-ceramica","9":"pa_ciudad-mallorca","10":"pa_motivo-salamandras","11":"pa_pais-espana","13":"first","14":"instock","15":"shipping-taxable","16":"product-type-simple"},"acf":[],"_links":{"self":[{"href":"https:\/\/olemosaic.com\/pt-pt\/wp-json\/wp\/v2\/product\/24254","targetHints":{"allow":["GET"]}}],"collection":[{"href":"https:\/\/olemosaic.com\/pt-pt\/wp-json\/wp\/v2\/product"}],"about":[{"href":"https:\/\/olemosaic.com\/pt-pt\/wp-json\/wp\/v2\/types\/product"}],"wp:featuredmedia":[{"embeddable":true,"href":"https:\/\/olemosaic.com\/pt-pt\/wp-json\/wp\/v2\/media\/8053"}],"wp:attachment":[{"href":"https:\/\/olemosaic.com\/pt-pt\/wp-json\/wp\/v2\/media?parent=24254"}],"wp:term":[{"taxonomy":"product_brand","embeddable":true,"href":"https:\/\/olemosaic.com\/pt-pt\/wp-json\/wp\/v2\/product_brand?post=24254"},{"taxonomy":"product_cat","embeddable":true,"href":"https:\/\/olemosaic.com\/pt-pt\/wp-json\/wp\/v2\/product_cat?post=24254"},{"taxonomy":"product_tag","embeddable":true,"href":"https:\/\/olemosaic.com\/pt-pt\/wp-json\/wp\/v2\/product_tag?post=24254"}],"curies":[{"name":"wp","href":"https:\/\/api.w.org\/{rel}","templated":true}]}}