{"id":24248,"date":"2025-02-20T23:31:58","date_gmt":"2025-02-20T22:31:58","guid":{"rendered":"https:\/\/olemosaic.com\/producto\/iman-de-ceramica-sagrada-familia-gaudi-barcelona-branco\/"},"modified":"2025-02-20T23:31:58","modified_gmt":"2025-02-20T22:31:58","slug":"iman-de-ceramica-sagrada-familia-gaudi-barcelona-branco","status":"publish","type":"product","link":"https:\/\/olemosaic.com\/pt-pt\/produto\/iman-de-ceramica-sagrada-familia-gaudi-barcelona-branco\/","title":{"rendered":"\u00cdman de cer\u00e2mica. Sagrada Fam\u00edlia. Gaud\u00ed. Barcelona. Branco."},"content":{"rendered":"<p>Este \u00edman de cer\u00e2mica de Barcelona \u00e9 uma representa\u00e7\u00e3o vibrante e estilizada da ic\u00f3nica Sagrada Fam\u00edlia, um dos monumentos mais emblem\u00e1ticos da cidade. Com um design que se destaca contra um fundo branco, este \u00edman permite que as cores vivas da bas\u00edlica se destaquem dramaticamente, oferecendo uma vis\u00e3o cativante que capta a ess\u00eancia da arte modernista de Antoni Gaud\u00ed. Na parte inferior do \u00edman, as torres da Sagrada Fam\u00edlia, meticulosamente ilustradas, s\u00e3o adornadas com detalhes em mosaico que evocam a criatividade \u00fanica de Gaud\u00ed, enquanto motivos abstractos rodeiam a imagem, dando-lhe um toque contempor\u00e2neo.  <\/p>\n<p>O texto &#8220;Barcelona&#8221; est\u00e1 claramente impresso na parte superior, assegurando que este \u00edman se tornar\u00e1 uma recorda\u00e7\u00e3o memor\u00e1vel para aqueles que visitaram a cidade. Este souvenir n\u00e3o \u00e9 apenas um objeto decorativo, mas uma pe\u00e7a que personifica a rica hist\u00f3ria e a atra\u00e7\u00e3o cultural de Barcelona, ideal para turistas e amantes da arquitetura. Na Ol\u00e9 MOSAIC somos especialistas na distribui\u00e7\u00e3o grossista de lembran\u00e7as, oferecendo produtos aut\u00eanticos que representam o melhor de Espanha. Este \u00edman, com o seu design atrativo e a sua relev\u00e2ncia cultural, \u00e9 uma excelente op\u00e7\u00e3o para as lojas de lembran\u00e7as tur\u00edsticas que procuram artigos \u00fanicos e representativos, perfeitos para aqueles que querem levar um pedacinho de Barcelona para casa.   <\/p>\n","protected":false},"excerpt":{"rendered":"<p>\u00cdman em cer\u00e2mica com uma forma estilizada, inspirada na ic\u00f3nica Sagrada Fam\u00edlia de Barcelona. Com um fundo branco que real\u00e7a as cores vibrantes utilizadas, o \u00edman apresenta um desenho detalhado das torres da bas\u00edlica, rodeado por motivos abstractos que evocam o estilo de Gaud\u00ed. A palavra &#8220;Barcelona&#8221; est\u00e1 claramente impressa no topo, fazendo deste \u00edman uma lembran\u00e7a perfeita para os amantes da arquitetura e da arte catal\u00e3s.  <\/p>\n","protected":false},"featured_media":9516,"template":"","meta":{"_acf_changed":false},"product_brand":[],"product_cat":[699],"product_tag":[515],"class_list":{"0":"post-24248","1":"product","2":"type-product","3":"status-publish","4":"has-post-thumbnail","6":"product_cat-imanes","7":"product_tag-ceramica","8":"pa_ciudad-barcelona","9":"pa_pais-espana","11":"first","12":"instock","13":"shipping-taxable","14":"product-type-simple"},"acf":[],"_links":{"self":[{"href":"https:\/\/olemosaic.com\/pt-pt\/wp-json\/wp\/v2\/product\/24248","targetHints":{"allow":["GET"]}}],"collection":[{"href":"https:\/\/olemosaic.com\/pt-pt\/wp-json\/wp\/v2\/product"}],"about":[{"href":"https:\/\/olemosaic.com\/pt-pt\/wp-json\/wp\/v2\/types\/product"}],"wp:featuredmedia":[{"embeddable":true,"href":"https:\/\/olemosaic.com\/pt-pt\/wp-json\/wp\/v2\/media\/9516"}],"wp:attachment":[{"href":"https:\/\/olemosaic.com\/pt-pt\/wp-json\/wp\/v2\/media?parent=24248"}],"wp:term":[{"taxonomy":"product_brand","embeddable":true,"href":"https:\/\/olemosaic.com\/pt-pt\/wp-json\/wp\/v2\/product_brand?post=24248"},{"taxonomy":"product_cat","embeddable":true,"href":"https:\/\/olemosaic.com\/pt-pt\/wp-json\/wp\/v2\/product_cat?post=24248"},{"taxonomy":"product_tag","embeddable":true,"href":"https:\/\/olemosaic.com\/pt-pt\/wp-json\/wp\/v2\/product_tag?post=24248"}],"curies":[{"name":"wp","href":"https:\/\/api.w.org\/{rel}","templated":true}]}}