{"id":24241,"date":"2025-02-20T23:31:52","date_gmt":"2025-02-20T22:31:52","guid":{"rendered":"https:\/\/olemosaic.com\/producto\/bola-de-natal-com-caixa-mosaico-barcelona\/"},"modified":"2025-02-20T23:31:52","modified_gmt":"2025-02-20T22:31:52","slug":"bola-de-natal-com-caixa-mosaico-barcelona","status":"publish","type":"product","link":"https:\/\/olemosaic.com\/pt-pt\/produto\/bola-de-natal-com-caixa-mosaico-barcelona\/","title":{"rendered":"Bola de Natal com caixa. Mosaico. Barcelona."},"content":{"rendered":"<p>Esta lembran\u00e7a encantadora, uma bola de Natal decorativa com caixa, \u00e9 inspirada na arte do mosaico e capta a ess\u00eancia do patrim\u00f3nio cultural de Espanha. Este ornamento vibrante apresenta um design colorido que combina azuis, laranjas e tons de terra, imitando os padr\u00f5es tradicionais de cer\u00e2mica dos azulejos andaluzes. Cada detalhe da bola evoca a riqueza art\u00edstica da regi\u00e3o, reflectindo a criatividade e a habilidade dos artes\u00e3os locais que t\u00eam vindo a aperfei\u00e7oar o seu of\u00edcio h\u00e1 gera\u00e7\u00f5es.  <\/p>\n<p>A bola est\u00e1 pendurada numa fita vermelha festiva, que n\u00e3o s\u00f3 lhe d\u00e1 um toque de eleg\u00e2ncia, como tamb\u00e9m inclui inscri\u00e7\u00f5es de Natal, tornando-a um presente ideal para celebrar a \u00e9poca festiva. A utiliza\u00e7\u00e3o de padr\u00f5es de mosaico n\u00e3o s\u00f3 a torna um belo ornamento para a \u00e1rvore, como tamb\u00e9m simboliza a arte decorativa t\u00edpica de zonas como Granada e Sevilha, onde os mosaicos contam hist\u00f3rias da hist\u00f3ria e da cultura espanholas. <\/p>\n<p>Na Ol\u00e9 MOSAIC somos especialistas na distribui\u00e7\u00e3o de lembran\u00e7as por grosso, e esta bola de Natal \u00e9 uma excelente op\u00e7\u00e3o para aquelas lojas que procuram oferecer produtos aut\u00eanticos e representativos da tradi\u00e7\u00e3o espanhola. Perfeita para os amantes do artesanato e das decora\u00e7\u00f5es de Natal, esta bola \u00e9 uma pe\u00e7a \u00fanica que d\u00e1 um toque cultural e alegre a qualquer celebra\u00e7\u00e3o. <\/p>\n","protected":false},"excerpt":{"rendered":"<p>Bola de Natal decorativa com caixa, inspirada na arte do mosaico. Este encantador ornamento apresenta um design colorido que combina azuis, laranjas e tons de terra, imitando os padr\u00f5es tradicionais da cer\u00e2mica. Acompanhada de uma fita vermelha com inscri\u00e7\u00f5es festivas, a bola \u00e9 perfeita para decorar a \u00e1rvore e dar um toque cultural e alegre \u00e0s celebra\u00e7\u00f5es. Ideal para os amantes do artesanato e das decora\u00e7\u00f5es de Natal.   <\/p>\n","protected":false},"featured_media":9830,"template":"","meta":{"_acf_changed":false},"product_brand":[],"product_cat":[652],"product_tag":[642],"class_list":{"0":"post-24241","1":"product","2":"type-product","3":"status-publish","4":"has-post-thumbnail","6":"product_cat-bolas-de-natal","7":"product_tag-natal","8":"pa_motivo-mosaico","10":"first","11":"instock","12":"shipping-taxable","13":"product-type-simple"},"acf":[],"_links":{"self":[{"href":"https:\/\/olemosaic.com\/pt-pt\/wp-json\/wp\/v2\/product\/24241","targetHints":{"allow":["GET"]}}],"collection":[{"href":"https:\/\/olemosaic.com\/pt-pt\/wp-json\/wp\/v2\/product"}],"about":[{"href":"https:\/\/olemosaic.com\/pt-pt\/wp-json\/wp\/v2\/types\/product"}],"wp:featuredmedia":[{"embeddable":true,"href":"https:\/\/olemosaic.com\/pt-pt\/wp-json\/wp\/v2\/media\/9830"}],"wp:attachment":[{"href":"https:\/\/olemosaic.com\/pt-pt\/wp-json\/wp\/v2\/media?parent=24241"}],"wp:term":[{"taxonomy":"product_brand","embeddable":true,"href":"https:\/\/olemosaic.com\/pt-pt\/wp-json\/wp\/v2\/product_brand?post=24241"},{"taxonomy":"product_cat","embeddable":true,"href":"https:\/\/olemosaic.com\/pt-pt\/wp-json\/wp\/v2\/product_cat?post=24241"},{"taxonomy":"product_tag","embeddable":true,"href":"https:\/\/olemosaic.com\/pt-pt\/wp-json\/wp\/v2\/product_tag?post=24241"}],"curies":[{"name":"wp","href":"https:\/\/api.w.org\/{rel}","templated":true}]}}