{"id":24228,"date":"2025-02-20T23:31:59","date_gmt":"2025-02-20T22:31:59","guid":{"rendered":"https:\/\/olemosaic.com\/producto\/iman-em-ceramica-salamandra-e-flores-branco\/"},"modified":"2025-11-21T13:21:54","modified_gmt":"2025-11-21T12:21:54","slug":"iman-em-ceramica-salamandra-e-flores-branco","status":"publish","type":"product","link":"https:\/\/olemosaic.com\/pt-pt\/produto\/iman-em-ceramica-salamandra-e-flores-branco\/","title":{"rendered":"\u00cdman em cer\u00e2mica. Salamandra e flores. Branco."},"content":{"rendered":"<p>Este \u00edman de cer\u00e2mica, decorado com uma alegre salamandra, \u00e9 uma verdadeira homenagem ao estilo de mosaico colorido do c\u00e9lebre arquiteto Antoni Gaud\u00ed, um s\u00edmbolo do modernismo catal\u00e3o. Sobre um fundo branco luminoso, o \u00edman apresenta um desenho pintado \u00e0 m\u00e3o que se destaca pela sua paleta de cores vibrantes, com tons amarelos, vermelhos e verdes que evocam a vitalidade e a criatividade da arquitetura de Barcelona. A salamandra, um motivo recorrente na obra de Gaud\u00ed, simboliza a liga\u00e7\u00e3o entre a natureza e a arte, enquanto os delicados motivos florais que a acompanham lhe conferem um toque de frescura e eleg\u00e2ncia.  <\/p>\n<p>Este \u00edman n\u00e3o \u00e9 apenas um acess\u00f3rio decorativo que embeleza qualquer superf\u00edcie met\u00e1lica da tua casa, mas tamb\u00e9m uma lembran\u00e7a cultural representativa de Barcelona, ideal para aqueles que querem levar para casa um pedacinho da rica hist\u00f3ria art\u00edstica da cidade. Na Ol\u00e9 Mosaic dedicamo-nos \u00e0 distribui\u00e7\u00e3o de lembran\u00e7as de qualidade, e este \u00edman de cer\u00e2mica \u00e9 uma excelente op\u00e7\u00e3o para as lojas de presentes tur\u00edsticos que procuram oferecer produtos aut\u00eanticos e significativos. A sua relev\u00e2ncia cultural e o seu design requintado fazem dele uma lembran\u00e7a inesquec\u00edvel, perfeita para aqueles que valorizam o artesanato e a arte nas suas lembran\u00e7as de viagem. Como grossista de lembran\u00e7as, garantimos que cada pe\u00e7a que oferecemos reflecte a rica tradi\u00e7\u00e3o cultural de Espanha.   <\/p>\n","protected":false},"excerpt":{"rendered":"<p>\u00cdman de cer\u00e2mica decorado com uma salamandra alegre e motivos florais, evocando o estilo de mosaico colorido do famoso arquiteto Antoni Gaud\u00ed. Este \u00edman, com um fundo branco, apresenta um desenho artesanal pintado \u00e0 m\u00e3o que combina cores vibrantes como o amarelo, o vermelho e o verde, evocando o esp\u00edrito criativo da arquitetura modernista de Barcelona. Ideal para dar um toque art\u00edstico e cultural a qualquer superf\u00edcie met\u00e1lica da tua casa.  <\/p>\n","protected":false},"featured_media":8371,"template":"","meta":{"_acf_changed":false},"product_brand":[],"product_cat":[699],"product_tag":[516,515],"class_list":{"0":"post-24228","1":"product","2":"type-product","3":"status-publish","4":"has-post-thumbnail","6":"product_cat-imanes","7":"product_tag-animais","8":"product_tag-ceramica","9":"pa_motivo-salamandras","11":"first","12":"instock","13":"shipping-taxable","14":"product-type-simple"},"acf":[],"_links":{"self":[{"href":"https:\/\/olemosaic.com\/pt-pt\/wp-json\/wp\/v2\/product\/24228","targetHints":{"allow":["GET"]}}],"collection":[{"href":"https:\/\/olemosaic.com\/pt-pt\/wp-json\/wp\/v2\/product"}],"about":[{"href":"https:\/\/olemosaic.com\/pt-pt\/wp-json\/wp\/v2\/types\/product"}],"wp:featuredmedia":[{"embeddable":true,"href":"https:\/\/olemosaic.com\/pt-pt\/wp-json\/wp\/v2\/media\/8371"}],"wp:attachment":[{"href":"https:\/\/olemosaic.com\/pt-pt\/wp-json\/wp\/v2\/media?parent=24228"}],"wp:term":[{"taxonomy":"product_brand","embeddable":true,"href":"https:\/\/olemosaic.com\/pt-pt\/wp-json\/wp\/v2\/product_brand?post=24228"},{"taxonomy":"product_cat","embeddable":true,"href":"https:\/\/olemosaic.com\/pt-pt\/wp-json\/wp\/v2\/product_cat?post=24228"},{"taxonomy":"product_tag","embeddable":true,"href":"https:\/\/olemosaic.com\/pt-pt\/wp-json\/wp\/v2\/product_tag?post=24228"}],"curies":[{"name":"wp","href":"https:\/\/api.w.org\/{rel}","templated":true}]}}