{"id":24221,"date":"2025-02-20T23:31:59","date_gmt":"2025-02-20T22:31:59","guid":{"rendered":"https:\/\/olemosaic.com\/producto\/iman-de-ceramica-touro-madrid-branco\/"},"modified":"2025-11-21T13:21:49","modified_gmt":"2025-11-21T12:21:49","slug":"iman-de-ceramica-touro-madrid-branco","status":"publish","type":"product","link":"https:\/\/olemosaic.com\/pt-pt\/produto\/iman-de-ceramica-touro-madrid-branco\/","title":{"rendered":"\u00cdman de cer\u00e2mica. Touro. Madrid. Branco."},"content":{"rendered":"<p>Este \u00edman de cer\u00e2mica, decorado com um touro vibrante, \u00e9 um s\u00edmbolo aut\u00eantico de Madrid, concebido para captar a ess\u00eancia din\u00e2mica e cultural da capital espanhola. O \u00edman apresenta um design colorido com tons vivos e formas geom\u00e9tricas, representando a for\u00e7a e a beleza do ic\u00f3nico touro espanhol. Com um fundo branco que real\u00e7a o motivo central, o produto \u00e9 enriquecido por uma paisagem de flores vermelhas que d\u00e3o um toque de frescura e vibra\u00e7\u00e3o, bem como por um sol estilizado que ilumina a composi\u00e7\u00e3o.  <\/p>\n<p>A inscri\u00e7\u00e3o &#8220;MADRID&#8221; na parte superior do \u00edman torna-o uma recorda\u00e7\u00e3o perfeita para comemorar uma visita \u00e0 capital. Cada \u00edman \u00e9 pintado \u00e0 m\u00e3o, o que garante que cada pe\u00e7a \u00e9 \u00fanica, sublinhando a sua autenticidade como lembran\u00e7a representativa de Madrid. Esta obra de artesanato n\u00e3o \u00e9 apenas uma simples lembran\u00e7a, mas uma magn\u00edfica representa\u00e7\u00e3o do folclore e da cultura espanhola, ligada \u00e0 tradi\u00e7\u00e3o das touradas, t\u00e3o relevante na regi\u00e3o.  <\/p>\n<p>Na Ol\u00e9 Mosaic dedicamo-nos \u00e0 distribui\u00e7\u00e3o de lembran\u00e7as por grosso, oferecendo produtos como este \u00edman de cer\u00e2mica, ideal para turistas e lojas de presentes que procuram lembran\u00e7as aut\u00eanticas de Madrid. Este \u00edman n\u00e3o s\u00f3 embelezar\u00e1 qualquer frigor\u00edfico, como tamb\u00e9m evocar\u00e1 o esp\u00edrito vibrante da capital espanhola, tornando-se uma \u00f3ptima escolha para aqueles que desejam levar um peda\u00e7o de Madrid para casa. <\/p>\n","protected":false},"excerpt":{"rendered":"<p>\u00cdman de cer\u00e2mica decorado com um touro vibrante, o s\u00edmbolo ic\u00f3nico de Madrid. Este \u00edman destaca-se pelo seu design colorido com tons vivos e formas geom\u00e9tricas, sobre um fundo branco que real\u00e7a o motivo principal. Apresenta tamb\u00e9m uma paisagem de flores vermelhas e um sol estilizado, tudo pintado \u00e0 m\u00e3o. A palavra &#8220;MADRID&#8221; est\u00e1 impressa na parte superior, dando um toque distinto a esta lembran\u00e7a que capta a ess\u00eancia cultural da cidade.   <\/p>\n","protected":false},"featured_media":8616,"template":"","meta":{"_acf_changed":false},"product_brand":[],"product_cat":[699],"product_tag":[516,515],"class_list":{"0":"post-24221","1":"product","2":"type-product","3":"status-publish","4":"has-post-thumbnail","6":"product_cat-imanes","7":"product_tag-animais","8":"product_tag-ceramica","9":"pa_ciudad-madrid","10":"pa_motivo-touros","11":"pa_pais-espana","13":"first","14":"instock","15":"shipping-taxable","16":"product-type-simple"},"acf":[],"_links":{"self":[{"href":"https:\/\/olemosaic.com\/pt-pt\/wp-json\/wp\/v2\/product\/24221","targetHints":{"allow":["GET"]}}],"collection":[{"href":"https:\/\/olemosaic.com\/pt-pt\/wp-json\/wp\/v2\/product"}],"about":[{"href":"https:\/\/olemosaic.com\/pt-pt\/wp-json\/wp\/v2\/types\/product"}],"wp:featuredmedia":[{"embeddable":true,"href":"https:\/\/olemosaic.com\/pt-pt\/wp-json\/wp\/v2\/media\/8616"}],"wp:attachment":[{"href":"https:\/\/olemosaic.com\/pt-pt\/wp-json\/wp\/v2\/media?parent=24221"}],"wp:term":[{"taxonomy":"product_brand","embeddable":true,"href":"https:\/\/olemosaic.com\/pt-pt\/wp-json\/wp\/v2\/product_brand?post=24221"},{"taxonomy":"product_cat","embeddable":true,"href":"https:\/\/olemosaic.com\/pt-pt\/wp-json\/wp\/v2\/product_cat?post=24221"},{"taxonomy":"product_tag","embeddable":true,"href":"https:\/\/olemosaic.com\/pt-pt\/wp-json\/wp\/v2\/product_tag?post=24221"}],"curies":[{"name":"wp","href":"https:\/\/api.w.org\/{rel}","templated":true}]}}