{"id":24209,"date":"2025-02-20T23:31:50","date_gmt":"2025-02-20T22:31:50","guid":{"rendered":"https:\/\/olemosaic.com\/producto\/prato-de-ceramica-de-10-cm-flores-branco\/"},"modified":"2025-02-20T23:31:50","modified_gmt":"2025-02-20T22:31:50","slug":"prato-de-ceramica-de-10-cm-flores-branco","status":"publish","type":"product","link":"https:\/\/olemosaic.com\/pt-pt\/produto\/prato-de-ceramica-de-10-cm-flores-branco\/","title":{"rendered":"Prato de cer\u00e2mica de 10 cm. Flores. Branco."},"content":{"rendered":"<p>Este encantador prato de cer\u00e2mica de 10 cm \u00e9 uma verdadeira joia decorativa que capta a ess\u00eancia do folclore espanhol. O seu desenho floral vibrante, que combina cores como o vermelho, o amarelo, o azul e o verde, destaca-se contra um fundo branco, criando um efeito visual cativante. O intrincado detalhe do mosaico n\u00e3o s\u00f3 acrescenta um toque art\u00edstico, como tamb\u00e9m simboliza a rica tradi\u00e7\u00e3o do artesanato em Espanha. Este prato pintado \u00e0 m\u00e3o representa a alegria e o esp\u00edrito festivo da cultura mediterr\u00e2nica.   <\/p>\n<p>Ideal para uso decorativo ou pr\u00e1tico, este prato \u00e9 uma excelente lembran\u00e7a que evoca as paisagens florais t\u00edpicas das regi\u00f5es espanholas, celebrando a heran\u00e7a cultural em cada utiliza\u00e7\u00e3o. Perfeito para expor em qualquer casa, o seu design marcante e colorido \u00e9 um excelente ponto focal em mesas, prateleiras ou como parte de uma cole\u00e7\u00e3o. Na Ol\u00e9 Mosaic, orgulhamo-nos de oferecer lembran\u00e7as de cer\u00e2mica aut\u00eanticas que destacam a diversidade e a arte de Espanha. Este prato de flores \u00e9 uma escolha ideal para lojas de recorda\u00e7\u00f5es tur\u00edsticas que procuram atrair turistas interessados em produtos aut\u00eanticos e representativos. Como distribuidor grossista de lembran\u00e7as, garantimos-te a qualidade e o valor acrescentado de uma lembran\u00e7a cultural indel\u00e9vel.    <\/p>\n","protected":false},"excerpt":{"rendered":"<p>Prato de cer\u00e2mica de 10 cm com um design floral vibrante com cores vermelhas, amarelas, azuis e verdes. Este prato encantador, decorado com um padr\u00e3o de mosaico intrincado, apresenta uma base branca que real\u00e7a os motivos florais e \u00e9 ideal para uso decorativo ou pr\u00e1tico em qualquer casa. Com o seu acabamento artesanal pintado \u00e0 m\u00e3o, capta a ess\u00eancia alegre do folclore espanhol, tornando-o uma excelente recorda\u00e7\u00e3o que celebra a tradi\u00e7\u00e3o do artesanato.  <\/p>\n","protected":false},"featured_media":9017,"template":"","meta":{"_acf_changed":false},"product_brand":[],"product_cat":[629],"product_tag":[515],"class_list":{"0":"post-24209","1":"product","2":"type-product","3":"status-publish","4":"has-post-thumbnail","6":"product_cat-pratos-decorativos","7":"product_tag-ceramica","8":"pa_motivo-flores","10":"first","11":"instock","12":"shipping-taxable","13":"product-type-simple"},"acf":[],"_links":{"self":[{"href":"https:\/\/olemosaic.com\/pt-pt\/wp-json\/wp\/v2\/product\/24209","targetHints":{"allow":["GET"]}}],"collection":[{"href":"https:\/\/olemosaic.com\/pt-pt\/wp-json\/wp\/v2\/product"}],"about":[{"href":"https:\/\/olemosaic.com\/pt-pt\/wp-json\/wp\/v2\/types\/product"}],"wp:featuredmedia":[{"embeddable":true,"href":"https:\/\/olemosaic.com\/pt-pt\/wp-json\/wp\/v2\/media\/9017"}],"wp:attachment":[{"href":"https:\/\/olemosaic.com\/pt-pt\/wp-json\/wp\/v2\/media?parent=24209"}],"wp:term":[{"taxonomy":"product_brand","embeddable":true,"href":"https:\/\/olemosaic.com\/pt-pt\/wp-json\/wp\/v2\/product_brand?post=24209"},{"taxonomy":"product_cat","embeddable":true,"href":"https:\/\/olemosaic.com\/pt-pt\/wp-json\/wp\/v2\/product_cat?post=24209"},{"taxonomy":"product_tag","embeddable":true,"href":"https:\/\/olemosaic.com\/pt-pt\/wp-json\/wp\/v2\/product_tag?post=24209"}],"curies":[{"name":"wp","href":"https:\/\/api.w.org\/{rel}","templated":true}]}}