{"id":24202,"date":"2025-02-20T23:31:54","date_gmt":"2025-02-20T22:31:54","guid":{"rendered":"https:\/\/olemosaic.com\/producto\/taca-de-coco-castanha-pega-na-mao\/"},"modified":"2025-11-21T13:21:35","modified_gmt":"2025-11-21T12:21:35","slug":"taca-de-coco-castanha-pega-na-mao","status":"publish","type":"product","link":"https:\/\/olemosaic.com\/pt-pt\/produto\/taca-de-coco-castanha-pega-na-mao\/","title":{"rendered":"Ta\u00e7a de coco castanha. Pega na m\u00e3o."},"content":{"rendered":"<p>Esta ta\u00e7a de coco castanha \u00fanica, uma aut\u00eantica obra de arte feita \u00e0 m\u00e3o, \u00e9 ideal para quem procura uma recorda\u00e7\u00e3o genu\u00edna e representativa. O seu interior dourado brilha intensamente, real\u00e7ando a beleza natural do coco e dando um toque de eleg\u00e2ncia a qualquer espa\u00e7o. Com um design muito especial, o centro da ta\u00e7a apresenta a ilustra\u00e7\u00e3o da m\u00e3o de F\u00e1tima, s\u00edmbolo de prote\u00e7\u00e3o e boa sorte, pintada numa cor castanha profunda que contrasta na perfei\u00e7\u00e3o com o acabamento dourado da superf\u00edcie. A textura brilhante e delicada da ta\u00e7a torna-a um elemento decorativo atrativo, perfeito para expor em prateleiras ou mesas de centro.   <\/p>\n<p>Cada ta\u00e7a \u00e9 \u00fanica, resultado de um trabalho artesanal meticuloso que funde tradi\u00e7\u00e3o e estilo contempor\u00e2neo. Evocando as ricas tradi\u00e7\u00f5es culturais da regi\u00e3o, esta lembran\u00e7a \u00e9 um excelente presente para aqueles que desejam levar para casa um peda\u00e7o da cultura local. Na Ol\u00e9 Mosaic, orgulhamo-nos de ser um distribuidor grossista de lembran\u00e7as que oferece produtos aut\u00eanticos e de qualidade, como esta ta\u00e7a de coco castanha, que entusiasmar\u00e1 turistas e coleccionadores. Com a sua dupla fun\u00e7\u00e3o, ideal tanto para decorar como para guardar pequenos objectos, esta ta\u00e7a \u00e9 a escolha perfeita para as lojas de lembran\u00e7as tur\u00edsticas que procuram alargar a sua gama de produtos.   <\/p>\n","protected":false},"excerpt":{"rendered":"<p>Ta\u00e7a de coco castanha feita \u00e0 m\u00e3o com um interior dourado que real\u00e7a a sua beleza natural. Esta ta\u00e7a \u00fanica apresenta um design muito especial com a ilustra\u00e7\u00e3o da m\u00e3o de F\u00e1tima, s\u00edmbolo de prote\u00e7\u00e3o, num tom castanho escuro. A superf\u00edcie dourada tem um acabamento brilhante e texturado, ideal para decora\u00e7\u00e3o ou para guardar pequenos objectos. O seu fabrico artesanal garante um produto \u00fanico, que alia a tradi\u00e7\u00e3o ao estilo contempor\u00e2neo.   <\/p>\n","protected":false},"featured_media":13432,"template":"","meta":{"_acf_changed":false},"product_brand":[],"product_cat":[513],"product_tag":[],"class_list":{"0":"post-24202","1":"product","2":"type-product","3":"status-publish","4":"has-post-thumbnail","6":"product_cat-bols","7":"pa_motivo-maos","9":"first","10":"instock","11":"shipping-taxable","12":"product-type-simple"},"acf":[],"_links":{"self":[{"href":"https:\/\/olemosaic.com\/pt-pt\/wp-json\/wp\/v2\/product\/24202","targetHints":{"allow":["GET"]}}],"collection":[{"href":"https:\/\/olemosaic.com\/pt-pt\/wp-json\/wp\/v2\/product"}],"about":[{"href":"https:\/\/olemosaic.com\/pt-pt\/wp-json\/wp\/v2\/types\/product"}],"wp:featuredmedia":[{"embeddable":true,"href":"https:\/\/olemosaic.com\/pt-pt\/wp-json\/wp\/v2\/media\/13432"}],"wp:attachment":[{"href":"https:\/\/olemosaic.com\/pt-pt\/wp-json\/wp\/v2\/media?parent=24202"}],"wp:term":[{"taxonomy":"product_brand","embeddable":true,"href":"https:\/\/olemosaic.com\/pt-pt\/wp-json\/wp\/v2\/product_brand?post=24202"},{"taxonomy":"product_cat","embeddable":true,"href":"https:\/\/olemosaic.com\/pt-pt\/wp-json\/wp\/v2\/product_cat?post=24202"},{"taxonomy":"product_tag","embeddable":true,"href":"https:\/\/olemosaic.com\/pt-pt\/wp-json\/wp\/v2\/product_tag?post=24202"}],"curies":[{"name":"wp","href":"https:\/\/api.w.org\/{rel}","templated":true}]}}