{"id":24197,"date":"2025-02-20T22:31:53","date_gmt":"2025-02-20T22:31:53","guid":{"rendered":"https:\/\/olemosaic.com\/producto\/touro-figura-de-ceramica-de-32-cm-vermelho-esmaltada\/"},"modified":"2025-02-20T22:31:53","modified_gmt":"2025-02-20T21:31:53","slug":"touro-figura-de-ceramica-de-32-cm-vermelho-esmaltada","status":"publish","type":"product","link":"https:\/\/olemosaic.com\/pt-pt\/produto\/touro-figura-de-ceramica-de-32-cm-vermelho-esmaltada\/","title":{"rendered":"Touro. Figura de cer\u00e2mica de 32 cm. Vermelho. Esmaltada."},"content":{"rendered":"<p>Este espetacular touro de cer\u00e2mica \u00e9 um aut\u00eantico s\u00edmbolo da cultura espanhola, com um design vibrante e din\u00e2mico que capta a ess\u00eancia do folclore espanhol. Com 32 cm de altura, a figura apresenta um acabamento vermelho vivo que real\u00e7a a sua energia e car\u00e1cter l\u00fadico, um elemento distintivo que se destacar\u00e1 em qualquer ambiente. O seu esmalte liso n\u00e3o s\u00f3 acrescenta um toque de eleg\u00e2ncia, como tamb\u00e9m acentua a textura e os detalhes estilizados da figura, criando uma representa\u00e7\u00e3o \u00fanica da for\u00e7a e da tradi\u00e7\u00e3o que o touro representa na cultura hisp\u00e2nica.  <\/p>\n<p>Este touro n\u00e3o \u00e9 apenas um objeto decorativo, mas tamb\u00e9m uma importante recorda\u00e7\u00e3o de Espanha, reflectindo a paix\u00e3o e a arte que caracterizam o pa\u00eds. A sua representa\u00e7\u00e3o evoca a festa popular das touradas, uma tradi\u00e7\u00e3o enraizada na hist\u00f3ria cultural de Espanha. Perfeita como recorda\u00e7\u00e3o ou pe\u00e7a de cole\u00e7\u00e3o, esta pe\u00e7a Ol\u00e9 Mosaic \u00e9 ideal para turistas e amantes da cultura que procuram uma representa\u00e7\u00e3o aut\u00eantica e bela do patrim\u00f3nio espanhol.  <\/p>\n<p>Como grossista de lembran\u00e7as, garantimos que cada pe\u00e7a da nossa cole\u00e7\u00e3o, como este imponente touro, se distingue pela sua autenticidade e qualidade, o que a torna uma excelente escolha para as lojas de lembran\u00e7as tur\u00edsticas que desejam oferecer lembran\u00e7as significativas aos seus clientes.<\/p>\n","protected":false},"excerpt":{"rendered":"<p>Figura de cer\u00e2mica de um touro de 32 cm, com um acabamento vermelho vibrante e um esmalte suave que real\u00e7a o seu desenho. Este s\u00edmbolo ic\u00f3nico da cultura espanhola representa a for\u00e7a e a tradi\u00e7\u00e3o, sendo um elemento distintivo do folclore espanhol. A figura apresenta pormenores estilizados que acentuam a sua forma din\u00e2mica, tornando-a um atrativo decorativo ideal para qualquer ambiente. Ideal como lembran\u00e7a ou pe\u00e7a de cole\u00e7\u00e3o.   <\/p>\n","protected":false},"featured_media":7445,"template":"","meta":{"_acf_changed":false},"product_brand":[],"product_cat":[552],"product_tag":[516,515],"class_list":{"0":"post-24197","1":"product","2":"type-product","3":"status-publish","4":"has-post-thumbnail","6":"product_cat-numeros","7":"product_tag-animais","8":"product_tag-ceramica","9":"pa_motivo-touros","11":"first","12":"instock","13":"shipping-taxable","14":"product-type-simple"},"acf":[],"_links":{"self":[{"href":"https:\/\/olemosaic.com\/pt-pt\/wp-json\/wp\/v2\/product\/24197","targetHints":{"allow":["GET"]}}],"collection":[{"href":"https:\/\/olemosaic.com\/pt-pt\/wp-json\/wp\/v2\/product"}],"about":[{"href":"https:\/\/olemosaic.com\/pt-pt\/wp-json\/wp\/v2\/types\/product"}],"wp:featuredmedia":[{"embeddable":true,"href":"https:\/\/olemosaic.com\/pt-pt\/wp-json\/wp\/v2\/media\/7445"}],"wp:attachment":[{"href":"https:\/\/olemosaic.com\/pt-pt\/wp-json\/wp\/v2\/media?parent=24197"}],"wp:term":[{"taxonomy":"product_brand","embeddable":true,"href":"https:\/\/olemosaic.com\/pt-pt\/wp-json\/wp\/v2\/product_brand?post=24197"},{"taxonomy":"product_cat","embeddable":true,"href":"https:\/\/olemosaic.com\/pt-pt\/wp-json\/wp\/v2\/product_cat?post=24197"},{"taxonomy":"product_tag","embeddable":true,"href":"https:\/\/olemosaic.com\/pt-pt\/wp-json\/wp\/v2\/product_tag?post=24197"}],"curies":[{"name":"wp","href":"https:\/\/api.w.org\/{rel}","templated":true}]}}