{"id":24191,"date":"2025-02-20T22:31:53","date_gmt":"2025-02-20T22:31:53","guid":{"rendered":"https:\/\/olemosaic.com\/producto\/capa-para-telemovel-para-iphone-11-promax-tpu-salamandra-compra-em-barcelona-branco\/"},"modified":"2025-02-20T22:31:53","modified_gmt":"2025-02-20T21:31:53","slug":"capa-para-telemovel-para-iphone-11-promax-tpu-salamandra-compra-em-barcelona-branco","status":"publish","type":"product","link":"https:\/\/olemosaic.com\/pt-pt\/produto\/capa-para-telemovel-para-iphone-11-promax-tpu-salamandra-compra-em-barcelona-branco\/","title":{"rendered":"Capa para telem\u00f3vel para iPhone 11 Promax (TPU). Salamandra. Compra em Barcelona.   Branco"},"content":{"rendered":"<p>Esta capa TPU para iPhone 11 Pro Max \u00e9 a escolha perfeita para os amantes da arte e da cultura de Barcelona. Combina estilo e funcionalidade, com uma ilustra\u00e7\u00e3o vibrante de salamandras e flores, inspirada no famoso mosaico de Gaud\u00ed, um dos \u00edcones mais representativos da cidade. O design apresenta pormenores coloridos em azul, vermelho e verde que d\u00e3o vida \u00e0 imagem, sobre um fundo branco que real\u00e7a a frescura e a energia dos elementos visuais.  <\/p>\n<p>A disposi\u00e7\u00e3o art\u00edstica das salamandras, juntamente com as delicadas flores, evoca a natureza exuberante de Barcelona, enquanto o texto &#8220;Barcelona&#8221; acrescenta um toque distintivo que capta a ess\u00eancia desta cidade encantadora. Cada capa n\u00e3o s\u00f3 oferece uma prote\u00e7\u00e3o \u00f3ptima para o dispositivo, como tamb\u00e9m serve de recorda\u00e7\u00e3o art\u00edstica do rico patrim\u00f3nio cultural local. <\/p>\n<p>Na Ol\u00e9 MOSAIC oferecemos-te esta mala como parte da nossa sele\u00e7\u00e3o de lembran\u00e7as aut\u00eanticas de Barcelona, ideal para lojas de presentes tur\u00edsticos que procuram produtos inovadores e de qualidade. Esta lembran\u00e7a \u00e9 uma excelente ideia para os visitantes de Barcelona, e tamb\u00e9m um s\u00edmbolo da arte e do design \u00fanicos que caracterizam esta cidade, assegurando que cada compra \u00e9 uma lembran\u00e7a memor\u00e1vel. <\/p>\n","protected":false},"excerpt":{"rendered":"<p>Capa de telem\u00f3vel em TPU para iPhone 11 Pro Max, adornada com uma ilustra\u00e7\u00e3o vibrante de salamandras e flores. Este design, inspirado no famoso mosaico de Barcelona de Gaud\u00ed, apresenta detalhes em cores vivas, como azul, vermelho e verde, sobre um fundo branco. O texto &#8220;Barcelona&#8221; acrescenta um toque distintivo, captando a ess\u00eancia art\u00edstica da cidade. Ideal para quem procura estilo e prote\u00e7\u00e3o para o seu dispositivo.   <\/p>\n","protected":false},"featured_media":12195,"template":"","meta":{"_acf_changed":false},"product_brand":[],"product_cat":[685],"product_tag":[516],"class_list":{"0":"post-24191","1":"product","2":"type-product","3":"status-publish","4":"has-post-thumbnail","6":"product_cat-capas-para-telemoveis","7":"product_tag-animais","8":"pa_ciudad-barcelona","9":"pa_motivo-salamandras","10":"pa_pais-espana","12":"first","13":"instock","14":"shipping-taxable","15":"product-type-simple"},"acf":[],"_links":{"self":[{"href":"https:\/\/olemosaic.com\/pt-pt\/wp-json\/wp\/v2\/product\/24191","targetHints":{"allow":["GET"]}}],"collection":[{"href":"https:\/\/olemosaic.com\/pt-pt\/wp-json\/wp\/v2\/product"}],"about":[{"href":"https:\/\/olemosaic.com\/pt-pt\/wp-json\/wp\/v2\/types\/product"}],"wp:featuredmedia":[{"embeddable":true,"href":"https:\/\/olemosaic.com\/pt-pt\/wp-json\/wp\/v2\/media\/12195"}],"wp:attachment":[{"href":"https:\/\/olemosaic.com\/pt-pt\/wp-json\/wp\/v2\/media?parent=24191"}],"wp:term":[{"taxonomy":"product_brand","embeddable":true,"href":"https:\/\/olemosaic.com\/pt-pt\/wp-json\/wp\/v2\/product_brand?post=24191"},{"taxonomy":"product_cat","embeddable":true,"href":"https:\/\/olemosaic.com\/pt-pt\/wp-json\/wp\/v2\/product_cat?post=24191"},{"taxonomy":"product_tag","embeddable":true,"href":"https:\/\/olemosaic.com\/pt-pt\/wp-json\/wp\/v2\/product_tag?post=24191"}],"curies":[{"name":"wp","href":"https:\/\/api.w.org\/{rel}","templated":true}]}}