{"id":24175,"date":"2025-02-20T23:32:00","date_gmt":"2025-02-20T22:32:00","guid":{"rendered":"https:\/\/olemosaic.com\/producto\/iman-em-ceramica-flores-varias-cores-branco\/"},"modified":"2025-11-21T13:21:00","modified_gmt":"2025-11-21T12:21:00","slug":"iman-em-ceramica-flores-varias-cores-branco","status":"publish","type":"product","link":"https:\/\/olemosaic.com\/pt-pt\/produto\/iman-em-ceramica-flores-varias-cores-branco\/","title":{"rendered":"\u00cdman em cer\u00e2mica. Flores. V\u00e1rias cores. Branco."},"content":{"rendered":"<p>Este \u00edman decorativo em cer\u00e2mica \u00e9 uma verdadeira obra de arte, inspirada na vibrante tradi\u00e7\u00e3o espanhola do mosaico. Apresenta um design cativante com uma base branca que real\u00e7a as flores coloridas de efeito pintado \u00e0 m\u00e3o em tons vivos de vermelho, amarelo, azul e preto, criando um contraste visual atraente. A sua forma \u00fanica, que lembra uma pequena paleta, e o trabalho meticuloso de cada p\u00e9tala e detalhe, tornam-na n\u00e3o s\u00f3 funcional, mas tamb\u00e9m esteticamente deslumbrante.  <\/p>\n<p>Ideal para decorar qualquer frigor\u00edfico ou superf\u00edcie met\u00e1lica, este \u00edman d\u00e1 um toque de cor e alegria \u00e0 tua casa, al\u00e9m de evocar a rica cultura e arte do folclore espanhol. A sua autenticidade faz com que seja uma lembran\u00e7a perfeita para aqueles que procuram levar um pouco da tradi\u00e7\u00e3o espanhola para casa ap\u00f3s a sua visita, bem como um presente ideal para amigos e familiares. Na Ol\u00e9 Mosaic, dedicamo-nos \u00e0 distribui\u00e7\u00e3o de lembran\u00e7as por grosso, e este \u00edman de cer\u00e2mica destaca-se pela sua qualidade e liga\u00e7\u00e3o cultural. \u00c9, sem d\u00favida, uma excelente op\u00e7\u00e3o para as lojas de lembran\u00e7as tur\u00edsticas que queiram oferecer produtos aut\u00eanticos e representativos do patrim\u00f3nio artesanal espanhol.   <\/p>\n","protected":false},"excerpt":{"rendered":"<p>\u00cdman decorativo em cer\u00e2mica com um desenho floral vibrante, inspirado na tradi\u00e7\u00e3o espanhola do mosaico. Apresenta uma base branca real\u00e7ada por flores coloridas em tons de vermelho, amarelo, azul e preto, criando um contraste atraente. \u00c9 um produto artesanal, pintado \u00e0 m\u00e3o, ideal para dar um toque de cor e cultura ao teu frigor\u00edfico, evocando a beleza e a arte do folclore espanhol. Perfeito como recorda\u00e7\u00e3o de uma visita ou como presente.   <\/p>\n","protected":false},"featured_media":9025,"template":"","meta":{"_acf_changed":false},"product_brand":[],"product_cat":[699],"product_tag":[515],"class_list":{"0":"post-24175","1":"product","2":"type-product","3":"status-publish","4":"has-post-thumbnail","6":"product_cat-imanes","7":"product_tag-ceramica","8":"pa_motivo-flores","10":"first","11":"instock","12":"shipping-taxable","13":"product-type-simple"},"acf":[],"_links":{"self":[{"href":"https:\/\/olemosaic.com\/pt-pt\/wp-json\/wp\/v2\/product\/24175","targetHints":{"allow":["GET"]}}],"collection":[{"href":"https:\/\/olemosaic.com\/pt-pt\/wp-json\/wp\/v2\/product"}],"about":[{"href":"https:\/\/olemosaic.com\/pt-pt\/wp-json\/wp\/v2\/types\/product"}],"wp:featuredmedia":[{"embeddable":true,"href":"https:\/\/olemosaic.com\/pt-pt\/wp-json\/wp\/v2\/media\/9025"}],"wp:attachment":[{"href":"https:\/\/olemosaic.com\/pt-pt\/wp-json\/wp\/v2\/media?parent=24175"}],"wp:term":[{"taxonomy":"product_brand","embeddable":true,"href":"https:\/\/olemosaic.com\/pt-pt\/wp-json\/wp\/v2\/product_brand?post=24175"},{"taxonomy":"product_cat","embeddable":true,"href":"https:\/\/olemosaic.com\/pt-pt\/wp-json\/wp\/v2\/product_cat?post=24175"},{"taxonomy":"product_tag","embeddable":true,"href":"https:\/\/olemosaic.com\/pt-pt\/wp-json\/wp\/v2\/product_tag?post=24175"}],"curies":[{"name":"wp","href":"https:\/\/api.w.org\/{rel}","templated":true}]}}