{"id":24171,"date":"2025-02-20T23:31:53","date_gmt":"2025-02-20T22:31:53","guid":{"rendered":"https:\/\/olemosaic.com\/producto\/taca-de-coco-azul-salamandra-menorca\/"},"modified":"2025-02-20T23:31:53","modified_gmt":"2025-02-20T22:31:53","slug":"taca-de-coco-azul-salamandra-menorca","status":"publish","type":"product","link":"https:\/\/olemosaic.com\/pt-pt\/produto\/taca-de-coco-azul-salamandra-menorca\/","title":{"rendered":"Ta\u00e7a de coco azul. Salamandra. Menorca."},"content":{"rendered":"<p>Esta ta\u00e7a de coco azul \u00fanica, decorada com uma ilustra\u00e7\u00e3o encantadora de uma salamandra, \u00e9 um verdadeiro reflexo da rica biodiversidade de Menorca. Feita de material de coco, esta ta\u00e7a destaca-se pelo seu desenho pintado \u00e0 m\u00e3o, que apresenta uma paleta vibrante de azuis em forma de gotas, evocando as \u00e1guas cristalinas do Mediterr\u00e2neo e a beleza natural da ilha. No centro, a figura da salamandra, representada em tons de castanho, cria um belo contraste que chama a aten\u00e7\u00e3o e d\u00e1 um toque \u00fanico e art\u00edstico \u00e0 ta\u00e7a.  <\/p>\n<p>Esta tigela n\u00e3o \u00e9 apenas uma pe\u00e7a decorativa, mas tamb\u00e9m pr\u00e1tica para o uso di\u00e1rio, seja na cozinha, como centro de mesa ou como um objeto que acrescenta car\u00e1cter a qualquer espa\u00e7o. A salamandra, s\u00edmbolo da fauna de Menorca, liga o visitante \u00e0 ess\u00eancia natural do lugar e torna-se uma recorda\u00e7\u00e3o valiosa que conta hist\u00f3rias da ilha. <\/p>\n<p>Na Ol\u00e9 Mosaic oferecemos-te lembran\u00e7as aut\u00eanticas de Menorca, e esta ta\u00e7a de coco azul \u00e9 uma escolha ideal para as lojas de presentes tur\u00edsticos que procuram artigos originais e culturalmente representativos. Perfeito como presente ou lembran\u00e7a, destaca o artesanato local e posiciona-se como uma lembran\u00e7a \u00fanica que combina funcionalidade e est\u00e9tica. <\/p>\n","protected":false},"excerpt":{"rendered":"<p>Ta\u00e7a de coco azul decorada com uma encantadora ilustra\u00e7\u00e3o de uma salamandra, representando a riqueza natural de Menorca. Esta original ta\u00e7a, feita de coco, apresenta um desenho artesanal pintado \u00e0 m\u00e3o, que se destaca pelos seus tons azuis em forma de gotas, criando um belo contraste com a salamandra em tons castanhos. Ideal como objeto decorativo ou para uso di\u00e1rio, evoca a ess\u00eancia do Mediterr\u00e2neo.  <\/p>\n","protected":false},"featured_media":11901,"template":"","meta":{"_acf_changed":false},"product_brand":[],"product_cat":[513],"product_tag":[516],"class_list":{"0":"post-24171","1":"product","2":"type-product","3":"status-publish","4":"has-post-thumbnail","6":"product_cat-bols","7":"product_tag-animais","8":"pa_ciudad-menorca","9":"pa_motivo-salamandras","10":"pa_pais-espana","12":"first","13":"instock","14":"shipping-taxable","15":"product-type-simple"},"acf":[],"_links":{"self":[{"href":"https:\/\/olemosaic.com\/pt-pt\/wp-json\/wp\/v2\/product\/24171","targetHints":{"allow":["GET"]}}],"collection":[{"href":"https:\/\/olemosaic.com\/pt-pt\/wp-json\/wp\/v2\/product"}],"about":[{"href":"https:\/\/olemosaic.com\/pt-pt\/wp-json\/wp\/v2\/types\/product"}],"wp:featuredmedia":[{"embeddable":true,"href":"https:\/\/olemosaic.com\/pt-pt\/wp-json\/wp\/v2\/media\/11901"}],"wp:attachment":[{"href":"https:\/\/olemosaic.com\/pt-pt\/wp-json\/wp\/v2\/media?parent=24171"}],"wp:term":[{"taxonomy":"product_brand","embeddable":true,"href":"https:\/\/olemosaic.com\/pt-pt\/wp-json\/wp\/v2\/product_brand?post=24171"},{"taxonomy":"product_cat","embeddable":true,"href":"https:\/\/olemosaic.com\/pt-pt\/wp-json\/wp\/v2\/product_cat?post=24171"},{"taxonomy":"product_tag","embeddable":true,"href":"https:\/\/olemosaic.com\/pt-pt\/wp-json\/wp\/v2\/product_tag?post=24171"}],"curies":[{"name":"wp","href":"https:\/\/api.w.org\/{rel}","templated":true}]}}