{"id":24167,"date":"2025-02-20T23:31:59","date_gmt":"2025-02-20T22:31:59","guid":{"rendered":"https:\/\/olemosaic.com\/producto\/iman-de-ceramica-patio-andaluz-sevilha-fundo-branco\/"},"modified":"2025-11-21T13:21:09","modified_gmt":"2025-11-21T12:21:09","slug":"iman-de-ceramica-patio-andaluz-sevilha-fundo-branco","status":"publish","type":"product","link":"https:\/\/olemosaic.com\/pt-pt\/produto\/iman-de-ceramica-patio-andaluz-sevilha-fundo-branco\/","title":{"rendered":"\u00cdman de cer\u00e2mica. P\u00e1tio andaluz. Sevilha. Fundo branco."},"content":{"rendered":"<p>Este \u00edman decorativo em cer\u00e2mica \u00e9 uma recorda\u00e7\u00e3o atraente que capta a ess\u00eancia vibrante do famoso bairro de Sevilha. Concebido num estilo colorido e din\u00e2mico, apresenta uma bailarina com um vestido de bolinhas vermelhas, que irradia a energia da arte flamenca, acompanhada por um homem com um sombrero, ambos em plena celebra\u00e7\u00e3o num pitoresco p\u00e1tio andaluz. Os pormenores artesanais da cer\u00e2mica s\u00e3o evidentes na representa\u00e7\u00e3o das decora\u00e7\u00f5es florais em vasos que rodeiam o casal, enquanto o fundo branco real\u00e7a os tons vivos de vermelho e verde da decora\u00e7\u00e3o, criando um efeito visual encantador e apelativo.  <\/p>\n<p>Este \u00edman n\u00e3o \u00e9 apenas um acess\u00f3rio funcional para qualquer casa, mas tamb\u00e9m um peda\u00e7o da cultura andaluza que evoca a famosa Feria de abril e o esp\u00edrito festivo de Sevilha. O elegante e carater\u00edstico texto &#8220;Sevilha&#8221; d\u00e1 um toque final que faz deste \u00edman uma recorda\u00e7\u00e3o perfeita para quem quer levar para casa um pouco da tradi\u00e7\u00e3o espanhola. Na Ol\u00e9 Mosaic, orgulhamo-nos de oferecer lembran\u00e7as aut\u00eanticas que reflectem a rica heran\u00e7a cultural de Espanha. Este \u00edman de cer\u00e2mica \u00e9 uma excelente escolha para as lojas de lembran\u00e7as tur\u00edsticas que procuram produtos significativos e atraentes para os seus clientes. Como grossista de lembran\u00e7as, garantimos a qualidade e a autenticidade de cada pe\u00e7a, tornando-a um complemento indispens\u00e1vel para qualquer cole\u00e7\u00e3o.    <\/p>\n","protected":false},"excerpt":{"rendered":"<p>\u00cdman decorativo em cer\u00e2mica que capta a ess\u00eancia do vibrante bairro de Sevilha. Este atraente \u00edman apresenta uma bailarina com um vestido de bolinhas vermelhas, acompanhada por um homem de chap\u00e9u, num colorido p\u00e1tio andaluz adornado com vasos de flores. A base branca real\u00e7a os tons vibrantes de vermelho e verde, enquanto o texto &#8220;Sevilha&#8221; acrescenta um toque distinto, oferecendo uma representa\u00e7\u00e3o encantadora da cultura flamenca da regi\u00e3o.  <\/p>\n","protected":false},"featured_media":8334,"template":"","meta":{"_acf_changed":false},"product_brand":[],"product_cat":[699],"product_tag":[515],"class_list":{"0":"post-24167","1":"product","2":"type-product","3":"status-publish","4":"has-post-thumbnail","6":"product_cat-imanes","7":"product_tag-ceramica","8":"pa_ciudad-sevilla","9":"pa_motivo-patios","10":"pa_pais-espana","12":"first","13":"instock","14":"shipping-taxable","15":"product-type-simple"},"acf":[],"_links":{"self":[{"href":"https:\/\/olemosaic.com\/pt-pt\/wp-json\/wp\/v2\/product\/24167","targetHints":{"allow":["GET"]}}],"collection":[{"href":"https:\/\/olemosaic.com\/pt-pt\/wp-json\/wp\/v2\/product"}],"about":[{"href":"https:\/\/olemosaic.com\/pt-pt\/wp-json\/wp\/v2\/types\/product"}],"wp:featuredmedia":[{"embeddable":true,"href":"https:\/\/olemosaic.com\/pt-pt\/wp-json\/wp\/v2\/media\/8334"}],"wp:attachment":[{"href":"https:\/\/olemosaic.com\/pt-pt\/wp-json\/wp\/v2\/media?parent=24167"}],"wp:term":[{"taxonomy":"product_brand","embeddable":true,"href":"https:\/\/olemosaic.com\/pt-pt\/wp-json\/wp\/v2\/product_brand?post=24167"},{"taxonomy":"product_cat","embeddable":true,"href":"https:\/\/olemosaic.com\/pt-pt\/wp-json\/wp\/v2\/product_cat?post=24167"},{"taxonomy":"product_tag","embeddable":true,"href":"https:\/\/olemosaic.com\/pt-pt\/wp-json\/wp\/v2\/product_tag?post=24167"}],"curies":[{"name":"wp","href":"https:\/\/api.w.org\/{rel}","templated":true}]}}