{"id":24147,"date":"2025-02-20T22:31:58","date_gmt":"2025-02-20T22:31:58","guid":{"rendered":"https:\/\/olemosaic.com\/producto\/iman-de-ceramica-valencia-branco\/"},"modified":"2025-11-21T13:20:46","modified_gmt":"2025-11-21T12:20:46","slug":"iman-de-ceramica-valencia-branco","status":"publish","type":"product","link":"https:\/\/olemosaic.com\/pt-pt\/produto\/iman-de-ceramica-valencia-branco\/","title":{"rendered":"\u00cdman de cer\u00e2mica. Val\u00eancia. Branco."},"content":{"rendered":"<p>Este \u00edman circular de cer\u00e2mica \u00e9 uma bela representa\u00e7\u00e3o da vibrante cidade de Val\u00eancia. Com uma base branca que real\u00e7a a intensidade crom\u00e1tica da sua ilustra\u00e7\u00e3o, este \u00edman capta a ess\u00eancia de dois dos marcos mais emblem\u00e1ticos da regi\u00e3o: a vanguardista Cidade das Artes e das Ci\u00eancias e a hist\u00f3rica Lonja de la Seda. A ilustra\u00e7\u00e3o v\u00edvida e pict\u00f3rica utiliza tons vibrantes de vermelho, azul e amarelo para criar um panorama cativante que evoca a rica cultura e arquitetura da regi\u00e3o. No topo, o nome &#8220;Val\u00eancia&#8221; \u00e9 apresentado em letras coloridas, dando um toque distinto e alegre a esta lembran\u00e7a.   <\/p>\n<p>O design deste \u00edman n\u00e3o \u00e9 apenas uma lembran\u00e7a visual de uma visita a Val\u00eancia, mas tamb\u00e9m uma homenagem ao rico patrim\u00f3nio art\u00edstico da cidade, combinando modernidade e tradi\u00e7\u00e3o. Esta lembran\u00e7a \u00e9 perfeita para os turistas que desejam levar um peda\u00e7o da cidade para casa, sendo um excelente presente para aqueles que valorizam a autenticidade e a liga\u00e7\u00e3o cultural. Na Ol\u00e9 Mosaic somos especialistas na distribui\u00e7\u00e3o de lembran\u00e7as por grosso, e este \u00edman de cer\u00e2mica \u00e9 um complemento ideal para qualquer loja de lembran\u00e7as tur\u00edsticas que queira oferecer produtos representativos da beleza valenciana.  <\/p>\n","protected":false},"excerpt":{"rendered":"<p>\u00cdman de cer\u00e2mica com um desenho circular, decorado com uma vista panor\u00e2mica de Val\u00eancia. Este \u00edman atraente apresenta representa\u00e7\u00f5es ic\u00f3nicas como a Cidade das Artes e das Ci\u00eancias e a Lonja de la Seda, tudo num estilo pict\u00f3rico colorido. A base branca real\u00e7a os tons vibrantes de vermelho, azul e amarelo utilizados na ilustra\u00e7\u00e3o, e o nome &#8220;Val\u00eancia&#8221; est\u00e1 impresso em letras coloridas na parte superior, tornando-o uma recorda\u00e7\u00e3o perfeita desta bela cidade.  <\/p>\n","protected":false},"featured_media":9894,"template":"","meta":{"_acf_changed":false},"product_brand":[],"product_cat":[699],"product_tag":[515],"class_list":{"0":"post-24147","1":"product","2":"type-product","3":"status-publish","4":"has-post-thumbnail","6":"product_cat-imanes","7":"product_tag-ceramica","8":"pa_ciudad-valencia","9":"pa_pais-espana","11":"first","12":"instock","13":"shipping-taxable","14":"product-type-simple"},"acf":[],"_links":{"self":[{"href":"https:\/\/olemosaic.com\/pt-pt\/wp-json\/wp\/v2\/product\/24147","targetHints":{"allow":["GET"]}}],"collection":[{"href":"https:\/\/olemosaic.com\/pt-pt\/wp-json\/wp\/v2\/product"}],"about":[{"href":"https:\/\/olemosaic.com\/pt-pt\/wp-json\/wp\/v2\/types\/product"}],"wp:featuredmedia":[{"embeddable":true,"href":"https:\/\/olemosaic.com\/pt-pt\/wp-json\/wp\/v2\/media\/9894"}],"wp:attachment":[{"href":"https:\/\/olemosaic.com\/pt-pt\/wp-json\/wp\/v2\/media?parent=24147"}],"wp:term":[{"taxonomy":"product_brand","embeddable":true,"href":"https:\/\/olemosaic.com\/pt-pt\/wp-json\/wp\/v2\/product_brand?post=24147"},{"taxonomy":"product_cat","embeddable":true,"href":"https:\/\/olemosaic.com\/pt-pt\/wp-json\/wp\/v2\/product_cat?post=24147"},{"taxonomy":"product_tag","embeddable":true,"href":"https:\/\/olemosaic.com\/pt-pt\/wp-json\/wp\/v2\/product_tag?post=24147"}],"curies":[{"name":"wp","href":"https:\/\/api.w.org\/{rel}","templated":true}]}}