{"id":24139,"date":"2025-02-20T23:31:56","date_gmt":"2025-02-20T22:31:56","guid":{"rendered":"https:\/\/olemosaic.com\/producto\/iman-de-ceramica-touro-mosaico-branco\/"},"modified":"2025-11-21T13:20:50","modified_gmt":"2025-11-21T12:20:50","slug":"iman-de-ceramica-touro-mosaico-branco","status":"publish","type":"product","link":"https:\/\/olemosaic.com\/pt-pt\/produto\/iman-de-ceramica-touro-mosaico-branco\/","title":{"rendered":"\u00cdman de cer\u00e2mica. Touro. Mosaico. Branco."},"content":{"rendered":"<p>Este \u00edman de cer\u00e2mica com o desenho de um touro \u00e9 uma recorda\u00e7\u00e3o vibrante que capta a ess\u00eancia de Espanha em cada detalhe. Apresenta uma explos\u00e3o de cores espetacular que destaca um touro majestoso no centro, rodeado por flores e uma paisagem que evoca as tradi\u00e7\u00f5es rurais do pa\u00eds. O fundo branco n\u00e3o s\u00f3 real\u00e7a a intensidade das cores, como tamb\u00e9m acrescenta um toque de eleg\u00e2ncia, fazendo deste \u00edman uma pe\u00e7a decorativa que confere um aspeto art\u00edstico a qualquer frigor\u00edfico ou superf\u00edcie met\u00e1lica.  <\/p>\n<p>A representa\u00e7\u00e3o do touro, um s\u00edmbolo emblem\u00e1tico da cultura espanhola, presta homenagem \u00e0 sua import\u00e2ncia nas touradas e representa a for\u00e7a e o orgulho do povo. Este \u00edman \u00e9 uma excelente recorda\u00e7\u00e3o para os turistas que procuram um objeto aut\u00eantico que represente a tradi\u00e7\u00e3o e o folclore de Espanha. Cada pe\u00e7a \u00e9 feita de cer\u00e2mica de alta qualidade, garantindo durabilidade e resist\u00eancia, tornando-a uma escolha ideal para aqueles que desejam levar para casa um peda\u00e7o da cultura espanhola.  <\/p>\n<p>Na Ol\u00e9 MOSAIC somos especialistas na distribui\u00e7\u00e3o de lembran\u00e7as por grosso, como este atrativo \u00edman de touradas, perfeito para lojas de presentes tur\u00edsticos. Este \u00edman de cer\u00e2mica n\u00e3o \u00e9 apenas um excelente acess\u00f3rio decorativo, mas tamb\u00e9m uma recorda\u00e7\u00e3o \u00fanica da beleza e da diversidade da cultura espanhola, pelo que \u00e9 um produto imprescind\u00edvel para qualquer estabelecimento que pretenda oferecer lembran\u00e7as aut\u00eanticas. <\/p>\n","protected":false},"excerpt":{"rendered":"<p>\u00cdman em cer\u00e2mica com um desenho de um touro atraente, ideal para recordar a ess\u00eancia de Espanha. Este \u00edman apresenta uma mistura de cores vibrantes num padr\u00e3o de mosaico, com um touro no centro rodeado de flores e um campo que evoca a tradi\u00e7\u00e3o espanhola. A base branca real\u00e7a as cores e os detalhes do padr\u00e3o, tornando este \u00edman uma recorda\u00e7\u00e3o atraente que d\u00e1 um toque art\u00edstico a qualquer frigor\u00edfico ou superf\u00edcie met\u00e1lica.  <\/p>\n","protected":false},"featured_media":8549,"template":"","meta":{"_acf_changed":false},"product_brand":[],"product_cat":[699],"product_tag":[516,515],"class_list":{"0":"post-24139","1":"product","2":"type-product","3":"status-publish","4":"has-post-thumbnail","6":"product_cat-imanes","7":"product_tag-animais","8":"product_tag-ceramica","9":"pa_motivo-touros","11":"first","12":"instock","13":"shipping-taxable","14":"product-type-simple"},"acf":[],"_links":{"self":[{"href":"https:\/\/olemosaic.com\/pt-pt\/wp-json\/wp\/v2\/product\/24139","targetHints":{"allow":["GET"]}}],"collection":[{"href":"https:\/\/olemosaic.com\/pt-pt\/wp-json\/wp\/v2\/product"}],"about":[{"href":"https:\/\/olemosaic.com\/pt-pt\/wp-json\/wp\/v2\/types\/product"}],"wp:featuredmedia":[{"embeddable":true,"href":"https:\/\/olemosaic.com\/pt-pt\/wp-json\/wp\/v2\/media\/8549"}],"wp:attachment":[{"href":"https:\/\/olemosaic.com\/pt-pt\/wp-json\/wp\/v2\/media?parent=24139"}],"wp:term":[{"taxonomy":"product_brand","embeddable":true,"href":"https:\/\/olemosaic.com\/pt-pt\/wp-json\/wp\/v2\/product_brand?post=24139"},{"taxonomy":"product_cat","embeddable":true,"href":"https:\/\/olemosaic.com\/pt-pt\/wp-json\/wp\/v2\/product_cat?post=24139"},{"taxonomy":"product_tag","embeddable":true,"href":"https:\/\/olemosaic.com\/pt-pt\/wp-json\/wp\/v2\/product_tag?post=24139"}],"curies":[{"name":"wp","href":"https:\/\/api.w.org\/{rel}","templated":true}]}}