{"id":24119,"date":"2025-02-20T23:31:55","date_gmt":"2025-02-20T22:31:55","guid":{"rendered":"https:\/\/olemosaic.com\/producto\/bola-de-natal-com-caixa-panoramica-plaza-mayor-em-madrid\/"},"modified":"2025-11-21T13:20:10","modified_gmt":"2025-11-21T12:20:10","slug":"bola-de-natal-com-caixa-panoramica-plaza-mayor-em-madrid","status":"publish","type":"product","link":"https:\/\/olemosaic.com\/pt-pt\/produto\/bola-de-natal-com-caixa-panoramica-plaza-mayor-em-madrid\/","title":{"rendered":"Bola de Natal com caixa. Panor\u00e2mica.  Plaza Mayor. Em Madrid."},"content":{"rendered":"<p>Esta requintada recorda\u00e7\u00e3o de Natal \u00e9 uma bola de Natal em caixa, concebida para captar a ess\u00eancia m\u00e1gica de Madrid durante a \u00e9poca festiva. O mostrador apresenta um panorama colorido da ic\u00f3nica Plaza Mayor, com figuras vestidas com trajes tradicionais que evocam a rica hist\u00f3ria cultural da capital espanhola. A vibrante \u00e1rvore de Natal no centro do design acrescenta um toque festivo que real\u00e7a o esp\u00edrito de celebra\u00e7\u00e3o que caracteriza Madrid em dezembro.  <\/p>\n<p>Feita de material resistente, esta bola destaca-se pela sua durabilidade e cores vivas, num belo design em mosaico que parece atraente de qualquer \u00e2ngulo. O acabamento brilhante da bola acrescenta um toque extra de eleg\u00e2ncia, tornando-a um elemento que real\u00e7a qualquer \u00e1rvore de Natal ou decora\u00e7\u00e3o festiva. A bola \u00e9 apresentada numa caixa elegante, o que a torna um presente ideal para a fam\u00edlia e os amigos, encapsulando a ess\u00eancia do Natal e o amor pela capital espanhola.  <\/p>\n<p>Na Ol\u00e9 MOSAIC somos distribuidores de lembran\u00e7as aut\u00eanticas, e esta bola de Natal com desenho da Plaza Mayor \u00e9 uma escolha perfeita para as lojas de presentes tur\u00edsticos que procuram oferecer lembran\u00e7as \u00fanicas e representativas de Madrid. Sem d\u00favida, posicionar-se-\u00e1 como uma lembran\u00e7a de qualidade que atrair\u00e1 os turistas que procuram uma pe\u00e7a cultural e festiva que celebre as suas experi\u00eancias na cidade. <\/p>\n","protected":false},"excerpt":{"rendered":"<p>Bola de Natal com caixa, decorada com um panorama colorido de Madrid. Este mostrador apresenta um design exclusivo que representa a emblem\u00e1tica Plaza Mayor, com figuras vestidas de forma tradicional e uma \u00e1rvore de Natal no centro. Fabricada em material resistente, a bola apresenta cores vivas em mosaico e um acabamento brilhante. Apresenta-se numa elegante caixa de oferta para um presente perfeito, que encapsula a ess\u00eancia natal\u00edcia da capital espanhola.   <\/p>\n","protected":false},"featured_media":9851,"template":"","meta":{"_acf_changed":false},"product_brand":[],"product_cat":[652],"product_tag":[642],"class_list":{"0":"post-24119","1":"product","2":"type-product","3":"status-publish","4":"has-post-thumbnail","6":"product_cat-bolas-de-natal","7":"product_tag-natal","8":"pa_ciudad-madrid","9":"pa_motivo-panoramas","10":"pa_pais-espana","12":"first","13":"instock","14":"shipping-taxable","15":"product-type-simple"},"acf":[],"_links":{"self":[{"href":"https:\/\/olemosaic.com\/pt-pt\/wp-json\/wp\/v2\/product\/24119","targetHints":{"allow":["GET"]}}],"collection":[{"href":"https:\/\/olemosaic.com\/pt-pt\/wp-json\/wp\/v2\/product"}],"about":[{"href":"https:\/\/olemosaic.com\/pt-pt\/wp-json\/wp\/v2\/types\/product"}],"wp:featuredmedia":[{"embeddable":true,"href":"https:\/\/olemosaic.com\/pt-pt\/wp-json\/wp\/v2\/media\/9851"}],"wp:attachment":[{"href":"https:\/\/olemosaic.com\/pt-pt\/wp-json\/wp\/v2\/media?parent=24119"}],"wp:term":[{"taxonomy":"product_brand","embeddable":true,"href":"https:\/\/olemosaic.com\/pt-pt\/wp-json\/wp\/v2\/product_brand?post=24119"},{"taxonomy":"product_cat","embeddable":true,"href":"https:\/\/olemosaic.com\/pt-pt\/wp-json\/wp\/v2\/product_cat?post=24119"},{"taxonomy":"product_tag","embeddable":true,"href":"https:\/\/olemosaic.com\/pt-pt\/wp-json\/wp\/v2\/product_tag?post=24119"}],"curies":[{"name":"wp","href":"https:\/\/api.w.org\/{rel}","templated":true}]}}