{"id":24117,"date":"2025-02-20T22:31:55","date_gmt":"2025-02-20T22:31:55","guid":{"rendered":"https:\/\/olemosaic.com\/producto\/taca-de-coco-castanha-ilha-gran-canaria\/"},"modified":"2025-11-21T13:20:15","modified_gmt":"2025-11-21T12:20:15","slug":"taca-de-coco-castanha-ilha-gran-canaria","status":"publish","type":"product","link":"https:\/\/olemosaic.com\/pt-pt\/produto\/taca-de-coco-castanha-ilha-gran-canaria\/","title":{"rendered":"Ta\u00e7a de coco castanha. Ilha. Gran Canaria."},"content":{"rendered":"<p>Esta bonita ta\u00e7a de coco castanha \u00e9 uma aut\u00eantica pe\u00e7a de artesanato que capta a ess\u00eancia da beleza natural da Gran Canaria. Delicadamente decorada com finas pe\u00e7as de madrep\u00e9rola, o seu design em mosaico combina tons suaves de castanho e rosa, evocando a tranquilidade e a cor tropical da ilha. A inscri\u00e7\u00e3o &#8220;Gran Canaria&#8221; no centro real\u00e7a o seu car\u00e1cter distintivo e torna-a uma recorda\u00e7\u00e3o perfeita desta regi\u00e3o paradis\u00edaca.  <\/p>\n<p>Para al\u00e9m do seu aspeto visual, esta ta\u00e7a \u00e9 funcional e vers\u00e1til, ideal para servir refei\u00e7\u00f5es ou simplesmente como pe\u00e7a decorativa que embelezar\u00e1 qualquer espa\u00e7o. A sua constru\u00e7\u00e3o em coco, um material sustent\u00e1vel, confere-lhe autenticidade e reflecte a tradi\u00e7\u00e3o cultural das Ilhas Can\u00e1rias no artesanato local. Os delicados detalhes em madrep\u00e9rola que comp\u00f5em o seu mosaico s\u00e3o uma homenagem \u00e0s paisagens mar\u00edtimas da ilha, dando um toque de eleg\u00e2ncia a esta lembran\u00e7a.  <\/p>\n<p>Na Ol\u00e9 Mosaic, dedicamo-nos \u00e0 distribui\u00e7\u00e3o grossista de lembran\u00e7as, oferecendo produtos que n\u00e3o s\u00f3 s\u00e3o decorativos, mas tamb\u00e9m representam o rico patrim\u00f3nio cultural da sua origem. Esta ta\u00e7a da Gran Canaria \u00e9 uma excelente op\u00e7\u00e3o para as lojas de presentes tur\u00edsticos, pois combina tradi\u00e7\u00e3o, funcionalidade e est\u00e9tica numa pe\u00e7a de artesanato requintada, perfeita para os turistas que procuram levar para casa um pedacinho da ilha. <\/p>\n","protected":false},"excerpt":{"rendered":"<p>Ta\u00e7a de coco castanha decorada com finas pe\u00e7as de madrep\u00e9rola, inspirada na beleza natural da Gran Canaria. Esta elegante ta\u00e7a apresenta um design em mosaico com tons suaves de castanho e rosa, captando a ess\u00eancia tropical da ilha. No centro, a inscri\u00e7\u00e3o &#8220;Gran Canaria&#8221; real\u00e7a o seu car\u00e1cter distintivo. Ideal como pe\u00e7a decorativa ou para servir comida, esta ta\u00e7a combina tradi\u00e7\u00e3o e funcionalidade num trabalho artesanal requintado.   <\/p>\n","protected":false},"featured_media":10314,"template":"","meta":{"_acf_changed":false},"product_brand":[],"product_cat":[513],"product_tag":[],"class_list":{"0":"post-24117","1":"product","2":"type-product","3":"status-publish","4":"has-post-thumbnail","6":"product_cat-bols","7":"pa_ciudad-gran-canaria","8":"pa_motivo-ilhas","9":"pa_pais-espana","11":"first","12":"instock","13":"shipping-taxable","14":"product-type-simple"},"acf":[],"_links":{"self":[{"href":"https:\/\/olemosaic.com\/pt-pt\/wp-json\/wp\/v2\/product\/24117","targetHints":{"allow":["GET"]}}],"collection":[{"href":"https:\/\/olemosaic.com\/pt-pt\/wp-json\/wp\/v2\/product"}],"about":[{"href":"https:\/\/olemosaic.com\/pt-pt\/wp-json\/wp\/v2\/types\/product"}],"wp:featuredmedia":[{"embeddable":true,"href":"https:\/\/olemosaic.com\/pt-pt\/wp-json\/wp\/v2\/media\/10314"}],"wp:attachment":[{"href":"https:\/\/olemosaic.com\/pt-pt\/wp-json\/wp\/v2\/media?parent=24117"}],"wp:term":[{"taxonomy":"product_brand","embeddable":true,"href":"https:\/\/olemosaic.com\/pt-pt\/wp-json\/wp\/v2\/product_brand?post=24117"},{"taxonomy":"product_cat","embeddable":true,"href":"https:\/\/olemosaic.com\/pt-pt\/wp-json\/wp\/v2\/product_cat?post=24117"},{"taxonomy":"product_tag","embeddable":true,"href":"https:\/\/olemosaic.com\/pt-pt\/wp-json\/wp\/v2\/product_tag?post=24117"}],"curies":[{"name":"wp","href":"https:\/\/api.w.org\/{rel}","templated":true}]}}