{"id":24104,"date":"2025-02-20T23:32:02","date_gmt":"2025-02-20T22:32:02","guid":{"rendered":"https:\/\/olemosaic.com\/producto\/iman-de-ceramica-punt-de-trobada-trencadis-barcelona-branco\/"},"modified":"2025-02-20T23:32:02","modified_gmt":"2025-02-20T22:32:02","slug":"iman-de-ceramica-punt-de-trobada-trencadis-barcelona-branco","status":"publish","type":"product","link":"https:\/\/olemosaic.com\/pt-pt\/produto\/iman-de-ceramica-punt-de-trobada-trencadis-barcelona-branco\/","title":{"rendered":"\u00cdman de cer\u00e2mica. Punt de trobada. Trencad\u00eds. Barcelona. Branco."},"content":{"rendered":"<p>Este \u00edman de cer\u00e2mica \u00e9 uma representa\u00e7\u00e3o vibrante da arquitetura modernista de Barcelona, concebida para captar a ess\u00eancia desta famosa cidade. Apresenta um desenho abstrato com formas din\u00e2micas que evocam o estilo \u00fanico dos mosaicos que adornam muitos dos seus edif\u00edcios emblem\u00e1ticos. Com uma paleta de cores intensas, incluindo azul, vermelho, amarelo e verde, sobre um fundo branco que imita a t\u00edpica cer\u00e2mica catal\u00e3, este \u00edman \u00e9 um verdadeiro reflexo da arte e da cultura de Barcelona. No topo, a palavra &#8220;Barcelona&#8221; destaca-se em tipografia preta, dando um toque textual que sublinha a sua liga\u00e7\u00e3o cultural \u00e0 regi\u00e3o.   <\/p>\n<p>Esta lembran\u00e7a \u00e9 perfeita tanto para os que visitaram a cidade como para os que desejam levar para casa um peda\u00e7o do seu rico patrim\u00f3nio arquitet\u00f3nico. A sua liga\u00e7\u00e3o ao modernismo catal\u00e3o, representado por figuras como Antoni Gaud\u00ed, faz deste \u00edman uma lembran\u00e7a aut\u00eantica e significativa. Na Ol\u00e9 Mosaic, como distribuidores grossistas de lembran\u00e7as, oferecemos este \u00edman de cer\u00e2mica como uma excelente op\u00e7\u00e3o para as lojas de lembran\u00e7as tur\u00edsticas, garantindo um produto n\u00e3o s\u00f3 funcional, mas tamb\u00e9m uma bela recorda\u00e7\u00e3o de uma das cidades mais cativantes de Espanha. \u00c9 uma lembran\u00e7a ideal para os turistas que procuram produtos representativos da cultura e da hist\u00f3ria de Barcelona.   <\/p>\n","protected":false},"excerpt":{"rendered":"<p>\u00cdman de cer\u00e2mica com um design colorido inspirado na arquitetura modernista de Barcelona. Este \u00edman apresenta uma representa\u00e7\u00e3o abstrata com formas din\u00e2micas em tons de azul, vermelho, amarelo e verde, sobre um fundo branco que evoca os famosos mosaicos da cidade. Inclui tamb\u00e9m a palavra &#8220;Barcelona&#8221; em tipografia preta, real\u00e7ando a sua ess\u00eancia cultural. Perfeito para recordares a beleza desta cidade vibrante.   <\/p>\n","protected":false},"featured_media":9153,"template":"","meta":{"_acf_changed":false},"product_brand":[],"product_cat":[699],"product_tag":[515],"class_list":{"0":"post-24104","1":"product","2":"type-product","3":"status-publish","4":"has-post-thumbnail","6":"product_cat-imanes","7":"product_tag-ceramica","8":"pa_ciudad-barcelona","9":"pa_motivo-punt-de-trobada","10":"pa_pais-espana","12":"first","13":"instock","14":"shipping-taxable","15":"product-type-simple"},"acf":[],"_links":{"self":[{"href":"https:\/\/olemosaic.com\/pt-pt\/wp-json\/wp\/v2\/product\/24104","targetHints":{"allow":["GET"]}}],"collection":[{"href":"https:\/\/olemosaic.com\/pt-pt\/wp-json\/wp\/v2\/product"}],"about":[{"href":"https:\/\/olemosaic.com\/pt-pt\/wp-json\/wp\/v2\/types\/product"}],"wp:featuredmedia":[{"embeddable":true,"href":"https:\/\/olemosaic.com\/pt-pt\/wp-json\/wp\/v2\/media\/9153"}],"wp:attachment":[{"href":"https:\/\/olemosaic.com\/pt-pt\/wp-json\/wp\/v2\/media?parent=24104"}],"wp:term":[{"taxonomy":"product_brand","embeddable":true,"href":"https:\/\/olemosaic.com\/pt-pt\/wp-json\/wp\/v2\/product_brand?post=24104"},{"taxonomy":"product_cat","embeddable":true,"href":"https:\/\/olemosaic.com\/pt-pt\/wp-json\/wp\/v2\/product_cat?post=24104"},{"taxonomy":"product_tag","embeddable":true,"href":"https:\/\/olemosaic.com\/pt-pt\/wp-json\/wp\/v2\/product_tag?post=24104"}],"curies":[{"name":"wp","href":"https:\/\/api.w.org\/{rel}","templated":true}]}}