{"id":24096,"date":"2025-02-20T23:32:02","date_gmt":"2025-02-20T22:32:02","guid":{"rendered":"https:\/\/olemosaic.com\/producto\/iman-de-ceramica-cidade-das-artes-valencia-branco\/"},"modified":"2025-02-20T23:32:02","modified_gmt":"2025-02-20T22:32:02","slug":"iman-de-ceramica-cidade-das-artes-valencia-branco","status":"publish","type":"product","link":"https:\/\/olemosaic.com\/pt-pt\/produto\/iman-de-ceramica-cidade-das-artes-valencia-branco\/","title":{"rendered":"\u00cdman de cer\u00e2mica. Cidade das Artes. Val\u00eancia. Branco."},"content":{"rendered":"<p>Este \u00edman de cer\u00e2mica \u00e9 uma bela representa\u00e7\u00e3o da arquitetura vibrante de Val\u00eancia, concebida para aqueles que querem levar para casa um peda\u00e7o desta cidade fascinante. Com um fundo branco que real\u00e7a a clareza e o brilho do objeto, o \u00edman apresenta uma ilustra\u00e7\u00e3o colorida que combina a ic\u00f3nica Cidade das Artes e das Ci\u00eancias, a hist\u00f3rica Lonja de la Seda e o Mercado Central. Cada monumento \u00e9 meticulosamente desenhado com detalhes precisos que captam a ess\u00eancia cultural de Val\u00eancia, destacando as suas formas distintas e ornamenta\u00e7\u00f5es \u00fanicas.  <\/p>\n<p>Os tons de cor que adornam as estruturas reflectem a vitalidade da cidade, enquanto o desenho em relevo oferece uma experi\u00eancia visual din\u00e2mica. Desde as curvas futuristas do edif\u00edcio da Cidade das Artes at\u00e9 \u00e0 rica arquitetura g\u00f3tica da Lonja de la Seda, este \u00edman n\u00e3o \u00e9 apenas uma lembran\u00e7a, mas um testemunho do rico patrim\u00f3nio cultural e art\u00edstico que define Val\u00eancia. <\/p>\n<p>Ideal como lembran\u00e7a para os turistas que procuram algo aut\u00eantico, este \u00edman de cer\u00e2mica representa um s\u00edmbolo da diversidade cultural da regi\u00e3o. Na Ol\u00e9 MOSAIC, orgulhamo-nos de oferecer lembran\u00e7as aut\u00eanticas de Val\u00eancia a granel, perfeitas para lojas de presentes tur\u00edsticos que desejam oferecer produtos \u00fanicos com um valor cultural significativo. Este \u00edman de cer\u00e2mica \u00e9 uma excelente op\u00e7\u00e3o para te recordar a beleza e o patrim\u00f3nio de uma das cidades mais emblem\u00e1ticas de Espanha.  <\/p>\n","protected":false},"excerpt":{"rendered":"<p>\u00cdman de cer\u00e2mica com um design vibrante, inspirado na arquitetura ic\u00f3nica de Val\u00eancia. Este produto apresenta uma representa\u00e7\u00e3o colorida da Cidade das Artes e das Ci\u00eancias, juntamente com a Lonja de la Seda e o Mercado Central, captando a ess\u00eancia cultural da cidade. A cer\u00e2mica branca \u00e9 complementada por detalhes em v\u00e1rias cores, que real\u00e7am as formas distintivas dos monumentos, tornando-o uma lembran\u00e7a ideal para os amantes da arte e da hist\u00f3ria locais.  <\/p>\n","protected":false},"featured_media":9895,"template":"","meta":{"_acf_changed":false},"product_brand":[],"product_cat":[699],"product_tag":[515],"class_list":{"0":"post-24096","1":"product","2":"type-product","3":"status-publish","4":"has-post-thumbnail","6":"product_cat-imanes","7":"product_tag-ceramica","8":"pa_ciudad-valencia","9":"pa_pais-espana","11":"first","12":"instock","13":"shipping-taxable","14":"product-type-simple"},"acf":[],"_links":{"self":[{"href":"https:\/\/olemosaic.com\/pt-pt\/wp-json\/wp\/v2\/product\/24096","targetHints":{"allow":["GET"]}}],"collection":[{"href":"https:\/\/olemosaic.com\/pt-pt\/wp-json\/wp\/v2\/product"}],"about":[{"href":"https:\/\/olemosaic.com\/pt-pt\/wp-json\/wp\/v2\/types\/product"}],"wp:featuredmedia":[{"embeddable":true,"href":"https:\/\/olemosaic.com\/pt-pt\/wp-json\/wp\/v2\/media\/9895"}],"wp:attachment":[{"href":"https:\/\/olemosaic.com\/pt-pt\/wp-json\/wp\/v2\/media?parent=24096"}],"wp:term":[{"taxonomy":"product_brand","embeddable":true,"href":"https:\/\/olemosaic.com\/pt-pt\/wp-json\/wp\/v2\/product_brand?post=24096"},{"taxonomy":"product_cat","embeddable":true,"href":"https:\/\/olemosaic.com\/pt-pt\/wp-json\/wp\/v2\/product_cat?post=24096"},{"taxonomy":"product_tag","embeddable":true,"href":"https:\/\/olemosaic.com\/pt-pt\/wp-json\/wp\/v2\/product_tag?post=24096"}],"curies":[{"name":"wp","href":"https:\/\/api.w.org\/{rel}","templated":true}]}}