{"id":24093,"date":"2025-02-20T23:32:02","date_gmt":"2025-02-20T22:32:02","guid":{"rendered":"https:\/\/olemosaic.com\/producto\/iman-de-ceramica-punt-de-trobada-gaudi-barcelona-branco\/"},"modified":"2025-02-20T23:32:02","modified_gmt":"2025-02-20T22:32:02","slug":"iman-de-ceramica-punt-de-trobada-gaudi-barcelona-branco","status":"publish","type":"product","link":"https:\/\/olemosaic.com\/pt-pt\/produto\/iman-de-ceramica-punt-de-trobada-gaudi-barcelona-branco\/","title":{"rendered":"\u00cdman de cer\u00e2mica. Punt de trobada. Gaud\u00ed. Barcelona. Branco."},"content":{"rendered":"<p>Este \u00edman de cer\u00e2mica, inspirado no ic\u00f3nico &#8220;Punt de trobada&#8221; de Barcelona, \u00e9 uma recorda\u00e7\u00e3o encantadora que capta a ess\u00eancia vibrante desta magn\u00edfica cidade. Com um design colorido que recorda o famoso estilo trencad\u00eds de Gaud\u00ed, este \u00edman apresenta uma mistura cativante de fragmentos de cer\u00e2mica em tons de azul, vermelho e amarelo, sobre um fundo branco polido que real\u00e7a a sua originalidade e apelo visual. No centro, a palavra &#8220;Barcelona&#8221; est\u00e1 elegantemente inscrita a preto, proporcionando uma refer\u00eancia cultural cativante que evoca a criatividade e o esp\u00edrito art\u00edstico da cidade.  <\/p>\n<p>O &#8220;Punt de trobada&#8221;, um lugar emblem\u00e1tico para os habitantes locais e turistas, torna-se uma homenagem \u00e0 vida social de Barcelona atrav\u00e9s deste pequeno mas significativo objeto. Este \u00edman, para al\u00e9m de ser funcional, representa uma liga\u00e7\u00e3o cultural que permite aos seus propriet\u00e1rios trazer para dentro de casa um peda\u00e7o do rico patrim\u00f3nio arquitet\u00f3nico e art\u00edstico da cidade. <\/p>\n<p>Ideal para os turistas que procuram lembran\u00e7as aut\u00eanticas de Barcelona, este \u00edman \u00e9 tamb\u00e9m uma excelente escolha para as lojas de lembran\u00e7as tur\u00edsticas que desejam oferecer produtos representativos e de qualidade. Na Ol\u00e9 Mosaic, como grossista de lembran\u00e7as, garantimos a autenticidade e a qualidade artesanal de cada um dos nossos produtos, o que faz deste \u00edman de cer\u00e2mica um presente excecional e um testemunho visual da hist\u00f3ria cultural de Barcelona. <\/p>\n","protected":false},"excerpt":{"rendered":"<p>\u00cdman em cer\u00e2mica inspirado no ic\u00f3nico &#8220;Punt de trobada&#8221; de Barcelona. Este atraente \u00edman apresenta um design colorido com fragmentos de cer\u00e2mica que evocam os famosos trencad\u00eds de Gaud\u00ed, real\u00e7ando tons vibrantes de azul, vermelho e amarelo sobre um fundo branco. A palavra &#8220;Barcelona&#8221; est\u00e1 elegantemente inscrita a preto, acrescentando uma refer\u00eancia cultural encantadora. Ideal para trazer um pedacinho de Barcelona a qualquer canto da tua casa.   <\/p>\n","protected":false},"featured_media":9152,"template":"","meta":{"_acf_changed":false},"product_brand":[],"product_cat":[699],"product_tag":[515],"class_list":{"0":"post-24093","1":"product","2":"type-product","3":"status-publish","4":"has-post-thumbnail","6":"product_cat-imanes","7":"product_tag-ceramica","8":"pa_ciudad-barcelona","9":"pa_motivo-punt-de-trobada","10":"pa_pais-espana","12":"first","13":"instock","14":"shipping-taxable","15":"product-type-simple"},"acf":[],"_links":{"self":[{"href":"https:\/\/olemosaic.com\/pt-pt\/wp-json\/wp\/v2\/product\/24093","targetHints":{"allow":["GET"]}}],"collection":[{"href":"https:\/\/olemosaic.com\/pt-pt\/wp-json\/wp\/v2\/product"}],"about":[{"href":"https:\/\/olemosaic.com\/pt-pt\/wp-json\/wp\/v2\/types\/product"}],"wp:featuredmedia":[{"embeddable":true,"href":"https:\/\/olemosaic.com\/pt-pt\/wp-json\/wp\/v2\/media\/9152"}],"wp:attachment":[{"href":"https:\/\/olemosaic.com\/pt-pt\/wp-json\/wp\/v2\/media?parent=24093"}],"wp:term":[{"taxonomy":"product_brand","embeddable":true,"href":"https:\/\/olemosaic.com\/pt-pt\/wp-json\/wp\/v2\/product_brand?post=24093"},{"taxonomy":"product_cat","embeddable":true,"href":"https:\/\/olemosaic.com\/pt-pt\/wp-json\/wp\/v2\/product_cat?post=24093"},{"taxonomy":"product_tag","embeddable":true,"href":"https:\/\/olemosaic.com\/pt-pt\/wp-json\/wp\/v2\/product_tag?post=24093"}],"curies":[{"name":"wp","href":"https:\/\/api.w.org\/{rel}","templated":true}]}}