{"id":24088,"date":"2025-02-20T23:32:02","date_gmt":"2025-02-20T22:32:02","guid":{"rendered":"https:\/\/olemosaic.com\/producto\/iman-de-ceramica-patio-andaluz-madrid-branco\/"},"modified":"2025-02-20T23:32:02","modified_gmt":"2025-02-20T22:32:02","slug":"iman-de-ceramica-patio-andaluz-madrid-branco","status":"publish","type":"product","link":"https:\/\/olemosaic.com\/pt-pt\/produto\/iman-de-ceramica-patio-andaluz-madrid-branco\/","title":{"rendered":"\u00cdman de cer\u00e2mica. P\u00e1tio andaluz. Madrid. Branco."},"content":{"rendered":"<p>Este \u00edman de cer\u00e2mica, inspirado na cultura vibrante de Madrid, \u00e9 uma representa\u00e7\u00e3o aut\u00eantica do esp\u00edrito flamenco, captando a ess\u00eancia da capital espanhola com o seu design cativante. Fabricado em cer\u00e2mica de alta qualidade, o \u00edman apresenta uma cena animada de dan\u00e7a flamenca: uma bailarina, com um impressionante vestido vermelho com bolinhas brancas e um elegante xaile, seduz o observador no meio de um p\u00e1tio colorido adornado com flores. Ao seu lado, um bailarino de chap\u00e9u e camisa vermelha junta-se \u00e0 dan\u00e7a, projectando dinamismo e alegria em cada movimento.  <\/p>\n<p>O fundo deste \u00edman destaca-se pela sua delicada representa\u00e7\u00e3o de azulejos brancos, evocando a arquitetura tradicional espanhola, enquanto os vasos de flores de cores vivas d\u00e3o um toque de frescura e autenticidade \u00e0 cena. Cada detalhe do \u00edman \u00e9 pintado \u00e0 m\u00e3o, garantindo que cada pe\u00e7a \u00e9 \u00fanica e real\u00e7a o artesanato da regi\u00e3o. Como lembran\u00e7a de Madrid, este \u00edman n\u00e3o \u00e9 apenas um objeto decorativo, mas uma recorda\u00e7\u00e3o tang\u00edvel de momentos inesquec\u00edveis passados nesta cidade cheia de hist\u00f3ria e cultura.  <\/p>\n<p>Na Ol\u00e9 Mosaic, orgulhamo-nos de oferecer lembran\u00e7as aut\u00eanticas e representativas, como este \u00edman, ideal para lojas de presentes tur\u00edsticos que procuram produtos que reflictam a riqueza cultural de Espanha. \u00c9 uma excelente escolha para aqueles que querem levar um peda\u00e7o de Madrid para casa, tornando-se a lembran\u00e7a perfeita de uma viagem memor\u00e1vel. <\/p>\n","protected":false},"excerpt":{"rendered":"<p>\u00cdman de cer\u00e2mica inspirado na cultura vibrante de Madrid, representando uma cena de dan\u00e7a flamenca. Este atraente \u00edman mostra uma bailarina vestida com um vestido vermelho com bolinhas brancas e um xaile, acompanhada por um bailarino com um chap\u00e9u e uma camisa vermelha. Tendo como pano de fundo azulejos brancos e flores em vasos, \u00e9 uma pe\u00e7a pintada \u00e0 m\u00e3o e concebida por um artes\u00e3o que capta a ess\u00eancia do folclore de Madrid em cores vivas.  <\/p>\n","protected":false},"featured_media":7980,"template":"","meta":{"_acf_changed":false},"product_brand":[],"product_cat":[699],"product_tag":[515],"class_list":{"0":"post-24088","1":"product","2":"type-product","3":"status-publish","4":"has-post-thumbnail","6":"product_cat-imanes","7":"product_tag-ceramica","8":"pa_ciudad-madrid","9":"pa_motivo-patios","10":"pa_pais-espana","12":"first","13":"instock","14":"shipping-taxable","15":"product-type-simple"},"acf":[],"_links":{"self":[{"href":"https:\/\/olemosaic.com\/pt-pt\/wp-json\/wp\/v2\/product\/24088","targetHints":{"allow":["GET"]}}],"collection":[{"href":"https:\/\/olemosaic.com\/pt-pt\/wp-json\/wp\/v2\/product"}],"about":[{"href":"https:\/\/olemosaic.com\/pt-pt\/wp-json\/wp\/v2\/types\/product"}],"wp:featuredmedia":[{"embeddable":true,"href":"https:\/\/olemosaic.com\/pt-pt\/wp-json\/wp\/v2\/media\/7980"}],"wp:attachment":[{"href":"https:\/\/olemosaic.com\/pt-pt\/wp-json\/wp\/v2\/media?parent=24088"}],"wp:term":[{"taxonomy":"product_brand","embeddable":true,"href":"https:\/\/olemosaic.com\/pt-pt\/wp-json\/wp\/v2\/product_brand?post=24088"},{"taxonomy":"product_cat","embeddable":true,"href":"https:\/\/olemosaic.com\/pt-pt\/wp-json\/wp\/v2\/product_cat?post=24088"},{"taxonomy":"product_tag","embeddable":true,"href":"https:\/\/olemosaic.com\/pt-pt\/wp-json\/wp\/v2\/product_tag?post=24088"}],"curies":[{"name":"wp","href":"https:\/\/api.w.org\/{rel}","templated":true}]}}