{"id":24080,"date":"2025-02-20T23:32:00","date_gmt":"2025-02-20T22:32:00","guid":{"rendered":"https:\/\/olemosaic.com\/producto\/iman-em-ceramica-salamandra-e-flores-mosaico-espanha-branco\/"},"modified":"2025-11-21T13:19:37","modified_gmt":"2025-11-21T12:19:37","slug":"iman-em-ceramica-salamandra-e-flores-mosaico-espanha-branco","status":"publish","type":"product","link":"https:\/\/olemosaic.com\/pt-pt\/produto\/iman-em-ceramica-salamandra-e-flores-mosaico-espanha-branco\/","title":{"rendered":"\u00cdman em cer\u00e2mica. Salamandra e flores. Mosaico. Espanha. Branco."},"content":{"rendered":"<p>Este \u00edman de cer\u00e2mica para salamandras \u00e9 uma recorda\u00e7\u00e3o encantadora que capta a ess\u00eancia do calor e da cor de Espanha. O seu design vibrante e detalhado apresenta uma base branca que real\u00e7a as cores intensas do mosaico de vermelho, amarelo, azul e verde, evocando a alegria e a cor da cultura andaluza. A salamandra, um s\u00edmbolo de luz e transforma\u00e7\u00e3o, \u00e9 habilmente retratada com um acabamento artisticamente pintado \u00e0 m\u00e3o que garante que cada pe\u00e7a \u00e9 \u00fanica.  <\/p>\n<p>Este \u00edman atraente n\u00e3o s\u00f3 serve como um acess\u00f3rio pr\u00e1tico para manter as tuas notas ou recorda\u00e7\u00f5es vis\u00edveis no frigor\u00edfico, como tamb\u00e9m funciona como uma lembran\u00e7a dos dias ensolarados e festivos passados em Espanha. A t\u00e9cnica de cer\u00e2mica utilizada \u00e9 uma tradi\u00e7\u00e3o que real\u00e7a a riqueza do patrim\u00f3nio cultural espanhol, tornando-o uma recorda\u00e7\u00e3o aut\u00eantica que reflecte a paix\u00e3o art\u00edstica da regi\u00e3o. <\/p>\n<p>Na Ol\u00e9 Mosaic apostamos na distribui\u00e7\u00e3o de aut\u00eanticas lembran\u00e7as por grosso, e este \u00edman de salamandra \u00e9 a escolha perfeita para as lojas de lembran\u00e7as tur\u00edsticas que procuram produtos de qualidade e culturalmente relevantes. Com o seu encanto inigual\u00e1vel, este \u00edman \u00e9 uma excelente lembran\u00e7a que permitir\u00e1 ao turista levar para casa um pouco da cultura vibrante da Andaluzia. <\/p>\n","protected":false},"excerpt":{"rendered":"<p>\u00cdman em cer\u00e2mica com a forma de uma salamandra decorada com flores, perfeito para evocar o calor e a cor de Espanha. Este \u00edman atraente apresenta um desenho vibrante e detalhado sobre uma base branca que real\u00e7a as cores vivas do mosaico: vermelho, amarelo, azul e verde. A sua t\u00e9cnica de desenho artesanal, pintada \u00e0 m\u00e3o, garante um acabamento \u00fanico, tornando-o uma lembran\u00e7a ideal para levares contigo um peda\u00e7o da cultura andaluza.  <\/p>\n","protected":false},"featured_media":8373,"template":"","meta":{"_acf_changed":false},"product_brand":[],"product_cat":[699],"product_tag":[516,515],"class_list":{"0":"post-24080","1":"product","2":"type-product","3":"status-publish","4":"has-post-thumbnail","6":"product_cat-imanes","7":"product_tag-animais","8":"product_tag-ceramica","9":"pa_motivo-salamandras","11":"first","12":"instock","13":"shipping-taxable","14":"product-type-simple"},"acf":[],"_links":{"self":[{"href":"https:\/\/olemosaic.com\/pt-pt\/wp-json\/wp\/v2\/product\/24080","targetHints":{"allow":["GET"]}}],"collection":[{"href":"https:\/\/olemosaic.com\/pt-pt\/wp-json\/wp\/v2\/product"}],"about":[{"href":"https:\/\/olemosaic.com\/pt-pt\/wp-json\/wp\/v2\/types\/product"}],"wp:featuredmedia":[{"embeddable":true,"href":"https:\/\/olemosaic.com\/pt-pt\/wp-json\/wp\/v2\/media\/8373"}],"wp:attachment":[{"href":"https:\/\/olemosaic.com\/pt-pt\/wp-json\/wp\/v2\/media?parent=24080"}],"wp:term":[{"taxonomy":"product_brand","embeddable":true,"href":"https:\/\/olemosaic.com\/pt-pt\/wp-json\/wp\/v2\/product_brand?post=24080"},{"taxonomy":"product_cat","embeddable":true,"href":"https:\/\/olemosaic.com\/pt-pt\/wp-json\/wp\/v2\/product_cat?post=24080"},{"taxonomy":"product_tag","embeddable":true,"href":"https:\/\/olemosaic.com\/pt-pt\/wp-json\/wp\/v2\/product_tag?post=24080"}],"curies":[{"name":"wp","href":"https:\/\/api.w.org\/{rel}","templated":true}]}}