{"id":24078,"date":"2025-02-20T23:32:00","date_gmt":"2025-02-20T22:32:00","guid":{"rendered":"https:\/\/olemosaic.com\/producto\/iman-em-ceramica-salamandra-e-flores-mosaico-barcelona-branco\/"},"modified":"2025-11-21T13:19:41","modified_gmt":"2025-11-21T12:19:41","slug":"iman-em-ceramica-salamandra-e-flores-mosaico-barcelona-branco","status":"publish","type":"product","link":"https:\/\/olemosaic.com\/pt-pt\/produto\/iman-em-ceramica-salamandra-e-flores-mosaico-barcelona-branco\/","title":{"rendered":"\u00cdman em cer\u00e2mica. Salamandra e flores. Mosaico. Barcelona. Branco."},"content":{"rendered":"<p>Este \u00edman de cer\u00e2mica \u00e9 uma recorda\u00e7\u00e3o encantadora de Barcelona, decorada com uma salamandra vibrante e flores que evocam a famosa obra de Gaud\u00ed. O seu design predominantemente branco real\u00e7a os mosaicos coloridos que representam a salamandra, um s\u00edmbolo ic\u00f3nico do modernismo catal\u00e3o e da criatividade arquitet\u00f3nica que caracteriza a cidade. A rica paleta de cores, que inclui verdes brilhantes, amarelos ensolarados, vermelhos arrojados e azuis profundos, faz de cada pe\u00e7a um banquete visual.  <\/p>\n<p>O \u00edman tamb\u00e9m apresenta a palavra &#8220;Barcelona&#8221; elegantemente impressa, consolidando a sua identidade como uma lembran\u00e7a representativa da cidade. Este produto n\u00e3o s\u00f3 cumpre a sua fun\u00e7\u00e3o pr\u00e1tica de aderir a qualquer superf\u00edcie met\u00e1lica, como tamb\u00e9m funciona como uma janela para a cultura art\u00edstica de Barcelona. Em cada olhar, transporta-te para as ruas coloridas da cidade, cheias de hist\u00f3ria e criatividade.  <\/p>\n<p>As lembran\u00e7as de cer\u00e2mica, como este \u00edman, s\u00e3o perfeitas para os turistas que procuram levar para casa um peda\u00e7o do rico patrim\u00f3nio cultural de Barcelona. Na Ol\u00e9 MOSAIC somos especialistas na distribui\u00e7\u00e3o por grosso de \u00edmanes e outras lembran\u00e7as artesanais, assegurando que cada produto reflicta a autenticidade e o valor cultural da sua origem. Este \u00edman \u00e9 uma excelente op\u00e7\u00e3o para as lojas de presentes tur\u00edsticos que desejam oferecer produtos de qualidade que enriquecem a experi\u00eancia do viajante.  <\/p>\n","protected":false},"excerpt":{"rendered":"<p>\u00cdman em cer\u00e2mica decorado com uma salamandra e flores coloridas, inspirado na obra de Gaud\u00ed em Barcelona. Este \u00edman atraente apresenta um desenho branco com mosaicos vibrantes que representam a famosa salamandra, um s\u00edmbolo da est\u00e9tica modernista da cidade. A palavra &#8220;Barcelona&#8221; est\u00e1 elegantemente impressa, complementando a paleta de cores que inclui verdes, amarelos, vermelhos e azuis, fazendo deste \u00edman uma lembran\u00e7a ideal da riqueza cultural da cidade.  <\/p>\n","protected":false},"featured_media":8094,"template":"","meta":{"_acf_changed":false},"product_brand":[],"product_cat":[699],"product_tag":[516,515],"class_list":{"0":"post-24078","1":"product","2":"type-product","3":"status-publish","4":"has-post-thumbnail","6":"product_cat-imanes","7":"product_tag-animais","8":"product_tag-ceramica","9":"pa_ciudad-barcelona","10":"pa_motivo-salamandras","11":"pa_pais-espana","13":"first","14":"instock","15":"shipping-taxable","16":"product-type-simple"},"acf":[],"_links":{"self":[{"href":"https:\/\/olemosaic.com\/pt-pt\/wp-json\/wp\/v2\/product\/24078","targetHints":{"allow":["GET"]}}],"collection":[{"href":"https:\/\/olemosaic.com\/pt-pt\/wp-json\/wp\/v2\/product"}],"about":[{"href":"https:\/\/olemosaic.com\/pt-pt\/wp-json\/wp\/v2\/types\/product"}],"wp:featuredmedia":[{"embeddable":true,"href":"https:\/\/olemosaic.com\/pt-pt\/wp-json\/wp\/v2\/media\/8094"}],"wp:attachment":[{"href":"https:\/\/olemosaic.com\/pt-pt\/wp-json\/wp\/v2\/media?parent=24078"}],"wp:term":[{"taxonomy":"product_brand","embeddable":true,"href":"https:\/\/olemosaic.com\/pt-pt\/wp-json\/wp\/v2\/product_brand?post=24078"},{"taxonomy":"product_cat","embeddable":true,"href":"https:\/\/olemosaic.com\/pt-pt\/wp-json\/wp\/v2\/product_cat?post=24078"},{"taxonomy":"product_tag","embeddable":true,"href":"https:\/\/olemosaic.com\/pt-pt\/wp-json\/wp\/v2\/product_tag?post=24078"}],"curies":[{"name":"wp","href":"https:\/\/api.w.org\/{rel}","templated":true}]}}