{"id":24077,"date":"2025-02-20T23:32:00","date_gmt":"2025-02-20T22:32:00","guid":{"rendered":"https:\/\/olemosaic.com\/producto\/iman-de-ceramica-patio-andaluz-bailaora-madrid-branco\/"},"modified":"2025-11-21T13:19:49","modified_gmt":"2025-11-21T12:19:49","slug":"iman-de-ceramica-patio-andaluz-bailaora-madrid-branco","status":"publish","type":"product","link":"https:\/\/olemosaic.com\/pt-pt\/produto\/iman-de-ceramica-patio-andaluz-bailaora-madrid-branco\/","title":{"rendered":"\u00cdman de cer\u00e2mica. P\u00e1tio andaluz. Bailaora. Madrid. Branco."},"content":{"rendered":"<p>Este \u00edman de cer\u00e2mica \u00e9 uma recorda\u00e7\u00e3o vibrante do folclore de Madrid, perfeito para quem quer levar um pedacinho de Espanha para casa. A pe\u00e7a apresenta um design encantador que capta a ess\u00eancia da cultura espanhola, mostrando um casal a dan\u00e7ar num p\u00e1tio colorido. No \u00edman, a bailarina usa um espetacular vestido vermelho com bolinhas brancas, real\u00e7ando a sua eleg\u00e2ncia e paix\u00e3o pelo flamenco. O seu leque, s\u00edmbolo da tradi\u00e7\u00e3o, d\u00e1-lhe um toque de sofistica\u00e7\u00e3o. Ao seu lado, um homem vestido com um fato elegante complementa a cena, simbolizando o rico patrim\u00f3nio cultural de Madrid.    <\/p>\n<p>O fundo branco do \u00edman real\u00e7a as cores vibrantes das ilustra\u00e7\u00f5es, criando um contraste apelativo que evoca a alegria das dan\u00e7as tradicionais. A palavra &#8220;Madrid&#8221;, estilizada com um design moderno, real\u00e7a a liga\u00e7\u00e3o cultural do souvenir \u00e0 capital espanhola. Este \u00edman n\u00e3o \u00e9 apenas um acess\u00f3rio decorativo, mas tamb\u00e9m uma excelente recorda\u00e7\u00e3o de uma das cenas mais emblem\u00e1ticas da cultura espanhola.  <\/p>\n<p>Na Ol\u00e9 MOSAIC oferecemos-te este requintado \u00edman de cer\u00e2mica como parte da nossa sele\u00e7\u00e3o de lembran\u00e7as aut\u00eanticas, ideal para lojas de presentes tur\u00edsticos que procuram produtos representativos e de qualidade. Com este \u00edman de Madrid, os turistas encontrar\u00e3o uma recorda\u00e7\u00e3o perfeita que capta a ess\u00eancia da sua visita e a rica tradi\u00e7\u00e3o do flamenco. <\/p>\n","protected":false},"excerpt":{"rendered":"<p>\u00cdman de cer\u00e2mica que capta a ess\u00eancia do folclore madrileno, com um par de dan\u00e7arinos num p\u00e1tio colorido. Este \u00edman branco, pintado \u00e0 m\u00e3o e com design artesanal, mostra uma bailarina com um vibrante vestido vermelho com folhos e bolinhas, abanando-se. Ao seu lado, um homem elegante num fato de flamenco destaca-se no desenho. Com a palavra &#8220;Madrid&#8221; estilizada, esta lembran\u00e7a \u00e9 ideal para recordar a alegria da cultura espanhola.   <\/p>\n","protected":false},"featured_media":7982,"template":"","meta":{"_acf_changed":false},"product_brand":[],"product_cat":[699],"product_tag":[515],"class_list":{"0":"post-24077","1":"product","2":"type-product","3":"status-publish","4":"has-post-thumbnail","6":"product_cat-imanes","7":"product_tag-ceramica","8":"pa_ciudad-madrid","9":"pa_motivo-patios","10":"pa_pais-espana","12":"first","13":"instock","14":"shipping-taxable","15":"product-type-simple"},"acf":[],"_links":{"self":[{"href":"https:\/\/olemosaic.com\/pt-pt\/wp-json\/wp\/v2\/product\/24077","targetHints":{"allow":["GET"]}}],"collection":[{"href":"https:\/\/olemosaic.com\/pt-pt\/wp-json\/wp\/v2\/product"}],"about":[{"href":"https:\/\/olemosaic.com\/pt-pt\/wp-json\/wp\/v2\/types\/product"}],"wp:featuredmedia":[{"embeddable":true,"href":"https:\/\/olemosaic.com\/pt-pt\/wp-json\/wp\/v2\/media\/7982"}],"wp:attachment":[{"href":"https:\/\/olemosaic.com\/pt-pt\/wp-json\/wp\/v2\/media?parent=24077"}],"wp:term":[{"taxonomy":"product_brand","embeddable":true,"href":"https:\/\/olemosaic.com\/pt-pt\/wp-json\/wp\/v2\/product_brand?post=24077"},{"taxonomy":"product_cat","embeddable":true,"href":"https:\/\/olemosaic.com\/pt-pt\/wp-json\/wp\/v2\/product_cat?post=24077"},{"taxonomy":"product_tag","embeddable":true,"href":"https:\/\/olemosaic.com\/pt-pt\/wp-json\/wp\/v2\/product_tag?post=24077"}],"curies":[{"name":"wp","href":"https:\/\/api.w.org\/{rel}","templated":true}]}}