{"id":24064,"date":"2025-02-20T23:31:54","date_gmt":"2025-02-20T22:31:54","guid":{"rendered":"https:\/\/olemosaic.com\/producto\/porta-chaves-em-madeira-letra-r\/"},"modified":"2025-02-20T23:31:54","modified_gmt":"2025-02-20T22:31:54","slug":"porta-chaves-em-madeira-letra-r","status":"publish","type":"product","link":"https:\/\/olemosaic.com\/pt-pt\/produto\/porta-chaves-em-madeira-letra-r\/","title":{"rendered":"Porta-chaves em madeira. Letra R."},"content":{"rendered":"<p>Este porta-chaves exclusivo em madeira com a letra &#8220;R&#8221; \u00e9 uma recorda\u00e7\u00e3o vibrante do g\u00e9nio arquitet\u00f3nico de Barcelona, inspirado no famoso estilo de Antoni Gaud\u00ed. O seu design \u00e1gil e leve torna-o um acess\u00f3rio funcional e atraente, ideal para levares sempre contigo um pouco da criatividade catal\u00e3. A base preta real\u00e7a as cores azul, vermelho, amarelo e verde que adornam os elementos decorativos, recriando a emblem\u00e1tica t\u00e9cnica trencad\u00eds que Gaud\u00ed popularizou nas suas obras. Cada detalhe do mosaico foi meticulosamente concebido, evocando a beleza e a riqueza da cultura espanhola.   <\/p>\n<p>O porta-chaves n\u00e3o \u00e9 apenas um objeto pr\u00e1tico para manter as tuas chaves organizadas, mas tamb\u00e9m serve como uma lembran\u00e7a aut\u00eantica que capta a ess\u00eancia de Barcelona. A sua liga\u00e7\u00e3o cultural \u00e0 cidade torna-o um presente perfeito para os turistas que querem levar para casa uma recorda\u00e7\u00e3o significativa da sua visita. Na Ol\u00e9 Mosaic, orgulhamo-nos de oferecer produtos aut\u00eanticos que reflectem o patrim\u00f3nio art\u00edstico e arquitet\u00f3nico de Espanha. Este porta-chaves de madeira com a letra &#8220;R&#8221; \u00e9 uma excelente op\u00e7\u00e3o para as lojas de recorda\u00e7\u00f5es tur\u00edsticas, pois, para al\u00e9m do seu estilo, oferece em cada pe\u00e7a um s\u00edmbolo da arte e da hist\u00f3ria da Catalunha.   <\/p>\n","protected":false},"excerpt":{"rendered":"<p>Porta-chaves de madeira com a letra &#8220;R&#8221;, decorado com um desenho de mosaico vibrante que evoca as famosas obras de Antoni Gaud\u00ed. Este porta-chaves tem uma base preta que real\u00e7a as cores azul, vermelho, amarelo e verde dos seus elementos decorativos, simulando a beleza dos trencad\u00eds. Leve e funcional, \u00e9 uma lembran\u00e7a ideal para quem procura levar um peda\u00e7o da criatividade e do estilo arquitet\u00f3nico de Barcelona.  <\/p>\n","protected":false},"featured_media":10937,"template":"","meta":{"_acf_changed":false},"product_brand":[],"product_cat":[611],"product_tag":[612],"class_list":{"0":"post-24064","1":"product","2":"type-product","3":"status-publish","4":"has-post-thumbnail","6":"product_cat-porta-chaves","7":"product_tag-cartas","8":"pa_motivo-letra-r","10":"first","11":"instock","12":"shipping-taxable","13":"product-type-simple"},"acf":[],"_links":{"self":[{"href":"https:\/\/olemosaic.com\/pt-pt\/wp-json\/wp\/v2\/product\/24064","targetHints":{"allow":["GET"]}}],"collection":[{"href":"https:\/\/olemosaic.com\/pt-pt\/wp-json\/wp\/v2\/product"}],"about":[{"href":"https:\/\/olemosaic.com\/pt-pt\/wp-json\/wp\/v2\/types\/product"}],"wp:featuredmedia":[{"embeddable":true,"href":"https:\/\/olemosaic.com\/pt-pt\/wp-json\/wp\/v2\/media\/10937"}],"wp:attachment":[{"href":"https:\/\/olemosaic.com\/pt-pt\/wp-json\/wp\/v2\/media?parent=24064"}],"wp:term":[{"taxonomy":"product_brand","embeddable":true,"href":"https:\/\/olemosaic.com\/pt-pt\/wp-json\/wp\/v2\/product_brand?post=24064"},{"taxonomy":"product_cat","embeddable":true,"href":"https:\/\/olemosaic.com\/pt-pt\/wp-json\/wp\/v2\/product_cat?post=24064"},{"taxonomy":"product_tag","embeddable":true,"href":"https:\/\/olemosaic.com\/pt-pt\/wp-json\/wp\/v2\/product_tag?post=24064"}],"curies":[{"name":"wp","href":"https:\/\/api.w.org\/{rel}","templated":true}]}}