{"id":24054,"date":"2025-02-20T23:31:58","date_gmt":"2025-02-20T22:31:58","guid":{"rendered":"https:\/\/olemosaic.com\/producto\/iman-de-ceramica-madrid-branco\/"},"modified":"2025-02-20T23:31:58","modified_gmt":"2025-02-20T22:31:58","slug":"iman-de-ceramica-madrid-branco","status":"publish","type":"product","link":"https:\/\/olemosaic.com\/pt-pt\/produto\/iman-de-ceramica-madrid-branco\/","title":{"rendered":"\u00cdman de cer\u00e2mica. Madrid. Branco."},"content":{"rendered":"<p>Este \u00edman redondo de cer\u00e2mica \u00e9 um cora\u00e7\u00e3o vibrante da cultura madrilena, decorado com uma bela ilustra\u00e7\u00e3o do ic\u00f3nico edif\u00edcio Puerta del Sol em Madrid. O seu acabamento branco serve de tela perfeita para detalhes pintados \u00e0 m\u00e3o que captam a ess\u00eancia cosmopolita da capital espanhola. Com cores vivas que se destacam no design, o \u00edman apresenta elementos ic\u00f3nicos como o rel\u00f3gio da Puerta del Sol, um s\u00edmbolo do metro e figuras representativas da vida quotidiana na cidade. Todos os detalhes, desde as express\u00f5es alegres das pessoas at\u00e9 \u00e0 arquitetura impressionante, reflectem a az\u00e1fama e o calor de Madrid, tornando-o uma recorda\u00e7\u00e3o aut\u00eantica e significativa.   <\/p>\n<p>Este \u00edman n\u00e3o \u00e9 apenas um acess\u00f3rio pr\u00e1tico para decorar qualquer frigor\u00edfico, mas tamb\u00e9m um s\u00edmbolo do patrim\u00f3nio cultural de Madrid, uma aut\u00eantica lembran\u00e7a que recorda as experi\u00eancias e mem\u00f3rias de uma visita a uma das cidades mais emblem\u00e1ticas de Espanha. Na Ol\u00e9 Mosaic, como distribuidor grossista de lembran\u00e7as, oferecemos-te esta pe\u00e7a \u00fanica que ser\u00e1 uma excelente atra\u00e7\u00e3o para as lojas de lembran\u00e7as tur\u00edsticas que procurem produtos que representem a riqueza cultural e art\u00edstica de Madrid. Este \u00edman de cer\u00e2mica \u00e9, sem d\u00favida, uma escolha ideal para os turistas que procuram lembran\u00e7as de qualidade e aut\u00eanticas da sua viagem.  <\/p>\n","protected":false},"excerpt":{"rendered":"<p>\u00cdman redondo de cer\u00e2mica decorado com uma ilustra\u00e7\u00e3o colorida do ic\u00f3nico edif\u00edcio Puerta del Sol de Madrid. Esta atraente lembran\u00e7a apresenta um acabamento branco com detalhes pintados \u00e0 m\u00e3o que reflectem a vibrante cultura de Madrid, incluindo um s\u00edmbolo do metro e figuras representativas. As suas cores vivas e o seu design \u00fanico fazem dela uma lembran\u00e7a perfeita da capital espanhola, ideal para decorar qualquer frigor\u00edfico.  <\/p>\n","protected":false},"featured_media":9961,"template":"","meta":{"_acf_changed":false},"product_brand":[],"product_cat":[699],"product_tag":[515],"class_list":{"0":"post-24054","1":"product","2":"type-product","3":"status-publish","4":"has-post-thumbnail","6":"product_cat-imanes","7":"product_tag-ceramica","8":"pa_ciudad-madrid","9":"pa_pais-espana","11":"first","12":"instock","13":"shipping-taxable","14":"product-type-simple"},"acf":[],"_links":{"self":[{"href":"https:\/\/olemosaic.com\/pt-pt\/wp-json\/wp\/v2\/product\/24054","targetHints":{"allow":["GET"]}}],"collection":[{"href":"https:\/\/olemosaic.com\/pt-pt\/wp-json\/wp\/v2\/product"}],"about":[{"href":"https:\/\/olemosaic.com\/pt-pt\/wp-json\/wp\/v2\/types\/product"}],"wp:featuredmedia":[{"embeddable":true,"href":"https:\/\/olemosaic.com\/pt-pt\/wp-json\/wp\/v2\/media\/9961"}],"wp:attachment":[{"href":"https:\/\/olemosaic.com\/pt-pt\/wp-json\/wp\/v2\/media?parent=24054"}],"wp:term":[{"taxonomy":"product_brand","embeddable":true,"href":"https:\/\/olemosaic.com\/pt-pt\/wp-json\/wp\/v2\/product_brand?post=24054"},{"taxonomy":"product_cat","embeddable":true,"href":"https:\/\/olemosaic.com\/pt-pt\/wp-json\/wp\/v2\/product_cat?post=24054"},{"taxonomy":"product_tag","embeddable":true,"href":"https:\/\/olemosaic.com\/pt-pt\/wp-json\/wp\/v2\/product_tag?post=24054"}],"curies":[{"name":"wp","href":"https:\/\/api.w.org\/{rel}","templated":true}]}}