{"id":24047,"date":"2025-02-20T23:31:57","date_gmt":"2025-02-20T22:31:57","guid":{"rendered":"https:\/\/olemosaic.com\/producto\/iman-em-ceramica-salamandra-e-flores-barcelona-branco\/"},"modified":"2025-02-20T23:31:57","modified_gmt":"2025-02-20T22:31:57","slug":"iman-em-ceramica-salamandra-e-flores-barcelona-branco","status":"publish","type":"product","link":"https:\/\/olemosaic.com\/pt-pt\/produto\/iman-em-ceramica-salamandra-e-flores-barcelona-branco\/","title":{"rendered":"\u00cdman em cer\u00e2mica. Salamandra e flores. Barcelona. Branco."},"content":{"rendered":"<p>Este \u00edman de cer\u00e2mica com uma salamandra colorida \u00e9 uma lembran\u00e7a distinta que capta a ess\u00eancia vibrante de Barcelona. Inspirado na ic\u00f3nica arquitetura modernista da cidade, este atraente souvenir apresenta um design em mosaico que combina tons de vermelho, amarelo, azul e verde sobre um fundo branco, evocando a criatividade e o esp\u00edrito art\u00edstico que caracteriza a capital catal\u00e3. A salamandra, s\u00edmbolo da natureza e da transforma\u00e7\u00e3o, tornou-se um elemento representativo da obra do famoso arquiteto Antoni Gaud\u00ed, e este \u00edman celebra essa rica liga\u00e7\u00e3o cultural.  <\/p>\n<p>Decorada \u00e0 m\u00e3o, cada pe\u00e7a apresenta pormenores \u00fanicos que a tornam uma excelente adi\u00e7\u00e3o para quem deseja recordar a sua visita a Barcelona ou enviar um peda\u00e7o da cidade a amigos e familiares. A inscri\u00e7\u00e3o &#8220;Barcelona&#8221; real\u00e7a a autenticidade desta lembran\u00e7a, tornando-a n\u00e3o s\u00f3 decorativa mas tamb\u00e9m emblem\u00e1tica. <\/p>\n<p>Ideal para fixar em qualquer superf\u00edcie met\u00e1lica, este \u00edman d\u00e1 um toque de originalidade e de cor \u00e0s casas e aos escrit\u00f3rios. Na Ol\u00e9 Mosaic, somos especialistas na distribui\u00e7\u00e3o grossista de lembran\u00e7as, oferecendo produtos aut\u00eanticos que reflectem a cultura local. Este \u00edman de salamandra \u00e9 uma escolha perfeita para as lojas de presentes tur\u00edsticos que procuram ligar os seus clientes \u00e0 ess\u00eancia de Barcelona e ao seu patrim\u00f3nio art\u00edstico.  <\/p>\n","protected":false},"excerpt":{"rendered":"<p>\u00cdman de cer\u00e2mica com uma salamandra colorida, inspirada na arquitetura de Barcelona. Esta atraente lembran\u00e7a apresenta um desenho em mosaico que combina tons vibrantes de vermelho, amarelo, azul e verde sobre um fundo branco. A pe\u00e7a \u00e9 feita \u00e0 m\u00e3o e decorada com a inscri\u00e7\u00e3o &#8220;Barcelona&#8221;, captando a ess\u00eancia da arte modernista da cidade. Perfeito para dar um toque original a qualquer superf\u00edcie met\u00e1lica.   <\/p>\n","protected":false},"featured_media":8096,"template":"","meta":{"_acf_changed":false},"product_brand":[],"product_cat":[699],"product_tag":[516,515],"class_list":{"0":"post-24047","1":"product","2":"type-product","3":"status-publish","4":"has-post-thumbnail","6":"product_cat-imanes","7":"product_tag-animais","8":"product_tag-ceramica","9":"pa_ciudad-barcelona","10":"pa_motivo-salamandras","11":"pa_pais-espana","13":"first","14":"instock","15":"shipping-taxable","16":"product-type-simple"},"acf":[],"_links":{"self":[{"href":"https:\/\/olemosaic.com\/pt-pt\/wp-json\/wp\/v2\/product\/24047","targetHints":{"allow":["GET"]}}],"collection":[{"href":"https:\/\/olemosaic.com\/pt-pt\/wp-json\/wp\/v2\/product"}],"about":[{"href":"https:\/\/olemosaic.com\/pt-pt\/wp-json\/wp\/v2\/types\/product"}],"wp:featuredmedia":[{"embeddable":true,"href":"https:\/\/olemosaic.com\/pt-pt\/wp-json\/wp\/v2\/media\/8096"}],"wp:attachment":[{"href":"https:\/\/olemosaic.com\/pt-pt\/wp-json\/wp\/v2\/media?parent=24047"}],"wp:term":[{"taxonomy":"product_brand","embeddable":true,"href":"https:\/\/olemosaic.com\/pt-pt\/wp-json\/wp\/v2\/product_brand?post=24047"},{"taxonomy":"product_cat","embeddable":true,"href":"https:\/\/olemosaic.com\/pt-pt\/wp-json\/wp\/v2\/product_cat?post=24047"},{"taxonomy":"product_tag","embeddable":true,"href":"https:\/\/olemosaic.com\/pt-pt\/wp-json\/wp\/v2\/product_tag?post=24047"}],"curies":[{"name":"wp","href":"https:\/\/api.w.org\/{rel}","templated":true}]}}