{"id":24040,"date":"2025-02-20T23:31:57","date_gmt":"2025-02-20T22:31:57","guid":{"rendered":"https:\/\/olemosaic.com\/producto\/iman-de-ceramica-patio-madrid-branco\/"},"modified":"2025-02-20T23:31:57","modified_gmt":"2025-02-20T22:31:57","slug":"iman-de-ceramica-patio-madrid-branco","status":"publish","type":"product","link":"https:\/\/olemosaic.com\/pt-pt\/produto\/iman-de-ceramica-patio-madrid-branco\/","title":{"rendered":"\u00cdman de cer\u00e2mica. P\u00e1tio. Madrid. Branco."},"content":{"rendered":"<p>Este \u00edman de cer\u00e2mica em forma de colher \u00e9 uma recorda\u00e7\u00e3o atractiva que resume a cultura vibrante de Madrid. Pintado \u00e0 m\u00e3o, apresenta uma cena animada de um p\u00e1tio t\u00edpico da capital, com uma dan\u00e7arina num cativante vestido de bolinhas vermelhas e um homem num elegante fato de charro, ambos a desfrutar de um ambiente festivo. O fundo branco real\u00e7a as cores vivas do \u00edman, dando um toque de brilho e frescura ao desenho. Os elementos decorativos, como as flores e as lanternas coloridas, juntamente com o texto &#8220;MADRID&#8221;, conferem um ar aut\u00eantico e representativo do folclore de Madrid, evocando as festas tradicionais e o calor das suas gentes.   <\/p>\n<p>Este \u00edman n\u00e3o \u00e9 apenas uma excelente recorda\u00e7\u00e3o da tua visita a Madrid, mas tamb\u00e9m um peda\u00e7o da cultura espanhola para levares para casa. Perfeito como lembran\u00e7a para aqueles que procuram uma liga\u00e7\u00e3o mais profunda com a cidade e uma representa\u00e7\u00e3o do seu esp\u00edrito festivo, este \u00edman \u00e9 ideal para lojas de presentes tur\u00edsticos que desejam oferecer produtos aut\u00eanticos e encantadores. Na Ol\u00e9 MOSAIC, somos distribuidores grossistas de lembran\u00e7as em cer\u00e2mica, garantindo a autenticidade, a qualidade e a est\u00e9tica de cada pe\u00e7a. Este \u00edman de cer\u00e2mica \u00e9, sem d\u00favida, uma excelente escolha para qualquer turista que deseje levar para casa uma recorda\u00e7\u00e3o significativa de Madrid.   <\/p>\n","protected":false},"excerpt":{"rendered":"<p>\u00cdman de cer\u00e2mica em forma de colher, decorado com uma cena animada de um p\u00e1tio t\u00edpico de Madrid. Esta atraente lembran\u00e7a apresenta um desenho artesanal pintado \u00e0 m\u00e3o, no qual uma bailarina, vestida com um vestido de bolinhas vermelhas, e um homem com um fato de charro desfrutam de uma noite festiva, rodeados de flores e lanternas coloridas. O fundo branco real\u00e7a as cores vivas e o texto &#8220;MADRID&#8221;, captando a ess\u00eancia do folclore madrileno.  <\/p>\n","protected":false},"featured_media":7981,"template":"","meta":{"_acf_changed":false},"product_brand":[],"product_cat":[699],"product_tag":[515],"class_list":{"0":"post-24040","1":"product","2":"type-product","3":"status-publish","4":"has-post-thumbnail","6":"product_cat-imanes","7":"product_tag-ceramica","8":"pa_ciudad-madrid","9":"pa_motivo-patios","10":"pa_pais-espana","12":"first","13":"instock","14":"shipping-taxable","15":"product-type-simple"},"acf":[],"_links":{"self":[{"href":"https:\/\/olemosaic.com\/pt-pt\/wp-json\/wp\/v2\/product\/24040","targetHints":{"allow":["GET"]}}],"collection":[{"href":"https:\/\/olemosaic.com\/pt-pt\/wp-json\/wp\/v2\/product"}],"about":[{"href":"https:\/\/olemosaic.com\/pt-pt\/wp-json\/wp\/v2\/types\/product"}],"wp:featuredmedia":[{"embeddable":true,"href":"https:\/\/olemosaic.com\/pt-pt\/wp-json\/wp\/v2\/media\/7981"}],"wp:attachment":[{"href":"https:\/\/olemosaic.com\/pt-pt\/wp-json\/wp\/v2\/media?parent=24040"}],"wp:term":[{"taxonomy":"product_brand","embeddable":true,"href":"https:\/\/olemosaic.com\/pt-pt\/wp-json\/wp\/v2\/product_brand?post=24040"},{"taxonomy":"product_cat","embeddable":true,"href":"https:\/\/olemosaic.com\/pt-pt\/wp-json\/wp\/v2\/product_cat?post=24040"},{"taxonomy":"product_tag","embeddable":true,"href":"https:\/\/olemosaic.com\/pt-pt\/wp-json\/wp\/v2\/product_tag?post=24040"}],"curies":[{"name":"wp","href":"https:\/\/api.w.org\/{rel}","templated":true}]}}