{"id":24037,"date":"2025-02-20T23:31:58","date_gmt":"2025-02-20T22:31:58","guid":{"rendered":"https:\/\/olemosaic.com\/producto\/iman-de-ceramica-sagrada-familia-barcelona-azul\/"},"modified":"2025-02-20T23:31:58","modified_gmt":"2025-02-20T22:31:58","slug":"iman-de-ceramica-sagrada-familia-barcelona-azul","status":"publish","type":"product","link":"https:\/\/olemosaic.com\/pt-pt\/produto\/iman-de-ceramica-sagrada-familia-barcelona-azul\/","title":{"rendered":"\u00cdman de cer\u00e2mica. Sagrada Fam\u00edlia. Barcelona. Azul."},"content":{"rendered":"<p>Este \u00edman de cer\u00e2mica com um design vibrante \u00e9 uma homenagem \u00e0 ic\u00f3nica Sagrada Fam\u00edlia, um dos monumentos mais emblem\u00e1ticos de Barcelona. Com um estilo colorido que real\u00e7a a arquitetura \u00fanica de Gaud\u00ed, esta lembran\u00e7a capta a ess\u00eancia da cidade em cada detalhe. O \u00edman apresenta uma ilustra\u00e7\u00e3o da Sagrada Fam\u00edlia em tons de vermelho e verde, real\u00e7ando a sua silhueta inconfund\u00edvel, rodeada por um fundo azul e amarelo que evoca os mosaicos carater\u00edsticos da obra de Gaud\u00ed.  <\/p>\n<p>Pintado \u00e0 m\u00e3o, cada \u00edman \u00e9 \u00fanico, reflectindo a dedica\u00e7\u00e3o artesanal que caracteriza as lembran\u00e7as aut\u00eanticas. Este \u00edman n\u00e3o \u00e9 apenas um acess\u00f3rio decorativo ideal para qualquer frigor\u00edfico, mas tamb\u00e9m uma recorda\u00e7\u00e3o constante das maravilhas de Barcelona e do seu rico patrim\u00f3nio cultural. Perfeito para os turistas que querem levar um pouco da cidade para casa ou para aqueles que desejam dar um toque de arte catal\u00e3, este \u00edman \u00e9 o presente ideal para os amantes da arte e da cultura. Na Ol\u00e9 Mosaic, como distribuidores grossistas de lembran\u00e7as de Barcelona, garantimos a autenticidade e a qualidade de cada pe\u00e7a, assegurando que este \u00edman \u00e9 um excelente representante da beleza da cidade.   <\/p>\n","protected":false},"excerpt":{"rendered":"<p>\u00cdman de cer\u00e2mica com um design vibrante, inspirado na arquitetura de Barcelona. Este \u00edman colorido apresenta uma ilustra\u00e7\u00e3o da ic\u00f3nica Sagrada Fam\u00edlia, com a sua forma carater\u00edstica em tons de vermelho e verde, contrastando com o fundo azul e amarelo, evocando os mosaicos de Gaud\u00ed. Pintado num estilo artesanal, esta lembran\u00e7a capta a ess\u00eancia da cidade, tornando-se uma excelente recorda\u00e7\u00e3o ou um presente atrativo para os amantes da arte e da cultura de Barcelona.  <\/p>\n","protected":false},"featured_media":12105,"template":"","meta":{"_acf_changed":false},"product_brand":[],"product_cat":[699],"product_tag":[515],"class_list":{"0":"post-24037","1":"product","2":"type-product","3":"status-publish","4":"has-post-thumbnail","6":"product_cat-imanes","7":"product_tag-ceramica","8":"pa_ciudad-barcelona","9":"pa_pais-espana","11":"first","12":"instock","13":"shipping-taxable","14":"product-type-simple"},"acf":[],"_links":{"self":[{"href":"https:\/\/olemosaic.com\/pt-pt\/wp-json\/wp\/v2\/product\/24037","targetHints":{"allow":["GET"]}}],"collection":[{"href":"https:\/\/olemosaic.com\/pt-pt\/wp-json\/wp\/v2\/product"}],"about":[{"href":"https:\/\/olemosaic.com\/pt-pt\/wp-json\/wp\/v2\/types\/product"}],"wp:featuredmedia":[{"embeddable":true,"href":"https:\/\/olemosaic.com\/pt-pt\/wp-json\/wp\/v2\/media\/12105"}],"wp:attachment":[{"href":"https:\/\/olemosaic.com\/pt-pt\/wp-json\/wp\/v2\/media?parent=24037"}],"wp:term":[{"taxonomy":"product_brand","embeddable":true,"href":"https:\/\/olemosaic.com\/pt-pt\/wp-json\/wp\/v2\/product_brand?post=24037"},{"taxonomy":"product_cat","embeddable":true,"href":"https:\/\/olemosaic.com\/pt-pt\/wp-json\/wp\/v2\/product_cat?post=24037"},{"taxonomy":"product_tag","embeddable":true,"href":"https:\/\/olemosaic.com\/pt-pt\/wp-json\/wp\/v2\/product_tag?post=24037"}],"curies":[{"name":"wp","href":"https:\/\/api.w.org\/{rel}","templated":true}]}}