{"id":24028,"date":"2025-02-20T23:31:57","date_gmt":"2025-02-20T22:31:57","guid":{"rendered":"https:\/\/olemosaic.com\/producto\/iman-de-ceramica-gaudi-barcelona-azul\/"},"modified":"2025-11-21T13:19:20","modified_gmt":"2025-11-21T12:19:20","slug":"iman-de-ceramica-gaudi-barcelona-azul","status":"publish","type":"product","link":"https:\/\/olemosaic.com\/pt-pt\/produto\/iman-de-ceramica-gaudi-barcelona-azul\/","title":{"rendered":"\u00cdman de cer\u00e2mica. Gaud\u00ed. Barcelona.   Azul."},"content":{"rendered":"<p>Este \u00edman de cer\u00e2mica de Barcelona \u00e9 uma bela recorda\u00e7\u00e3o que capta a ess\u00eancia desta cidade vibrante. Decorado com um panorama colorido da ic\u00f3nica Sagrada Fam\u00edlia, este \u00edman apresenta um design art\u00edstico que evoca o famoso estilo de mosaico de Antoni Gaud\u00ed. Com os seus tons vibrantes de azul, vermelho e verde, o \u00edman n\u00e3o \u00e9 apenas um objeto decorativo, mas uma verdadeira obra de arte que presta homenagem \u00e0 arquitetura modernista da cidade. A inscri\u00e7\u00e3o &#8220;Barcelona&#8221;, em letras grandes, destaca-se na parte superior, dando um toque distinto \u00e0 pe\u00e7a.   <\/p>\n<p>O desenho inclui outros monumentos representativos de Barcelona, criando um cen\u00e1rio que mergulhar\u00e1 os turistas na rica hist\u00f3ria e cultura da regi\u00e3o. Este \u00edman n\u00e3o \u00e9 apenas uma lembran\u00e7a de uma visita memor\u00e1vel, mas tamb\u00e9m um s\u00edmbolo do patrim\u00f3nio cultural da cidade, ideal para aqueles que desejam levar um peda\u00e7o de Barcelona para casa. Na Ol\u00e9 Mosaic, orgulhamo-nos de oferecer lembran\u00e7as aut\u00eanticas e de qualidade a pre\u00e7os grossistas, e este \u00edman de cer\u00e2mica \u00e9 uma excelente escolha para as lojas de lembran\u00e7as tur\u00edsticas que procuram produtos \u00fanicos que realcem a beleza e o esp\u00edrito de Barcelona. Com a sua relev\u00e2ncia cultural e apelo visual, cativar\u00e1 os amantes de lembran\u00e7as de cer\u00e2mica e da arquitetura espanhola.   <\/p>\n","protected":false},"excerpt":{"rendered":"<p>\u00cdman de cer\u00e2mica de Barcelona, decorado com um panorama colorido da Sagrada Fam\u00edlia e de outros monumentos emblem\u00e1ticos da cidade. Este \u00edman atraente apresenta um design vibrante em tons de azul, vermelho e verde, evocando o famoso estilo de mosaico de Gaud\u00ed. A inscri\u00e7\u00e3o &#8220;Barcelona&#8221; em letras garrafais destaca-se no topo, tornando este \u00edman uma excelente lembran\u00e7a que capta a ess\u00eancia arquitet\u00f3nica e cultural da cidade.  <\/p>\n","protected":false},"featured_media":12104,"template":"","meta":{"_acf_changed":false},"product_brand":[],"product_cat":[699],"product_tag":[515],"class_list":{"0":"post-24028","1":"product","2":"type-product","3":"status-publish","4":"has-post-thumbnail","6":"product_cat-imanes","7":"product_tag-ceramica","8":"pa_ciudad-barcelona","9":"pa_pais-espana","11":"first","12":"instock","13":"shipping-taxable","14":"product-type-simple"},"acf":[],"_links":{"self":[{"href":"https:\/\/olemosaic.com\/pt-pt\/wp-json\/wp\/v2\/product\/24028","targetHints":{"allow":["GET"]}}],"collection":[{"href":"https:\/\/olemosaic.com\/pt-pt\/wp-json\/wp\/v2\/product"}],"about":[{"href":"https:\/\/olemosaic.com\/pt-pt\/wp-json\/wp\/v2\/types\/product"}],"wp:featuredmedia":[{"embeddable":true,"href":"https:\/\/olemosaic.com\/pt-pt\/wp-json\/wp\/v2\/media\/12104"}],"wp:attachment":[{"href":"https:\/\/olemosaic.com\/pt-pt\/wp-json\/wp\/v2\/media?parent=24028"}],"wp:term":[{"taxonomy":"product_brand","embeddable":true,"href":"https:\/\/olemosaic.com\/pt-pt\/wp-json\/wp\/v2\/product_brand?post=24028"},{"taxonomy":"product_cat","embeddable":true,"href":"https:\/\/olemosaic.com\/pt-pt\/wp-json\/wp\/v2\/product_cat?post=24028"},{"taxonomy":"product_tag","embeddable":true,"href":"https:\/\/olemosaic.com\/pt-pt\/wp-json\/wp\/v2\/product_tag?post=24028"}],"curies":[{"name":"wp","href":"https:\/\/api.w.org\/{rel}","templated":true}]}}