{"id":24017,"date":"2025-02-20T23:31:56","date_gmt":"2025-02-20T22:31:56","guid":{"rendered":"https:\/\/olemosaic.com\/producto\/iman-de-ceramica-patio-andaluz-bailarina-branco\/"},"modified":"2025-02-20T23:31:56","modified_gmt":"2025-02-20T22:31:56","slug":"iman-de-ceramica-patio-andaluz-bailarina-branco","status":"publish","type":"product","link":"https:\/\/olemosaic.com\/pt-pt\/produto\/iman-de-ceramica-patio-andaluz-bailarina-branco\/","title":{"rendered":"\u00cdman de cer\u00e2mica. P\u00e1tio andaluz. Bailarina. Branco."},"content":{"rendered":"<p>Este \u00edman de cer\u00e2mica de design tradicional capta a ess\u00eancia vibrante do folclore andaluz, tornando-o uma aut\u00eantica recorda\u00e7\u00e3o de Espanha. Apresenta uma cena de efeito pintada \u00e0 m\u00e3o que ilustra uma dan\u00e7arina de flamenco num resplandecente vestido vermelho, acompanhada por um cavalheiro de chap\u00e9u e lanterna, rodeada por flores exuberantes e elementos t\u00edpicos de um p\u00e1tio pitoresco. O fundo branco do \u00edman proporciona um belo contraste que real\u00e7a as cores quentes e vivas da ilustra\u00e7\u00e3o, enquanto os pormenores salpicados de vermelho acrescentam um toque art\u00edstico que evoca o calor e a vibra\u00e7\u00e3o das festas andaluzas.  <\/p>\n<p>Este \u00edman n\u00e3o \u00e9 apenas um atrativo decorativo, mas uma representa\u00e7\u00e3o tang\u00edvel das tradi\u00e7\u00f5es culturais espanholas, ideal para quem procura uma lembran\u00e7a que combine arte e folclore. \u00c9 perfeito para decorar as superf\u00edcies met\u00e1licas da tua casa, oferecendo-te um pouco da Andaluzia em cada olhar. Na Ol\u00e9 Mosaic, como grossistas de lembran\u00e7as, propomos-te este \u00edman como uma excelente op\u00e7\u00e3o para as lojas de lembran\u00e7as tur\u00edsticas, onde a autenticidade e a qualidade s\u00e3o fundamentais. Este \u00edman de cer\u00e2mica \u00e9 um souvenir distintivo que far\u00e1 as del\u00edcias dos visitantes e lhes permitir\u00e1 levar para casa um peda\u00e7o da rica cultura espanhola.   <\/p>\n","protected":false},"excerpt":{"rendered":"<p>\u00cdman em cer\u00e2mica com um design tradicional que evoca um vibrante p\u00e1tio andaluz. Este \u00edman atraente apresenta uma cena pintada \u00e0 m\u00e3o e desenhada por um artes\u00e3o, com uma dan\u00e7arina de flamenco num vestido vermelho e um homem de chap\u00e9u, rodeados por flores e lanternas num fundo branco. O acabamento em cer\u00e2mica inclui pormenores salpicados de vermelho, criando uma liga\u00e7\u00e3o ao folclore espanhol e captando a ess\u00eancia da cultura do flamenco. Ideal para decora\u00e7\u00e3o e como lembran\u00e7a de Espanha.   <\/p>\n","protected":false},"featured_media":8431,"template":"","meta":{"_acf_changed":false},"product_brand":[],"product_cat":[699],"product_tag":[515],"class_list":{"0":"post-24017","1":"product","2":"type-product","3":"status-publish","4":"has-post-thumbnail","6":"product_cat-imanes","7":"product_tag-ceramica","8":"pa_motivo-patios","10":"first","11":"instock","12":"shipping-taxable","13":"product-type-simple"},"acf":[],"_links":{"self":[{"href":"https:\/\/olemosaic.com\/pt-pt\/wp-json\/wp\/v2\/product\/24017","targetHints":{"allow":["GET"]}}],"collection":[{"href":"https:\/\/olemosaic.com\/pt-pt\/wp-json\/wp\/v2\/product"}],"about":[{"href":"https:\/\/olemosaic.com\/pt-pt\/wp-json\/wp\/v2\/types\/product"}],"wp:featuredmedia":[{"embeddable":true,"href":"https:\/\/olemosaic.com\/pt-pt\/wp-json\/wp\/v2\/media\/8431"}],"wp:attachment":[{"href":"https:\/\/olemosaic.com\/pt-pt\/wp-json\/wp\/v2\/media?parent=24017"}],"wp:term":[{"taxonomy":"product_brand","embeddable":true,"href":"https:\/\/olemosaic.com\/pt-pt\/wp-json\/wp\/v2\/product_brand?post=24017"},{"taxonomy":"product_cat","embeddable":true,"href":"https:\/\/olemosaic.com\/pt-pt\/wp-json\/wp\/v2\/product_cat?post=24017"},{"taxonomy":"product_tag","embeddable":true,"href":"https:\/\/olemosaic.com\/pt-pt\/wp-json\/wp\/v2\/product_tag?post=24017"}],"curies":[{"name":"wp","href":"https:\/\/api.w.org\/{rel}","templated":true}]}}