{"id":24003,"date":"2025-02-20T23:31:56","date_gmt":"2025-02-20T22:31:56","guid":{"rendered":"https:\/\/olemosaic.com\/producto\/iman-de-ceramica-mosaico-azulejos-andaluzes-branco\/"},"modified":"2025-02-20T23:31:56","modified_gmt":"2025-02-20T22:31:56","slug":"iman-de-ceramica-mosaico-azulejos-andaluzes-branco","status":"publish","type":"product","link":"https:\/\/olemosaic.com\/pt-pt\/produto\/iman-de-ceramica-mosaico-azulejos-andaluzes-branco\/","title":{"rendered":"\u00cdman de cer\u00e2mica. Mosaico. Azulejos andaluzes. Branco."},"content":{"rendered":"<p>Este \u00edman de cer\u00e2mica com desenho de mosaico \u00e9 uma verdadeira homenagem \u00e0 rica tradi\u00e7\u00e3o do artesanato espanhol. Feito de cer\u00e2mica de alta qualidade, ilustra uma variedade vibrante de padr\u00f5es em tons de azul, vermelho e amarelo que evocam a ess\u00eancia dos azulejos andaluzes, um s\u00edmbolo da arte decorativa que adorna muitas das j\u00f3ias arquitect\u00f3nicas do pa\u00eds. As formas geom\u00e9tricas, cuidadosamente distribu\u00eddas sobre um fundo branco, criam um efeito visual harmonioso e cativante que \u00e9 simultaneamente moderno e tradicional.  <\/p>\n<p>Este \u00edman n\u00e3o \u00e9 apenas uma ferramenta funcional para embelezar qualquer superf\u00edcie met\u00e1lica, mas tamb\u00e9m uma forma de levares contigo um peda\u00e7o da cultura espanhola. Perfeito como lembran\u00e7a, este desenho capta a ess\u00eancia das viagens a terras de tradi\u00e7\u00e3o mosaica, deixando em cada casa vest\u00edgios de um rico patrim\u00f3nio cultural. Com a sua cor atraente e estilo distinto, \u00e9 uma excelente escolha para os turistas que procuram uma representa\u00e7\u00e3o aut\u00eantica de Espanha.  <\/p>\n<p>Na Ol\u00e9 Mosaic, especialistas na distribui\u00e7\u00e3o de lembran\u00e7as, oferecemos-te este \u00edman de cer\u00e2mica como parte da nossa variada cole\u00e7\u00e3o de produtos t\u00edpicos. Trata-se de uma lembran\u00e7a que, sem d\u00favida, far\u00e1 as del\u00edcias dos clientes das lojas de presentes tur\u00edsticos que procuram qualidade e relev\u00e2ncia cultural nos seus produtos. Este \u00edman em mosaico \u00e9 uma mostra perfeita da beleza que Espanha tem para oferecer e uma excelente forma de recordar os momentos preciosos da tua viagem.  <\/p>\n","protected":false},"excerpt":{"rendered":"<p>\u00cdman de cer\u00e2mica com desenho em mosaico, inspirado na rica tradi\u00e7\u00e3o do artesanato espanhol. Este \u00edman atraente apresenta uma variedade de padr\u00f5es coloridos em tons de azul, vermelho e amarelo, evocando a ess\u00eancia dos azulejos andaluzes. As formas geom\u00e9tricas combinam-se harmoniosamente sobre um fundo branco, criando um efeito visual vibrante. Ideal para recordar as tuas viagens ou para embelezar qualquer superf\u00edcie met\u00e1lica. \u00c9 perfeito como lembran\u00e7a ou presente.    <\/p>\n","protected":false},"featured_media":9035,"template":"","meta":{"_acf_changed":false},"product_brand":[],"product_cat":[699],"product_tag":[515],"class_list":{"0":"post-24003","1":"product","2":"type-product","3":"status-publish","4":"has-post-thumbnail","6":"product_cat-imanes","7":"product_tag-ceramica","8":"pa_motivo-mosaico","10":"first","11":"instock","12":"shipping-taxable","13":"product-type-simple"},"acf":[],"_links":{"self":[{"href":"https:\/\/olemosaic.com\/pt-pt\/wp-json\/wp\/v2\/product\/24003","targetHints":{"allow":["GET"]}}],"collection":[{"href":"https:\/\/olemosaic.com\/pt-pt\/wp-json\/wp\/v2\/product"}],"about":[{"href":"https:\/\/olemosaic.com\/pt-pt\/wp-json\/wp\/v2\/types\/product"}],"wp:featuredmedia":[{"embeddable":true,"href":"https:\/\/olemosaic.com\/pt-pt\/wp-json\/wp\/v2\/media\/9035"}],"wp:attachment":[{"href":"https:\/\/olemosaic.com\/pt-pt\/wp-json\/wp\/v2\/media?parent=24003"}],"wp:term":[{"taxonomy":"product_brand","embeddable":true,"href":"https:\/\/olemosaic.com\/pt-pt\/wp-json\/wp\/v2\/product_brand?post=24003"},{"taxonomy":"product_cat","embeddable":true,"href":"https:\/\/olemosaic.com\/pt-pt\/wp-json\/wp\/v2\/product_cat?post=24003"},{"taxonomy":"product_tag","embeddable":true,"href":"https:\/\/olemosaic.com\/pt-pt\/wp-json\/wp\/v2\/product_tag?post=24003"}],"curies":[{"name":"wp","href":"https:\/\/api.w.org\/{rel}","templated":true}]}}