{"id":23999,"date":"2025-02-20T22:31:55","date_gmt":"2025-02-20T22:31:55","guid":{"rendered":"https:\/\/olemosaic.com\/producto\/iman-de-ceramica-mosaico-branco\/"},"modified":"2025-02-20T22:31:55","modified_gmt":"2025-02-20T21:31:55","slug":"iman-de-ceramica-mosaico-branco","status":"publish","type":"product","link":"https:\/\/olemosaic.com\/pt-pt\/produto\/iman-de-ceramica-mosaico-branco\/","title":{"rendered":"\u00cdman de cer\u00e2mica. Mosaico. Branco."},"content":{"rendered":"<p>Este \u00edman de cer\u00e2mica, com o seu desenho de mosaico colorido, \u00e9 um objeto decorativo indispens\u00e1vel para qualquer amante da cultura espanhola. Inspirado nos famosos azulejos que adornam as ruas e os edif\u00edcios de Espanha, este \u00edman apresenta uma combina\u00e7\u00e3o vibrante de padr\u00f5es em tons de azul, vermelho e laranja, evocando a riqueza do folclore espanhol. Cada sec\u00e7\u00e3o do mosaico foi cuidadosamente trabalhada, apresentando detalhes art\u00edsticos que captam a ess\u00eancia das tradi\u00e7\u00f5es locais.  <\/p>\n<p>O design apresenta motivos geom\u00e9tricos e florais que lembram a cer\u00e2mica artesanal de diferentes regi\u00f5es, acrescentando um toque cultural que transforma qualquer espa\u00e7o. O seu acabamento brilhante real\u00e7a a intensidade das cores, tornando este \u00edman n\u00e3o s\u00f3 uma ferramenta pr\u00e1tica para guardar notas ou fotografias no frigor\u00edfico, mas tamb\u00e9m um elemento decorativo atraente. <\/p>\n<p>Este \u00edman \u00e9 uma lembran\u00e7a perfeita que representa a autenticidade de Espanha e \u00e9 um s\u00edmbolo das suas tradi\u00e7\u00f5es art\u00edsticas. Na Ol\u00e9 Mosaic somos especialistas na distribui\u00e7\u00e3o de lembran\u00e7as por grosso, e este \u00edman de cer\u00e2mica \u00e9 uma excelente op\u00e7\u00e3o para as lojas de lembran\u00e7as tur\u00edsticas que queiram oferecer aos seus clientes lembran\u00e7as que se relacionem com a cultura espanhola. N\u00e3o percas a oportunidade de levar um peda\u00e7o de Espanha contigo.  <\/p>\n","protected":false},"excerpt":{"rendered":"<p>\u00cdman de cer\u00e2mica com um desenho de mosaico colorido, ideal para decorar qualquer espa\u00e7o. Este \u00edman apresenta uma combina\u00e7\u00e3o vibrante de padr\u00f5es t\u00edpicos em tons de azul, vermelho e laranja, inspirados nos famosos azulejos espanh\u00f3is. Os elementos decorativos d\u00e3o-lhe um toque cultural e art\u00edstico, captando a ess\u00eancia do folclore espanhol. O seu acabamento brilhante e o detalhe de cada sec\u00e7\u00e3o fazem dele uma lembran\u00e7a perfeita para recordar a tua visita a Espanha.   <\/p>\n","protected":false},"featured_media":8905,"template":"","meta":{"_acf_changed":false},"product_brand":[],"product_cat":[699],"product_tag":[515],"class_list":{"0":"post-23999","1":"product","2":"type-product","3":"status-publish","4":"has-post-thumbnail","6":"product_cat-imanes","7":"product_tag-ceramica","8":"pa_motivo-mosaico","10":"first","11":"instock","12":"shipping-taxable","13":"product-type-simple"},"acf":[],"_links":{"self":[{"href":"https:\/\/olemosaic.com\/pt-pt\/wp-json\/wp\/v2\/product\/23999","targetHints":{"allow":["GET"]}}],"collection":[{"href":"https:\/\/olemosaic.com\/pt-pt\/wp-json\/wp\/v2\/product"}],"about":[{"href":"https:\/\/olemosaic.com\/pt-pt\/wp-json\/wp\/v2\/types\/product"}],"wp:featuredmedia":[{"embeddable":true,"href":"https:\/\/olemosaic.com\/pt-pt\/wp-json\/wp\/v2\/media\/8905"}],"wp:attachment":[{"href":"https:\/\/olemosaic.com\/pt-pt\/wp-json\/wp\/v2\/media?parent=23999"}],"wp:term":[{"taxonomy":"product_brand","embeddable":true,"href":"https:\/\/olemosaic.com\/pt-pt\/wp-json\/wp\/v2\/product_brand?post=23999"},{"taxonomy":"product_cat","embeddable":true,"href":"https:\/\/olemosaic.com\/pt-pt\/wp-json\/wp\/v2\/product_cat?post=23999"},{"taxonomy":"product_tag","embeddable":true,"href":"https:\/\/olemosaic.com\/pt-pt\/wp-json\/wp\/v2\/product_tag?post=23999"}],"curies":[{"name":"wp","href":"https:\/\/api.w.org\/{rel}","templated":true}]}}