{"id":23990,"date":"2025-02-20T23:31:55","date_gmt":"2025-02-20T22:31:55","guid":{"rendered":"https:\/\/olemosaic.com\/producto\/borboleta-azul-figura-em-mosaico-de-12-cm\/"},"modified":"2025-02-20T23:31:55","modified_gmt":"2025-02-20T22:31:55","slug":"borboleta-azul-figura-em-mosaico-de-12-cm","status":"publish","type":"product","link":"https:\/\/olemosaic.com\/pt-pt\/produto\/borboleta-azul-figura-em-mosaico-de-12-cm\/","title":{"rendered":"Borboleta azul. Figura em mosaico de 12 cm."},"content":{"rendered":"<p>Esta bela lembran\u00e7a de borboleta azul \u00e9 uma elegante estatueta de resina de 12 cm com efeito pintado \u00e0 m\u00e3o que capta a ess\u00eancia da beleza natural. Com um design intrincado e tons azuis vibrantes, as asas da borboleta s\u00e3o delicadamente decoradas com padr\u00f5es de linhas pretas que simulam veias naturais, trazendo um ar de realismo e sofistica\u00e7\u00e3o. Toques de branco d\u00e3o um contraste atraente, enquanto o acabamento brilhante real\u00e7a a luminosidade da pe\u00e7a, tornando-a uma decora\u00e7\u00e3o perfeita para qualquer espa\u00e7o.  <\/p>\n<p>A borboleta, s\u00edmbolo de transforma\u00e7\u00e3o e liberdade, \u00e9 um elemento recorrente na cultura espanhola, evocando a rica biodiversidade do pa\u00eds e o apre\u00e7o pela natureza. Esta lembran\u00e7a \u00e9 ideal n\u00e3o s\u00f3 para quem procura uma recorda\u00e7\u00e3o representativa da sua visita, mas tamb\u00e9m para quem deseja dar um toque de alegria e cor \u00e0 sua casa. <\/p>\n<p>Na Ol\u00e9 Mosaic oferecemos-te uma sele\u00e7\u00e3o exclusiva de lembran\u00e7as que reflectem a autenticidade e o artesanato t\u00edpico de Espanha, e este produto em destaque \u00e9 uma escolha perfeita para as lojas de lembran\u00e7as tur\u00edsticas. Ao comprares esta estatueta de borboleta, n\u00e3o s\u00f3 obt\u00e9ns um ornamento encantador, como tamb\u00e9m uma pe\u00e7a que celebra a beleza cultural e natural da regi\u00e3o. Como grossista de lembran\u00e7as, garantimos que cada produto \u00e9 uma representa\u00e7\u00e3o fiel e de qualidade que os turistas ir\u00e3o apreciar.  <\/p>\n","protected":false},"excerpt":{"rendered":"<p>Estatueta de borboleta azul, 12 cm de tamanho, pintada \u00e0 m\u00e3o. Esta encantadora lembran\u00e7a apresenta um design detalhado com asas em tons azuis vibrantes, decoradas com um padr\u00e3o intrincado de linhas pretas que simulam veias naturais. Os toques de branco criam um contraste atraente e o acabamento brilhante real\u00e7a a beleza da figura. Ideal para decorar espa\u00e7os e evocar a ess\u00eancia da natureza em qualquer casa.   <\/p>\n","protected":false},"featured_media":11064,"template":"","meta":{"_acf_changed":false},"product_brand":[],"product_cat":[552],"product_tag":[516],"class_list":{"0":"post-23990","1":"product","2":"type-product","3":"status-publish","4":"has-post-thumbnail","6":"product_cat-numeros","7":"product_tag-animais","8":"pa_motivo-borboletas","10":"first","11":"instock","12":"shipping-taxable","13":"product-type-simple"},"acf":[],"_links":{"self":[{"href":"https:\/\/olemosaic.com\/pt-pt\/wp-json\/wp\/v2\/product\/23990","targetHints":{"allow":["GET"]}}],"collection":[{"href":"https:\/\/olemosaic.com\/pt-pt\/wp-json\/wp\/v2\/product"}],"about":[{"href":"https:\/\/olemosaic.com\/pt-pt\/wp-json\/wp\/v2\/types\/product"}],"wp:featuredmedia":[{"embeddable":true,"href":"https:\/\/olemosaic.com\/pt-pt\/wp-json\/wp\/v2\/media\/11064"}],"wp:attachment":[{"href":"https:\/\/olemosaic.com\/pt-pt\/wp-json\/wp\/v2\/media?parent=23990"}],"wp:term":[{"taxonomy":"product_brand","embeddable":true,"href":"https:\/\/olemosaic.com\/pt-pt\/wp-json\/wp\/v2\/product_brand?post=23990"},{"taxonomy":"product_cat","embeddable":true,"href":"https:\/\/olemosaic.com\/pt-pt\/wp-json\/wp\/v2\/product_cat?post=23990"},{"taxonomy":"product_tag","embeddable":true,"href":"https:\/\/olemosaic.com\/pt-pt\/wp-json\/wp\/v2\/product_tag?post=23990"}],"curies":[{"name":"wp","href":"https:\/\/api.w.org\/{rel}","templated":true}]}}