{"id":23986,"date":"2025-02-20T23:31:54","date_gmt":"2025-02-20T22:31:54","guid":{"rendered":"https:\/\/olemosaic.com\/producto\/taca-de-coco-vermelha-cavalo-marinho-mediterraneo-barcelona\/"},"modified":"2025-02-20T23:31:54","modified_gmt":"2025-02-20T22:31:54","slug":"taca-de-coco-vermelha-cavalo-marinho-mediterraneo-barcelona","status":"publish","type":"product","link":"https:\/\/olemosaic.com\/pt-pt\/produto\/taca-de-coco-vermelha-cavalo-marinho-mediterraneo-barcelona\/","title":{"rendered":"Ta\u00e7a de coco vermelha. Cavalo marinho. Mediterr\u00e2neo. Barcelona."},"content":{"rendered":"<p>Esta requintada ta\u00e7a de coco vermelha, decorada com um elegante cavalo-marinho, \u00e9 uma maravilhosa recorda\u00e7\u00e3o de Barcelona, ideal para quem deseja levar para casa um peda\u00e7o da rica cultura mediterr\u00e2nica. Feita \u00e0 m\u00e3o, esta ta\u00e7a destaca-se pela sua cor vermelha viva, que evoca o encanto vibrante da cidade. A superf\u00edcie \u00e9 cuidadosamente pintada \u00e0 m\u00e3o com detalhes intrincados em tons de dourado, criando um contraste fascinante que real\u00e7a a figura central do cavalo-marinho. Este toque decorativo n\u00e3o \u00e9 apenas uma representa\u00e7\u00e3o art\u00edstica, mas tamb\u00e9m um s\u00edmbolo da biodiversidade marinha que rodeia a cidade, tornando-a numa pe\u00e7a \u00fanica.   <\/p>\n<p>O design apresenta padr\u00f5es delicados que lembram as ondas da \u00e1gua, evocando a tranquilidade do Mar Mediterr\u00e2neo. A cuidadosa aten\u00e7\u00e3o aos detalhes, incluindo a silhueta meticulosa do cavalo-marinho, faz desta ta\u00e7a um objeto verdadeiramente especial, perfeito para mostrar a ess\u00eancia de Barcelona em qualquer casa. Como uma recorda\u00e7\u00e3o aut\u00eantica, esta ta\u00e7a n\u00e3o \u00e9 apenas decorativa, mas tamb\u00e9m funcional, ideal para expor fruta, servir refei\u00e7\u00f5es ligeiras ou simplesmente como elemento decorativo.  <\/p>\n<p>Na Ol\u00e9 Mosaic somos especialistas na distribui\u00e7\u00e3o de lembran\u00e7as por grosso, fazendo com que cada pe\u00e7a, como esta ta\u00e7a de coco vermelho, leve consigo um pouco da cultura e da tradi\u00e7\u00e3o catal\u00e3s. Esta ta\u00e7a \u00e9 uma excelente op\u00e7\u00e3o para as lojas de presentes tur\u00edsticos que procuram oferecer produtos de qualidade com uma liga\u00e7\u00e3o cultural significativa. <\/p>\n","protected":false},"excerpt":{"rendered":"<p>Ta\u00e7a de coco vermelha decorada com um elegante cavalo-marinho, uma recorda\u00e7\u00e3o t\u00edpica de Barcelona. Esta bonita lembran\u00e7a apresenta um design artesanal pintado \u00e0 m\u00e3o em tons de dourado e vermelho que evocam a rica cultura da cidade. A figura central do cavalo-marinho \u00e9 meticulosamente detalhada, destacando a sua silhueta num fundo delicadamente estampado, tornando-a uma pe\u00e7a \u00fanica que capta a ess\u00eancia do Mediterr\u00e2neo.  <\/p>\n","protected":false},"featured_media":10140,"template":"","meta":{"_acf_changed":false},"product_brand":[],"product_cat":[513],"product_tag":[516],"class_list":{"0":"post-23986","1":"product","2":"type-product","3":"status-publish","4":"has-post-thumbnail","6":"product_cat-bols","7":"product_tag-animais","8":"pa_ciudad-barcelona","9":"pa_motivo-cavalos-marinhos","10":"pa_pais-espana","12":"first","13":"instock","14":"shipping-taxable","15":"product-type-simple"},"acf":[],"_links":{"self":[{"href":"https:\/\/olemosaic.com\/pt-pt\/wp-json\/wp\/v2\/product\/23986","targetHints":{"allow":["GET"]}}],"collection":[{"href":"https:\/\/olemosaic.com\/pt-pt\/wp-json\/wp\/v2\/product"}],"about":[{"href":"https:\/\/olemosaic.com\/pt-pt\/wp-json\/wp\/v2\/types\/product"}],"wp:featuredmedia":[{"embeddable":true,"href":"https:\/\/olemosaic.com\/pt-pt\/wp-json\/wp\/v2\/media\/10140"}],"wp:attachment":[{"href":"https:\/\/olemosaic.com\/pt-pt\/wp-json\/wp\/v2\/media?parent=23986"}],"wp:term":[{"taxonomy":"product_brand","embeddable":true,"href":"https:\/\/olemosaic.com\/pt-pt\/wp-json\/wp\/v2\/product_brand?post=23986"},{"taxonomy":"product_cat","embeddable":true,"href":"https:\/\/olemosaic.com\/pt-pt\/wp-json\/wp\/v2\/product_cat?post=23986"},{"taxonomy":"product_tag","embeddable":true,"href":"https:\/\/olemosaic.com\/pt-pt\/wp-json\/wp\/v2\/product_tag?post=23986"}],"curies":[{"name":"wp","href":"https:\/\/api.w.org\/{rel}","templated":true}]}}