{"id":23975,"date":"2025-02-20T22:31:53","date_gmt":"2025-02-20T22:31:53","guid":{"rendered":"https:\/\/olemosaic.com\/producto\/capa-para-telemovel-para-iphone-13-pro-tpu-borboleta-maiorca-branco\/"},"modified":"2025-02-20T22:31:53","modified_gmt":"2025-02-20T21:31:53","slug":"capa-para-telemovel-para-iphone-13-pro-tpu-borboleta-maiorca-branco","status":"publish","type":"product","link":"https:\/\/olemosaic.com\/pt-pt\/produto\/capa-para-telemovel-para-iphone-13-pro-tpu-borboleta-maiorca-branco\/","title":{"rendered":"Capa para telem\u00f3vel para iPhone 13 Pro (TPU). Borboleta. Maiorca.   Branco"},"content":{"rendered":"<p>Esta capa para iPhone 13 Pro \u00e9 um exemplo excecional de como combinar funcionalidade e estilo. Feito de TPU, este acess\u00f3rio n\u00e3o s\u00f3 protege o teu dispositivo de forma robusta, como tamb\u00e9m se destaca com o seu design vibrante de borboleta, inspirado na beleza cativante de Maiorca. O fundo branco da capa cria uma tela perfeita para um mosaico din\u00e2mico de borboletas, uma sinfonia de cores que inclui azuis refrescantes, vermelhos vibrantes e amarelos ensolarados, evocando a ess\u00eancia do Mediterr\u00e2neo e a rica biodiversidade da ilha.  <\/p>\n<p>O design apresenta v\u00e1rias borboletas, cada uma representando a vibra\u00e7\u00e3o e a diversidade da natureza de Maiorca. Na parte inferior, o texto &#8220;Mallorca&#8221; destaca-se em elegantes letras estilizadas, acrescentando um toque pessoal e distinto que faz deste estojo uma aut\u00eantica lembran\u00e7a da regi\u00e3o. Este souvenir \u00e9 muito mais do que um objeto funcional, \u00e9 um s\u00edmbolo da cultura e da arte local, ideal para os turistas que querem levar para casa um pouco da magia de Maiorca. Na Ol\u00e9 Mosaic, como distribuidores de produtos aut\u00eanticos, garantimos-te que este estojo n\u00e3o s\u00f3 cumpre as expectativas de estilo, como tamb\u00e9m \u00e9 uma excelente op\u00e7\u00e3o de lembran\u00e7a para quem procura algo representativo da sua viagem.   <\/p>\n","protected":false},"excerpt":{"rendered":"<p>Capa para iPhone 13 Pro, feita de TPU, com um design vibrante de borboleta inspirado na beleza de Maiorca. Esta capa branca apresenta borboletas coloridas num mosaico estilizado, combinando azuis, vermelhos e amarelos que captam a ess\u00eancia do Mediterr\u00e2neo. O texto &#8220;Mallorca&#8221; destaca-se na parte inferior, acrescentando um toque pessoal. Ideal para quem procura prote\u00e7\u00e3o e um estilo distinto.   <\/p>\n","protected":false},"featured_media":12934,"template":"","meta":{"_acf_changed":false},"product_brand":[],"product_cat":[685],"product_tag":[516],"class_list":{"0":"post-23975","1":"product","2":"type-product","3":"status-publish","4":"has-post-thumbnail","6":"product_cat-capas-para-telemoveis","7":"product_tag-animais","8":"pa_ciudad-mallorca","9":"pa_motivo-borboletas","10":"pa_pais-espana","12":"first","13":"instock","14":"shipping-taxable","15":"product-type-simple"},"acf":[],"_links":{"self":[{"href":"https:\/\/olemosaic.com\/pt-pt\/wp-json\/wp\/v2\/product\/23975","targetHints":{"allow":["GET"]}}],"collection":[{"href":"https:\/\/olemosaic.com\/pt-pt\/wp-json\/wp\/v2\/product"}],"about":[{"href":"https:\/\/olemosaic.com\/pt-pt\/wp-json\/wp\/v2\/types\/product"}],"wp:featuredmedia":[{"embeddable":true,"href":"https:\/\/olemosaic.com\/pt-pt\/wp-json\/wp\/v2\/media\/12934"}],"wp:attachment":[{"href":"https:\/\/olemosaic.com\/pt-pt\/wp-json\/wp\/v2\/media?parent=23975"}],"wp:term":[{"taxonomy":"product_brand","embeddable":true,"href":"https:\/\/olemosaic.com\/pt-pt\/wp-json\/wp\/v2\/product_brand?post=23975"},{"taxonomy":"product_cat","embeddable":true,"href":"https:\/\/olemosaic.com\/pt-pt\/wp-json\/wp\/v2\/product_cat?post=23975"},{"taxonomy":"product_tag","embeddable":true,"href":"https:\/\/olemosaic.com\/pt-pt\/wp-json\/wp\/v2\/product_tag?post=23975"}],"curies":[{"name":"wp","href":"https:\/\/api.w.org\/{rel}","templated":true}]}}