{"id":23961,"date":"2025-02-20T23:31:53","date_gmt":"2025-02-20T22:31:53","guid":{"rendered":"https:\/\/olemosaic.com\/producto\/jarro-de-ceramica-mosaico-a-alhambra-granada-bege\/"},"modified":"2025-02-20T23:31:53","modified_gmt":"2025-02-20T22:31:53","slug":"jarro-de-ceramica-mosaico-a-alhambra-granada-bege","status":"publish","type":"product","link":"https:\/\/olemosaic.com\/pt-pt\/produto\/jarro-de-ceramica-mosaico-a-alhambra-granada-bege\/","title":{"rendered":"Jarro de cer\u00e2mica. Mosaico. A Alhambra. Granada. Bege."},"content":{"rendered":"<p>Esta \u00e9 uma bela pe\u00e7a de recorda\u00e7\u00e3o: um jarro de cer\u00e2mica decorativo inspirado na majestosa Alhambra em Granada. A pe\u00e7a destaca-se pelo seu design vibrante em tons de bege, vermelho e verde, capturando a ess\u00eancia da fortaleza ic\u00f3nica e dos seus jardins encantadores num estilo de mosaico distinto. Todos os pormenores, desde as fachadas da Alhambra at\u00e9 \u00e0 rica vegeta\u00e7\u00e3o que a rodeia, foram meticulosamente reproduzidos num acabamento pintado \u00e0 m\u00e3o, garantindo que cada jarro \u00e9 \u00fanico e especial. O topo tem um rebordo regular que lhe d\u00e1 um toque tradicional, enquanto a pega robusta facilita o manuseamento. Al\u00e9m disso, a base, adornada com padr\u00f5es geom\u00e9tricos, evoca a rica heran\u00e7a cultural de Espanha, tornando este jarro n\u00e3o s\u00f3 um utens\u00edlio para desfrutar de bebidas, mas tamb\u00e9m uma pe\u00e7a decorativa que embeleza qualquer canto da casa. Esta lembran\u00e7a da Alhambra \u00e9 ideal para os turistas que procuram levar para casa um peda\u00e7o da hist\u00f3ria e da cultura de Granada. Na Ol\u00e9 Mosaic somos especialistas na distribui\u00e7\u00e3o grossista de lembran\u00e7as, e oferecemos-te canecas aut\u00eanticas que reflectem tradi\u00e7\u00e3o e arte. Perfeita para as lojas de lembran\u00e7as tur\u00edsticas, esta caneca de cer\u00e2mica representa uma liga\u00e7\u00e3o aut\u00eantica \u00e0 riqueza cultural de Granada.       <\/p>\n","protected":false},"excerpt":{"rendered":"<p>Jarra decorativa em cer\u00e2mica inspirada na majestosa Alhambra de Granada. Esta pe\u00e7a apresenta um design vibrante em tons de bege, vermelho e verde, representando a ic\u00f3nica fortaleza e os seus jardins, tudo num estilo de mosaico. Os pormenores coloridos evocam o rico patrim\u00f3nio cultural da regi\u00e3o. Com um acabamento artesanal, pintado \u00e0 m\u00e3o, este jarro \u00e9 ideal para desfrutar de bebidas ou como elemento decorativo em tua casa.   <\/p>\n","protected":false},"featured_media":7520,"template":"","meta":{"_acf_changed":false},"product_brand":[],"product_cat":[669],"product_tag":[515],"class_list":{"0":"post-23961","1":"product","2":"type-product","3":"status-publish","4":"has-post-thumbnail","6":"product_cat-jarras","7":"product_tag-ceramica","8":"pa_ciudad-granada","9":"pa_motivo-a-alhambra","10":"pa_pais-espana","12":"first","13":"instock","14":"shipping-taxable","15":"product-type-simple"},"acf":[],"_links":{"self":[{"href":"https:\/\/olemosaic.com\/pt-pt\/wp-json\/wp\/v2\/product\/23961","targetHints":{"allow":["GET"]}}],"collection":[{"href":"https:\/\/olemosaic.com\/pt-pt\/wp-json\/wp\/v2\/product"}],"about":[{"href":"https:\/\/olemosaic.com\/pt-pt\/wp-json\/wp\/v2\/types\/product"}],"wp:featuredmedia":[{"embeddable":true,"href":"https:\/\/olemosaic.com\/pt-pt\/wp-json\/wp\/v2\/media\/7520"}],"wp:attachment":[{"href":"https:\/\/olemosaic.com\/pt-pt\/wp-json\/wp\/v2\/media?parent=23961"}],"wp:term":[{"taxonomy":"product_brand","embeddable":true,"href":"https:\/\/olemosaic.com\/pt-pt\/wp-json\/wp\/v2\/product_brand?post=23961"},{"taxonomy":"product_cat","embeddable":true,"href":"https:\/\/olemosaic.com\/pt-pt\/wp-json\/wp\/v2\/product_cat?post=23961"},{"taxonomy":"product_tag","embeddable":true,"href":"https:\/\/olemosaic.com\/pt-pt\/wp-json\/wp\/v2\/product_tag?post=23961"}],"curies":[{"name":"wp","href":"https:\/\/api.w.org\/{rel}","templated":true}]}}