{"id":23952,"date":"2025-02-20T23:31:50","date_gmt":"2025-02-20T22:31:50","guid":{"rendered":"https:\/\/olemosaic.com\/producto\/presepio-figura-em-mosaico-de\/"},"modified":"2025-02-20T23:31:50","modified_gmt":"2025-02-20T22:31:50","slug":"presepio-figura-em-mosaico-de","status":"publish","type":"product","link":"https:\/\/olemosaic.com\/pt-pt\/produto\/presepio-figura-em-mosaico-de\/","title":{"rendered":"Pres\u00e9pio. Figura em mosaico de"},"content":{"rendered":"<p>Este encantador pres\u00e9pio, feito em resina com efeito pintado \u00e0 m\u00e3o, \u00e9 a lembran\u00e7a perfeita para celebrar a \u00e9poca natal\u00edcia, evocando a ess\u00eancia tradicional espanhola. Composto pelas figuras de Jos\u00e9, Maria e o menino Jesus, este pres\u00e9pio inclui tamb\u00e9m um boi e uma ovelha, criando uma cena cativante que capta o esp\u00edrito da v\u00e9spera de Natal. As figuras apresentam um deslumbrante design em mosaico, onde cores vibrantes se entrela\u00e7am, dando vida a cada personagem de uma forma \u00fanica e apelativa.  <\/p>\n<p>A aten\u00e7\u00e3o meticulosa aos detalhes reflecte-se nas express\u00f5es dos rostos e nos trajes das personagens principais, bem como nas tonalidades dos animais, que contribuem para a atmosfera de calor e amor. Esta pe\u00e7a n\u00e3o s\u00f3 \u00e9 um elemento decorativo ideal para adornar a casa durante a \u00e9poca festiva, como tamb\u00e9m se torna uma bela recorda\u00e7\u00e3o cultural das tradi\u00e7\u00f5es natal\u00edcias espanholas, enraizadas num rico patrim\u00f3nio de artesanato e simbolismo. <\/p>\n<p>Na Ol\u00e9 MOSAIC somos l\u00edderes na distribui\u00e7\u00e3o de lembran\u00e7as por grosso, e este pres\u00e9pio \u00e9 uma excelente op\u00e7\u00e3o para as lojas de lembran\u00e7as tur\u00edsticas que queiram oferecer produtos aut\u00eanticos que valorizem a cultura espanhola. A compra deste pres\u00e9pio garante aos teus clientes uma recorda\u00e7\u00e3o significativa da sua experi\u00eancia em Espanha, refor\u00e7ando a liga\u00e7\u00e3o emocional com a celebra\u00e7\u00e3o do Natal. <\/p>\n","protected":false},"excerpt":{"rendered":"<p>Estatueta artesanal pintada \u00e0 m\u00e3o, representando o nascimento de Jesus, ideal para decorar a tua casa durante as festas de Natal. Este encantador pres\u00e9pio destaca-se pelas suas cores vibrantes e pelo desenho em mosaico, com as figuras de Jos\u00e9, Maria e o menino, acompanhados por um boi e uma ovelha. Cada detalhe \u00e9 cuidadosamente trabalhado, tornando esta pe\u00e7a uma bela lembran\u00e7a da tradi\u00e7\u00e3o natal\u00edcia espanhola.  <\/p>\n","protected":false},"featured_media":11107,"template":"","meta":{"_acf_changed":false},"product_brand":[],"product_cat":[552],"product_tag":[642],"class_list":{"0":"post-23952","1":"product","2":"type-product","3":"status-publish","4":"has-post-thumbnail","6":"product_cat-numeros","7":"product_tag-natal","8":"pa_motivo-nascimento","10":"first","11":"instock","12":"shipping-taxable","13":"product-type-simple"},"acf":[],"_links":{"self":[{"href":"https:\/\/olemosaic.com\/pt-pt\/wp-json\/wp\/v2\/product\/23952","targetHints":{"allow":["GET"]}}],"collection":[{"href":"https:\/\/olemosaic.com\/pt-pt\/wp-json\/wp\/v2\/product"}],"about":[{"href":"https:\/\/olemosaic.com\/pt-pt\/wp-json\/wp\/v2\/types\/product"}],"wp:featuredmedia":[{"embeddable":true,"href":"https:\/\/olemosaic.com\/pt-pt\/wp-json\/wp\/v2\/media\/11107"}],"wp:attachment":[{"href":"https:\/\/olemosaic.com\/pt-pt\/wp-json\/wp\/v2\/media?parent=23952"}],"wp:term":[{"taxonomy":"product_brand","embeddable":true,"href":"https:\/\/olemosaic.com\/pt-pt\/wp-json\/wp\/v2\/product_brand?post=23952"},{"taxonomy":"product_cat","embeddable":true,"href":"https:\/\/olemosaic.com\/pt-pt\/wp-json\/wp\/v2\/product_cat?post=23952"},{"taxonomy":"product_tag","embeddable":true,"href":"https:\/\/olemosaic.com\/pt-pt\/wp-json\/wp\/v2\/product_tag?post=23952"}],"curies":[{"name":"wp","href":"https:\/\/api.w.org\/{rel}","templated":true}]}}