{"id":23940,"date":"2025-02-20T23:31:52","date_gmt":"2025-02-20T22:31:52","guid":{"rendered":"https:\/\/olemosaic.com\/producto\/bola-de-natal-com-caixa-panoramica-ponte-de-toledo-madrid\/"},"modified":"2025-02-20T23:31:52","modified_gmt":"2025-02-20T22:31:52","slug":"bola-de-natal-com-caixa-panoramica-ponte-de-toledo-madrid","status":"publish","type":"product","link":"https:\/\/olemosaic.com\/pt-pt\/produto\/bola-de-natal-com-caixa-panoramica-ponte-de-toledo-madrid\/","title":{"rendered":"Bola de Natal com caixa. Panor\u00e2mica.  Ponte de Toledo. Madrid."},"content":{"rendered":"<p>Esta encantadora lembran\u00e7a \u00e9 uma bola de Natal em cer\u00e2mica decorada com um panorama vibrante de Madrid, captando a ess\u00eancia da cidade em cada detalhe. Apresenta ilustra\u00e7\u00f5es coloridas da ic\u00f3nica Ponte de Toledo, um s\u00edmbolo emblem\u00e1tico que exemplifica a rica hist\u00f3ria e a beleza arquitet\u00f3nica da capital espanhola. A bola, trabalhada em cer\u00e2mica de alta qualidade, inclui finos detalhes em mosaico que evocam a arte tradicional madrilena, acrescentando um toque cultural que a torna um recurso decorativo excecional.  <\/p>\n<p>O design da bola destaca-se n\u00e3o s\u00f3 pelas suas cores vivas, mas tamb\u00e9m pela fita vermelha que a acompanha, o que facilita a sua coloca\u00e7\u00e3o na \u00e1rvore de Natal e aumenta o seu atrativo visual. Este ornamento festivo \u00e9 perfeito n\u00e3o s\u00f3 para dar um toque de Natal a qualquer casa, mas tamb\u00e9m como uma lembran\u00e7a significativa para aqueles que querem levar um pedacinho de Madrid para casa. <\/p>\n<p>Na Ol\u00e9 Mosaic, entendemos a import\u00e2ncia de oferecer lembran\u00e7as aut\u00eanticas e significativas que representem a cultura local. Esta bola de Natal \u00e9 uma excelente escolha para as lojas de recorda\u00e7\u00f5es tur\u00edsticas que procuram produtos de qualidade e culturalmente relevantes. Como distribuidor de lembran\u00e7as, garantimos que cada pe\u00e7a conta uma hist\u00f3ria e \u00e9 um reflexo aut\u00eantico da rica cultura espanhola, tornando este produto uma escolha ideal para quem procura lembran\u00e7as de Madrid.  <\/p>\n","protected":false},"excerpt":{"rendered":"<p>Bola de Natal em cer\u00e2mica com caixa, decorada com um encantador panorama de Madrid. Este ornamento festivo apresenta ilustra\u00e7\u00f5es coloridas da ic\u00f3nica Ponte de Toledo e detalhes em mosaico que evocam a arte tradicional da cidade. A bola inclui uma fita vermelha para pendurar, aumentando o seu atrativo visual. Ideal para dar um toque natal\u00edcio e cultural \u00e0 tua casa, representa a ess\u00eancia de Madrid em cada detalhe.   <\/p>\n","protected":false},"featured_media":9853,"template":"","meta":{"_acf_changed":false},"product_brand":[],"product_cat":[652],"product_tag":[642],"class_list":{"0":"post-23940","1":"product","2":"type-product","3":"status-publish","4":"has-post-thumbnail","6":"product_cat-bolas-de-natal","7":"product_tag-natal","8":"pa_ciudad-madrid","9":"pa_motivo-panoramas","10":"pa_pais-espana","12":"first","13":"instock","14":"shipping-taxable","15":"product-type-simple"},"acf":[],"_links":{"self":[{"href":"https:\/\/olemosaic.com\/pt-pt\/wp-json\/wp\/v2\/product\/23940","targetHints":{"allow":["GET"]}}],"collection":[{"href":"https:\/\/olemosaic.com\/pt-pt\/wp-json\/wp\/v2\/product"}],"about":[{"href":"https:\/\/olemosaic.com\/pt-pt\/wp-json\/wp\/v2\/types\/product"}],"wp:featuredmedia":[{"embeddable":true,"href":"https:\/\/olemosaic.com\/pt-pt\/wp-json\/wp\/v2\/media\/9853"}],"wp:attachment":[{"href":"https:\/\/olemosaic.com\/pt-pt\/wp-json\/wp\/v2\/media?parent=23940"}],"wp:term":[{"taxonomy":"product_brand","embeddable":true,"href":"https:\/\/olemosaic.com\/pt-pt\/wp-json\/wp\/v2\/product_brand?post=23940"},{"taxonomy":"product_cat","embeddable":true,"href":"https:\/\/olemosaic.com\/pt-pt\/wp-json\/wp\/v2\/product_cat?post=23940"},{"taxonomy":"product_tag","embeddable":true,"href":"https:\/\/olemosaic.com\/pt-pt\/wp-json\/wp\/v2\/product_tag?post=23940"}],"curies":[{"name":"wp","href":"https:\/\/api.w.org\/{rel}","templated":true}]}}