{"id":23933,"date":"2025-02-20T23:31:52","date_gmt":"2025-02-20T22:31:52","guid":{"rendered":"https:\/\/olemosaic.com\/producto\/bola-de-neve-dragao-gaudi-barcelona-4-cores\/"},"modified":"2025-02-20T23:31:52","modified_gmt":"2025-02-20T22:31:52","slug":"bola-de-neve-dragao-gaudi-barcelona-4-cores","status":"publish","type":"product","link":"https:\/\/olemosaic.com\/pt-pt\/produto\/bola-de-neve-dragao-gaudi-barcelona-4-cores\/","title":{"rendered":"Bola de neve. Drag\u00e3o. Gaud\u00ed. Barcelona. 4 cores"},"content":{"rendered":"<p>Esta encantadora recorda\u00e7\u00e3o de Barcelona \u00e9 um globo de neve decorativo que capta a ess\u00eancia vibrante da obra de Antoni Gaud\u00ed. No interior, um drag\u00e3o colorido, um s\u00edmbolo ic\u00f3nico do seu design arquitet\u00f3nico, repousa sobre uma delicada paisagem de inverno, criando uma atmosfera m\u00e1gica e nost\u00e1lgica. Este globo de neve est\u00e1 dispon\u00edvel em quatro cores impressionantes: azul, vermelho, laranja e verde, cada uma delas montada numa base distinta com o nome &#8220;Barcelona&#8221;, dando um toque pessoal e aut\u00eantico a esta lembran\u00e7a.  <\/p>\n<p>A aten\u00e7\u00e3o aos detalhes \u00e9 excecional, com um acabamento brilhante que real\u00e7a a beleza do drag\u00e3o, cuja forma estilizada evoca a criatividade \u00fanica de Gaud\u00ed. Estas lembran\u00e7as n\u00e3o s\u00e3o apenas perfeitas para os amantes da arquitetura e da arte catal\u00e3s, mas s\u00e3o tamb\u00e9m um excelente presente para aqueles que querem levar para casa um peda\u00e7o da cultura de Barcelona. Os globos de neve s\u00e3o representativos do mundo do colecionismo e conferem um car\u00e1cter nost\u00e1lgico, ideal para recordar momentos especiais passados na cidade.  <\/p>\n<p>Na Ol\u00e9 MOSAIC somos especialistas na distribui\u00e7\u00e3o grossista de lembran\u00e7as, e este globo de neve decorativo \u00e9 a escolha ideal para as lojas de lembran\u00e7as tur\u00edsticas que procuram produtos aut\u00eanticos e atractivos que representem Barcelona. Perfeito como lembran\u00e7a ou presente, cada bola oferece um peda\u00e7o do rico patrim\u00f3nio cultural da cidade, garantindo que os turistas levam para casa uma lembran\u00e7a memor\u00e1vel da sua visita. <\/p>\n","protected":false},"excerpt":{"rendered":"<p>Globo de neve decorativo com um drag\u00e3o colorido, s\u00edmbolo da obra de Antoni Gaud\u00ed, num ambiente invernal. Esta atraente lembran\u00e7a de Barcelona est\u00e1 dispon\u00edvel em quatro cores: azul, vermelho, laranja e verde, cada uma com uma base diferente que inclui o nome &#8220;Barcelona&#8221;. O seu design \u00e9 ideal para os amantes da arquitetura e da arte catal\u00e3s e torna-o na lembran\u00e7a perfeita da cidade.  <\/p>\n","protected":false},"featured_media":13807,"template":"","meta":{"_acf_changed":false},"product_brand":[],"product_cat":[641],"product_tag":[642],"class_list":{"0":"post-23933","1":"product","2":"type-product","3":"status-publish","4":"has-post-thumbnail","6":"product_cat-bolas-de-neve","7":"product_tag-natal","8":"pa_ciudad-barcelona","9":"pa_motivo-dragao","10":"pa_pais-espana","12":"first","13":"instock","14":"shipping-taxable","15":"product-type-simple"},"acf":[],"_links":{"self":[{"href":"https:\/\/olemosaic.com\/pt-pt\/wp-json\/wp\/v2\/product\/23933","targetHints":{"allow":["GET"]}}],"collection":[{"href":"https:\/\/olemosaic.com\/pt-pt\/wp-json\/wp\/v2\/product"}],"about":[{"href":"https:\/\/olemosaic.com\/pt-pt\/wp-json\/wp\/v2\/types\/product"}],"wp:featuredmedia":[{"embeddable":true,"href":"https:\/\/olemosaic.com\/pt-pt\/wp-json\/wp\/v2\/media\/13807"}],"wp:attachment":[{"href":"https:\/\/olemosaic.com\/pt-pt\/wp-json\/wp\/v2\/media?parent=23933"}],"wp:term":[{"taxonomy":"product_brand","embeddable":true,"href":"https:\/\/olemosaic.com\/pt-pt\/wp-json\/wp\/v2\/product_brand?post=23933"},{"taxonomy":"product_cat","embeddable":true,"href":"https:\/\/olemosaic.com\/pt-pt\/wp-json\/wp\/v2\/product_cat?post=23933"},{"taxonomy":"product_tag","embeddable":true,"href":"https:\/\/olemosaic.com\/pt-pt\/wp-json\/wp\/v2\/product_tag?post=23933"}],"curies":[{"name":"wp","href":"https:\/\/api.w.org\/{rel}","templated":true}]}}