{"id":23931,"date":"2025-02-20T23:31:51","date_gmt":"2025-02-20T22:31:51","guid":{"rendered":"https:\/\/olemosaic.com\/producto\/manteigueira-de-ceramica-salamandra-mallorca-bege-185-cm\/"},"modified":"2025-02-20T23:31:51","modified_gmt":"2025-02-20T22:31:51","slug":"manteigueira-de-ceramica-salamandra-mallorca-bege-185-cm","status":"publish","type":"product","link":"https:\/\/olemosaic.com\/pt-pt\/produto\/manteigueira-de-ceramica-salamandra-mallorca-bege-185-cm\/","title":{"rendered":"Manteigueira de cer\u00e2mica Salamandra. Mallorca. Bege. 18,5 cm."},"content":{"rendered":"<p>Este produto encantador \u00e9 um prato de manteiga em cer\u00e2mica, inspirado na fauna maiorquina, concebido para dar um toque aut\u00eantico \u00e0 mesa de qualquer amante da cultura espanhola. Com um di\u00e2metro de 18,5 cm, esta pe\u00e7a n\u00e3o s\u00f3 \u00e9 perfeita para servir manteiga, como tamb\u00e9m funciona como um elemento decorativo atraente. A sua cor de base bege \u00e9 complementada por um fundo laranja vibrante, criando um contraste visual que se destaca em qualquer ambiente.  <\/p>\n<p>Os impressionantes desenhos pintados \u00e0 m\u00e3o de salamandras e flores reflectem a rica biodiversidade e o folclore de Maiorca, fazendo deste prato de manteiga uma lembran\u00e7a cultural que evoca o esp\u00edrito da ilha. A palavra &#8220;MALLORCA&#8221; inscrita na parte superior n\u00e3o s\u00f3 real\u00e7a a sua origem, como tamb\u00e9m a torna uma excelente recorda\u00e7\u00e3o para aqueles que desejam levar consigo um peda\u00e7o desta bela regi\u00e3o. <\/p>\n<p>Cada manteigueira de cer\u00e2mica Salamandra \u00e9 um tributo ao artesanato e \u00e0 tradi\u00e7\u00e3o locais, garantindo que o comprador possa desfrutar de um produto aut\u00eantico e funcional. Na Ol\u00e9 MOSAIC, como grossista de lembran\u00e7as de cer\u00e2mica, oferecemos produtos que celebram a riqueza cultural de Espanha, tornando este prato de manteiga uma escolha ideal para lojas de lembran\u00e7as tur\u00edsticas que procuram oferecer experi\u00eancias memor\u00e1veis aos viajantes. <\/p>\n","protected":false},"excerpt":{"rendered":"<p>Manteigueira de cer\u00e2mica inspirada na fauna de Maiorca, com impressionantes desenhos pintados \u00e0 m\u00e3o de salamandras e flores. A sua cor de base bege destaca-se contra o fundo laranja vibrante, criando um contraste atraente. Com um di\u00e2metro de 18,5 cm, esta pe\u00e7a funcional n\u00e3o s\u00f3 \u00e9 ideal para servir manteiga, como tamb\u00e9m funciona como elemento decorativo. O texto &#8220;MALLORCA&#8221; d\u00e1-lhe um toque local, perfeito para os amantes da cultura maiorquina.   <\/p>\n","protected":false},"featured_media":7731,"template":"","meta":{"_acf_changed":false},"product_brand":[],"product_cat":[638],"product_tag":[516,515],"class_list":{"0":"post-23931","1":"product","2":"type-product","3":"status-publish","4":"has-post-thumbnail","6":"product_cat-batedeiras-de-manteiga","7":"product_tag-animais","8":"product_tag-ceramica","9":"pa_ciudad-mallorca","10":"pa_motivo-salamandras","11":"pa_pais-espana","13":"first","14":"instock","15":"shipping-taxable","16":"product-type-simple"},"acf":[],"_links":{"self":[{"href":"https:\/\/olemosaic.com\/pt-pt\/wp-json\/wp\/v2\/product\/23931","targetHints":{"allow":["GET"]}}],"collection":[{"href":"https:\/\/olemosaic.com\/pt-pt\/wp-json\/wp\/v2\/product"}],"about":[{"href":"https:\/\/olemosaic.com\/pt-pt\/wp-json\/wp\/v2\/types\/product"}],"wp:featuredmedia":[{"embeddable":true,"href":"https:\/\/olemosaic.com\/pt-pt\/wp-json\/wp\/v2\/media\/7731"}],"wp:attachment":[{"href":"https:\/\/olemosaic.com\/pt-pt\/wp-json\/wp\/v2\/media?parent=23931"}],"wp:term":[{"taxonomy":"product_brand","embeddable":true,"href":"https:\/\/olemosaic.com\/pt-pt\/wp-json\/wp\/v2\/product_brand?post=23931"},{"taxonomy":"product_cat","embeddable":true,"href":"https:\/\/olemosaic.com\/pt-pt\/wp-json\/wp\/v2\/product_cat?post=23931"},{"taxonomy":"product_tag","embeddable":true,"href":"https:\/\/olemosaic.com\/pt-pt\/wp-json\/wp\/v2\/product_tag?post=23931"}],"curies":[{"name":"wp","href":"https:\/\/api.w.org\/{rel}","templated":true}]}}