{"id":23924,"date":"2025-02-20T23:31:51","date_gmt":"2025-02-20T22:31:51","guid":{"rendered":"https:\/\/olemosaic.com\/producto\/prato-de-ceramica-de-11-cm-panoramica-barcelona-bege\/"},"modified":"2025-11-21T13:18:07","modified_gmt":"2025-11-21T12:18:07","slug":"prato-de-ceramica-de-11-cm-panoramica-barcelona-bege","status":"publish","type":"product","link":"https:\/\/olemosaic.com\/pt-pt\/produto\/prato-de-ceramica-de-11-cm-panoramica-barcelona-bege\/","title":{"rendered":"Prato de cer\u00e2mica de 11 cm. Panor\u00e2mica. Barcelona. Bege."},"content":{"rendered":"<p>Este encantador prato de cer\u00e2mica de 11 cm \u00e9 a recorda\u00e7\u00e3o perfeita para captares a ess\u00eancia de Barcelona. Com um design elegante em tons de bege e um rebordo laranja vibrante, oferece um panorama \u00fanico da ic\u00f3nica Sagrada Fam\u00edlia, um dos monumentos mais emblem\u00e1ticos da cidade. O efeito pintado \u00e0 m\u00e3o confere a cada pe\u00e7a um car\u00e1cter exclusivo e artesanal. Os detalhes em azul e vermelho, intercalados com elementos ornamentais, reflectem a vida vibrante e colorida de Barcelona, evocando as suas paisagens urbanas e a sua rica cultura.   <\/p>\n<p>Este prato n\u00e3o \u00e9 apenas um elemento decorativo, \u00e9 um s\u00edmbolo de admira\u00e7\u00e3o pela arquitetura modernista de Antoni Gaud\u00ed, que deixou uma marca indel\u00e9vel na cidade. O seu tamanho compacto faz com que seja a escolha ideal para embelezar qualquer espa\u00e7o, seja como centro de mesa ou como um atraente objeto de exposi\u00e7\u00e3o. Al\u00e9m disso, a sua autenticidade torna-a uma lembran\u00e7a representativa de Barcelona, perfeita para os turistas que procuram lembran\u00e7as que contam hist\u00f3rias.  <\/p>\n<p>Na Ol\u00e9 Mosaic, como grossistas de lembran\u00e7as de cer\u00e2mica, garantimos a qualidade e a singularidade de cada produto. Este prato de cer\u00e2mica \u00e9 uma excelente op\u00e7\u00e3o para as lojas de lembran\u00e7as tur\u00edsticas que queiram oferecer artigos aut\u00eanticos e art\u00edsticos, levando um peda\u00e7o de Barcelona \u00e0s casas dos seus clientes. <\/p>\n","protected":false},"excerpt":{"rendered":"<p>Prato de cer\u00e2mica de 11 cm com uma encantadora vista panor\u00e2mica de Barcelona. Este atraente prato, com um design bege e um rebordo cor de laranja, apresenta ilustra\u00e7\u00f5es com efeito pintado \u00e0 m\u00e3o que destacam a ic\u00f3nica Sagrada Fam\u00edlia, juntamente com elementos ornamentais coloridos que retratam o esp\u00edrito vibrante da cidade. Com pormenores distintivos em azul e vermelho, este prato \u00e9 perfeito como lembran\u00e7a ou para embelezar qualquer espa\u00e7o, evocando as paisagens urbanas de Barcelona.  <\/p>\n","protected":false},"featured_media":7696,"template":"","meta":{"_acf_changed":false},"product_brand":[],"product_cat":[629],"product_tag":[515],"class_list":{"0":"post-23924","1":"product","2":"type-product","3":"status-publish","4":"has-post-thumbnail","6":"product_cat-pratos-decorativos","7":"product_tag-ceramica","8":"pa_ciudad-barcelona","9":"pa_motivo-panoramas","10":"pa_pais-espana","12":"first","13":"instock","14":"shipping-taxable","15":"product-type-simple"},"acf":[],"_links":{"self":[{"href":"https:\/\/olemosaic.com\/pt-pt\/wp-json\/wp\/v2\/product\/23924","targetHints":{"allow":["GET"]}}],"collection":[{"href":"https:\/\/olemosaic.com\/pt-pt\/wp-json\/wp\/v2\/product"}],"about":[{"href":"https:\/\/olemosaic.com\/pt-pt\/wp-json\/wp\/v2\/types\/product"}],"wp:featuredmedia":[{"embeddable":true,"href":"https:\/\/olemosaic.com\/pt-pt\/wp-json\/wp\/v2\/media\/7696"}],"wp:attachment":[{"href":"https:\/\/olemosaic.com\/pt-pt\/wp-json\/wp\/v2\/media?parent=23924"}],"wp:term":[{"taxonomy":"product_brand","embeddable":true,"href":"https:\/\/olemosaic.com\/pt-pt\/wp-json\/wp\/v2\/product_brand?post=23924"},{"taxonomy":"product_cat","embeddable":true,"href":"https:\/\/olemosaic.com\/pt-pt\/wp-json\/wp\/v2\/product_cat?post=23924"},{"taxonomy":"product_tag","embeddable":true,"href":"https:\/\/olemosaic.com\/pt-pt\/wp-json\/wp\/v2\/product_tag?post=23924"}],"curies":[{"name":"wp","href":"https:\/\/api.w.org\/{rel}","templated":true}]}}