{"id":23922,"date":"2025-02-20T23:31:50","date_gmt":"2025-02-20T22:31:50","guid":{"rendered":"https:\/\/olemosaic.com\/producto\/prato-de-ceramica-de-10-cm-panoramica-barcelona-bege\/"},"modified":"2025-11-21T13:17:58","modified_gmt":"2025-11-21T12:17:58","slug":"prato-de-ceramica-de-10-cm-panoramica-barcelona-bege","status":"publish","type":"product","link":"https:\/\/olemosaic.com\/pt-pt\/produto\/prato-de-ceramica-de-10-cm-panoramica-barcelona-bege\/","title":{"rendered":"Prato de cer\u00e2mica de 10 cm. Panor\u00e2mica. Barcelona. Bege."},"content":{"rendered":"<p>Este encantador prato de cer\u00e2mica de 10 cm \u00e9 uma homenagem vibrante \u00e0 bela cidade de Barcelona. Com um fundo bege e um rebordo vermelho que lhe d\u00e1 um toque atraente, apresenta um panorama colorido inspirado na arquitetura modernista que caracteriza a cidade. Entre os seus elementos mais proeminentes encontra-se a ic\u00f3nica Sagrada Fam\u00edlia, capturada num design que evoca a ess\u00eancia art\u00edstica de Gaud\u00ed. Cada detalhe foi pintado \u00e0 m\u00e3o, garantindo que cada pe\u00e7a \u00e9 \u00fanica. Os mosaicos brilhantes e os motivos t\u00edpicos locais reflectem a riqueza cultural e visual de Barcelona, tornando este prato n\u00e3o s\u00f3 um objeto decorativo, mas tamb\u00e9m uma recorda\u00e7\u00e3o aut\u00eantica que conta a hist\u00f3ria e o esp\u00edrito vibrante da cidade.    <\/p>\n<p>Perfeito para expor em qualquer casa ou para colecionar, este prato de cer\u00e2mica \u00e9 uma excelente escolha para os turistas que procuram uma recorda\u00e7\u00e3o representativa da sua visita. Na Ol\u00e9 MOSAIC, orgulhamo-nos de oferecer lembran\u00e7as de Barcelona que se destacam pela sua autenticidade e qualidade. Este prato \u00e9 a lembran\u00e7a ideal que combina funcionalidade com um importante valor cultural, perfeito para as lojas de presentes tur\u00edsticos que desejam oferecer aos seus clientes uma representa\u00e7\u00e3o fiel da beleza de Barcelona. Como grossista de cer\u00e2mica, asseguramos-te a melhor sele\u00e7\u00e3o de produtos artesanais que captam a ess\u00eancia desta magn\u00edfica cidade.   <\/p>\n","protected":false},"excerpt":{"rendered":"<p>Prato de cer\u00e2mica de 10 cm com um panorama vibrante de Barcelona. Este prato encantador, em bege com um rebordo vermelho, apresenta um design colorido inspirado na arquitetura modernista da cidade, com detalhes ic\u00f3nicos como a Sagrada Fam\u00edlia. Pintado num estilo artesanal, apresenta elementos decorativos que incluem mosaicos e motivos t\u00edpicos locais, captando a ess\u00eancia vibrante de Barcelona num formato atraente e funcional. Perfeito para decora\u00e7\u00e3o ou como lembran\u00e7a.   <\/p>\n","protected":false},"featured_media":7756,"template":"","meta":{"_acf_changed":false},"product_brand":[],"product_cat":[629],"product_tag":[515],"class_list":{"0":"post-23922","1":"product","2":"type-product","3":"status-publish","4":"has-post-thumbnail","6":"product_cat-pratos-decorativos","7":"product_tag-ceramica","8":"pa_ciudad-barcelona","9":"pa_motivo-panoramas","10":"pa_pais-espana","12":"first","13":"instock","14":"shipping-taxable","15":"product-type-simple"},"acf":[],"_links":{"self":[{"href":"https:\/\/olemosaic.com\/pt-pt\/wp-json\/wp\/v2\/product\/23922","targetHints":{"allow":["GET"]}}],"collection":[{"href":"https:\/\/olemosaic.com\/pt-pt\/wp-json\/wp\/v2\/product"}],"about":[{"href":"https:\/\/olemosaic.com\/pt-pt\/wp-json\/wp\/v2\/types\/product"}],"wp:featuredmedia":[{"embeddable":true,"href":"https:\/\/olemosaic.com\/pt-pt\/wp-json\/wp\/v2\/media\/7756"}],"wp:attachment":[{"href":"https:\/\/olemosaic.com\/pt-pt\/wp-json\/wp\/v2\/media?parent=23922"}],"wp:term":[{"taxonomy":"product_brand","embeddable":true,"href":"https:\/\/olemosaic.com\/pt-pt\/wp-json\/wp\/v2\/product_brand?post=23922"},{"taxonomy":"product_cat","embeddable":true,"href":"https:\/\/olemosaic.com\/pt-pt\/wp-json\/wp\/v2\/product_cat?post=23922"},{"taxonomy":"product_tag","embeddable":true,"href":"https:\/\/olemosaic.com\/pt-pt\/wp-json\/wp\/v2\/product_tag?post=23922"}],"curies":[{"name":"wp","href":"https:\/\/api.w.org\/{rel}","templated":true}]}}