{"id":23914,"date":"2025-02-20T23:31:50","date_gmt":"2025-02-20T22:31:50","guid":{"rendered":"https:\/\/olemosaic.com\/producto\/porta-chaves-em-madeira-letra-f-madrid\/"},"modified":"2025-02-20T23:31:50","modified_gmt":"2025-02-20T22:31:50","slug":"porta-chaves-em-madeira-letra-f-madrid","status":"publish","type":"product","link":"https:\/\/olemosaic.com\/pt-pt\/produto\/porta-chaves-em-madeira-letra-f-madrid\/","title":{"rendered":"Porta-chaves em madeira. Letra F. Madrid."},"content":{"rendered":"<p>Este encantador porta-chaves de madeira com a forma da letra &#8220;F&#8221; \u00e9 inspirado no car\u00e1cter vibrante de Madrid, tornando-o uma lembran\u00e7a ideal para aqueles que querem levar consigo um pequeno peda\u00e7o da capital espanhola. O seu design colorido capta a ess\u00eancia da cidade, apresentando elementos ic\u00f3nicos como o rel\u00f3gio da Puerta del Sol e uma figura tradicional vestida com roupas t\u00edpicas, reflectindo a cultura e as tradi\u00e7\u00f5es da regi\u00e3o. <\/p>\n<p>Pintado \u00e0 m\u00e3o, cada porta-chaves apresenta detalhes meticulosos que real\u00e7am as cores vivas e as texturas carater\u00edsticas da arte madrilena. A letra &#8220;F&#8221; n\u00e3o s\u00f3 simboliza a inicial da cidade, como tamb\u00e9m presta homenagem ao seu folclore, tornando este porta-chaves num objeto inesquec\u00edvel. O acabamento em madeira confere um toque natural, enquanto a argola em metal garante que as tuas chaves est\u00e3o sempre \u00e0 m\u00e3o.  <\/p>\n<p>Como lembran\u00e7a de Madrid, este porta-chaves \u00e9 uma excelente escolha para quem procura uma lembran\u00e7a aut\u00eantica e representativa da cidade. Na Ol\u00e9 MOSAIC, reconhecemos o valor cultural deste porta-chaves como um produto atrativo por atacado, ideal para lojas de presentes tur\u00edsticos que procuram oferecer artigos \u00fanicos e significativos. Com este porta-chaves, n\u00e3o s\u00f3 est\u00e1s a oferecer um acess\u00f3rio pr\u00e1tico, mas tamb\u00e9m um peda\u00e7o do rico patrim\u00f3nio cultural de Madrid.  <\/p>\n","protected":false},"excerpt":{"rendered":"<p>Porta-chaves em madeira com a forma da letra &#8220;F&#8221;, inspirado no car\u00e1cter vibrante de Madrid. Este atrativo porta-chaves apresenta um design colorido que incorpora elementos ic\u00f3nicos da cidade, como o rel\u00f3gio da Puerta del Sol e uma figura tradicional em trajes t\u00edpicos. Pintado num estilo artesanal com detalhes que captam a ess\u00eancia cultural da regi\u00e3o, este porta-chaves \u00e9 um acess\u00f3rio pr\u00e1tico e uma lembran\u00e7a perfeita para os amantes de Madrid.  <\/p>\n","protected":false},"featured_media":10838,"template":"","meta":{"_acf_changed":false},"product_brand":[],"product_cat":[611],"product_tag":[612],"class_list":{"0":"post-23914","1":"product","2":"type-product","3":"status-publish","4":"has-post-thumbnail","6":"product_cat-porta-chaves","7":"product_tag-cartas","8":"pa_ciudad-madrid","9":"pa_motivo-letra-f","10":"pa_pais-espana","12":"first","13":"instock","14":"shipping-taxable","15":"product-type-simple"},"acf":[],"_links":{"self":[{"href":"https:\/\/olemosaic.com\/pt-pt\/wp-json\/wp\/v2\/product\/23914","targetHints":{"allow":["GET"]}}],"collection":[{"href":"https:\/\/olemosaic.com\/pt-pt\/wp-json\/wp\/v2\/product"}],"about":[{"href":"https:\/\/olemosaic.com\/pt-pt\/wp-json\/wp\/v2\/types\/product"}],"wp:featuredmedia":[{"embeddable":true,"href":"https:\/\/olemosaic.com\/pt-pt\/wp-json\/wp\/v2\/media\/10838"}],"wp:attachment":[{"href":"https:\/\/olemosaic.com\/pt-pt\/wp-json\/wp\/v2\/media?parent=23914"}],"wp:term":[{"taxonomy":"product_brand","embeddable":true,"href":"https:\/\/olemosaic.com\/pt-pt\/wp-json\/wp\/v2\/product_brand?post=23914"},{"taxonomy":"product_cat","embeddable":true,"href":"https:\/\/olemosaic.com\/pt-pt\/wp-json\/wp\/v2\/product_cat?post=23914"},{"taxonomy":"product_tag","embeddable":true,"href":"https:\/\/olemosaic.com\/pt-pt\/wp-json\/wp\/v2\/product_tag?post=23914"}],"curies":[{"name":"wp","href":"https:\/\/api.w.org\/{rel}","templated":true}]}}