{"id":23898,"date":"2025-02-20T23:31:49","date_gmt":"2025-02-20T22:31:49","guid":{"rendered":"https:\/\/olemosaic.com\/producto\/cinzeiro-de-ceramica-9-cm-salamandra-e-flores-branco\/"},"modified":"2025-02-20T23:31:49","modified_gmt":"2025-02-20T22:31:49","slug":"cinzeiro-de-ceramica-9-cm-salamandra-e-flores-branco","status":"publish","type":"product","link":"https:\/\/olemosaic.com\/pt-pt\/produto\/cinzeiro-de-ceramica-9-cm-salamandra-e-flores-branco\/","title":{"rendered":"Cinzeiro de cer\u00e2mica 9 cm. Salamandra e flores.  Branco"},"content":{"rendered":"<p>Este encantador cinzeiro de cer\u00e2mica, com um di\u00e2metro de 9 cm, \u00e9 um exemplo excecional do artesanato espanhol, concebido para evocar o rico folclore da regi\u00e3o. A sua base branca polida e brilhante d\u00e1 vida a um mosaico vibrante de cores, incluindo vermelhos, amarelos, azuis e verdes. No centro, destaca-se uma cativante salamandra, s\u00edmbolo de transforma\u00e7\u00e3o e renova\u00e7\u00e3o, rodeada por flores coloridas que d\u00e3o um toque fresco e art\u00edstico ao design. Pintada \u00e0 m\u00e3o, esta pe\u00e7a garante a sua singularidade e autenticidade, tornando-se a lembran\u00e7a perfeita para os turistas que procuram uma recorda\u00e7\u00e3o representativa da sua estadia em Espanha.   <\/p>\n<p>A salamandra est\u00e1 elegantemente integrada num fundo de flores estilizadas, celebrando a beleza do ambiente natural, enquanto as cores vivas reflectem a animada cultura local. Este cinzeiro n\u00e3o \u00e9 apenas funcional, mas serve tamb\u00e9m como uma obra de arte que capta a ess\u00eancia das mem\u00f3rias de viagem. Na Ol\u00e9 Mosaic somos especialistas na distribui\u00e7\u00e3o de lembran\u00e7as aut\u00eanticas e de qualidade, e este cinzeiro de cer\u00e2mica \u00e9 uma excelente op\u00e7\u00e3o para as lojas de presentes tur\u00edsticos que desejam oferecer produtos \u00fanicos e representativos do artesanato espanhol. Sem d\u00favida, um presente ideal para aqueles que apreciam a arte e a tradi\u00e7\u00e3o.   <\/p>\n","protected":false},"excerpt":{"rendered":"<p>Cinzeiro de cer\u00e2mica de 9 cm decorado com uma salamandra vibrante e flores coloridas. Este cinzeiro branco elegante, pintado \u00e0 m\u00e3o, apresenta um mosaico cativante de tons, incluindo vermelhos, amarelos, azuis e verdes, evocando o folclore da regi\u00e3o. A salamandra funde-se perfeitamente com um fundo floral, oferecendo um toque fresco e art\u00edstico, ideal para os amantes do artesanato espanhol.  <\/p>\n","protected":false},"featured_media":8349,"template":"","meta":{"_acf_changed":false},"product_brand":[],"product_cat":[564],"product_tag":[516,515],"class_list":{"0":"post-23898","1":"product","2":"type-product","3":"status-publish","4":"has-post-thumbnail","6":"product_cat-cinzeiros","7":"product_tag-animais","8":"product_tag-ceramica","9":"pa_motivo-salamandras","11":"first","12":"instock","13":"shipping-taxable","14":"product-type-simple"},"acf":[],"_links":{"self":[{"href":"https:\/\/olemosaic.com\/pt-pt\/wp-json\/wp\/v2\/product\/23898","targetHints":{"allow":["GET"]}}],"collection":[{"href":"https:\/\/olemosaic.com\/pt-pt\/wp-json\/wp\/v2\/product"}],"about":[{"href":"https:\/\/olemosaic.com\/pt-pt\/wp-json\/wp\/v2\/types\/product"}],"wp:featuredmedia":[{"embeddable":true,"href":"https:\/\/olemosaic.com\/pt-pt\/wp-json\/wp\/v2\/media\/8349"}],"wp:attachment":[{"href":"https:\/\/olemosaic.com\/pt-pt\/wp-json\/wp\/v2\/media?parent=23898"}],"wp:term":[{"taxonomy":"product_brand","embeddable":true,"href":"https:\/\/olemosaic.com\/pt-pt\/wp-json\/wp\/v2\/product_brand?post=23898"},{"taxonomy":"product_cat","embeddable":true,"href":"https:\/\/olemosaic.com\/pt-pt\/wp-json\/wp\/v2\/product_cat?post=23898"},{"taxonomy":"product_tag","embeddable":true,"href":"https:\/\/olemosaic.com\/pt-pt\/wp-json\/wp\/v2\/product_tag?post=23898"}],"curies":[{"name":"wp","href":"https:\/\/api.w.org\/{rel}","templated":true}]}}