{"id":23894,"date":"2025-02-20T23:31:49","date_gmt":"2025-02-20T22:31:49","guid":{"rendered":"https:\/\/olemosaic.com\/producto\/dedaleira-de-ceramica-madrid-branco\/"},"modified":"2025-11-21T13:17:41","modified_gmt":"2025-11-21T12:17:41","slug":"dedaleira-de-ceramica-madrid-branco","status":"publish","type":"product","link":"https:\/\/olemosaic.com\/pt-pt\/produto\/dedaleira-de-ceramica-madrid-branco\/","title":{"rendered":"Dedaleira de cer\u00e2mica. Madrid.  Branco"},"content":{"rendered":"<p>Este encantador dedal de cer\u00e2mica, decorado com cenas ic\u00f3nicas de Madrid, \u00e9 uma representa\u00e7\u00e3o perfeita do esp\u00edrito vibrante da capital espanhola. O seu elegante acabamento branco real\u00e7a as ilustra\u00e7\u00f5es de efeito pintado \u00e0 m\u00e3o de dois dos marcos mais emblem\u00e1ticos da cidade: o Arco de Cuchilleros e a famosa Puerta del Sol. Estas imagens s\u00e3o apresentadas num estilo colorido e animado, enquanto o texto &#8220;MADRID&#8221; \u00e9 destacado de forma proeminente, assegurando que esta lembran\u00e7a \u00e9 facilmente reconhec\u00edvel e memor\u00e1vel.  <\/p>\n<p>O dedal tem um acabamento crepitante \u00fanico que, para al\u00e9m de lhe dar uma textura visualmente apelativa, acrescenta um toque distinto a cada pe\u00e7a, tornando-a uma verdadeira pe\u00e7a de cole\u00e7\u00e3o. Esta lembran\u00e7a n\u00e3o \u00e9 apenas esteticamente agrad\u00e1vel, mas tamb\u00e9m uma recorda\u00e7\u00e3o tang\u00edvel da rica cultura e hist\u00f3ria de Madrid, ideal para aqueles que querem levar um pequeno peda\u00e7o da cidade consigo. <\/p>\n<p>Na Ol\u00e9 Mosaic, dedicamo-nos a oferecer lembran\u00e7as de alta qualidade que reflictam a autenticidade cultural de lugares como Madrid. Este dedal de cer\u00e2mica \u00e9 uma excelente escolha para as lojas de recorda\u00e7\u00f5es tur\u00edsticas que procuram produtos \u00fanicos e funcionais com um profundo significado cultural. Como grossista de dedais, garantimos que cada pe\u00e7a \u00e9 um testemunho da arte e da tradi\u00e7\u00e3o artesanal de Espanha.  <\/p>\n","protected":false},"excerpt":{"rendered":"<p>Dedal de cer\u00e2mica decorado com cenas ic\u00f3nicas de Madrid. Este elegante dedal branco apresenta ilustra\u00e7\u00f5es vibrantes do ic\u00f3nico Arco de Cuchilleros e da Puerta del Sol, juntamente com a palavra &#8220;MADRID&#8221; num desenho colorido. Pintado num estilo artesanal, esta lembran\u00e7a apresenta um acabamento craquelado para um toque distinto e art\u00edstico, perfeito para os amantes da cultura madrilena e como lembran\u00e7a da capital espanhola.  <\/p>\n","protected":false},"featured_media":9959,"template":"","meta":{"_acf_changed":false},"product_brand":[],"product_cat":[599],"product_tag":[515],"class_list":{"0":"post-23894","1":"product","2":"type-product","3":"status-publish","4":"has-post-thumbnail","6":"product_cat-dedais","7":"product_tag-ceramica","8":"pa_ciudad-madrid","9":"pa_pais-espana","11":"first","12":"instock","13":"shipping-taxable","14":"product-type-simple"},"acf":[],"_links":{"self":[{"href":"https:\/\/olemosaic.com\/pt-pt\/wp-json\/wp\/v2\/product\/23894","targetHints":{"allow":["GET"]}}],"collection":[{"href":"https:\/\/olemosaic.com\/pt-pt\/wp-json\/wp\/v2\/product"}],"about":[{"href":"https:\/\/olemosaic.com\/pt-pt\/wp-json\/wp\/v2\/types\/product"}],"wp:featuredmedia":[{"embeddable":true,"href":"https:\/\/olemosaic.com\/pt-pt\/wp-json\/wp\/v2\/media\/9959"}],"wp:attachment":[{"href":"https:\/\/olemosaic.com\/pt-pt\/wp-json\/wp\/v2\/media?parent=23894"}],"wp:term":[{"taxonomy":"product_brand","embeddable":true,"href":"https:\/\/olemosaic.com\/pt-pt\/wp-json\/wp\/v2\/product_brand?post=23894"},{"taxonomy":"product_cat","embeddable":true,"href":"https:\/\/olemosaic.com\/pt-pt\/wp-json\/wp\/v2\/product_cat?post=23894"},{"taxonomy":"product_tag","embeddable":true,"href":"https:\/\/olemosaic.com\/pt-pt\/wp-json\/wp\/v2\/product_tag?post=23894"}],"curies":[{"name":"wp","href":"https:\/\/api.w.org\/{rel}","templated":true}]}}