{"id":23879,"date":"2025-02-20T22:31:49","date_gmt":"2025-02-20T22:31:49","guid":{"rendered":"https:\/\/olemosaic.com\/producto\/cinzeiro-de-ceramica-8-cm-salamandra-e-flores-branco\/"},"modified":"2025-02-20T22:31:49","modified_gmt":"2025-02-20T21:31:49","slug":"cinzeiro-de-ceramica-8-cm-salamandra-e-flores-branco","status":"publish","type":"product","link":"https:\/\/olemosaic.com\/pt-pt\/produto\/cinzeiro-de-ceramica-8-cm-salamandra-e-flores-branco\/","title":{"rendered":"Cinzeiro de cer\u00e2mica 8 cm. Salamandra e flores.  Branco"},"content":{"rendered":"<p>Este encantador cinzeiro de cer\u00e2mica de 8 cm \u00e9 uma joia da arte decorativa espanhola, perfeito para quem procura uma recorda\u00e7\u00e3o \u00fanica e colorida. O seu design vibrante apresenta uma salamandra estilizada no centro, rodeada por flores exuberantes, evocando a rica biodiversidade das regi\u00f5es mediterr\u00e2nicas. A base de cer\u00e2mica, com um acabamento branco brilhante, real\u00e7a os pormenores art\u00edsticos, enquanto a t\u00e9cnica de pintura, com mosaicos em tons de amarelo, vermelho e verde, confere frescura e dinamismo a cada pe\u00e7a.  <\/p>\n<p>A salamandra, um s\u00edmbolo de transforma\u00e7\u00e3o e renascimento, tem sido venerada nas tradi\u00e7\u00f5es culturais de v\u00e1rias regi\u00f5es de Espanha, fazendo deste cinzeiro uma lembran\u00e7a da liga\u00e7\u00e3o entre a natureza e a arte. As flores coloridas que o acompanham n\u00e3o s\u00f3 embelezam o design, como tamb\u00e9m reflectem o esp\u00edrito alegre e vibrante da cultura mediterr\u00e2nica. <\/p>\n<p>Na Ol\u00e9 Mosaic somos especialistas na distribui\u00e7\u00e3o de lembran\u00e7as por grosso, e este cinzeiro de cer\u00e2mica \u00e9 uma excelente op\u00e7\u00e3o para as lojas de lembran\u00e7as tur\u00edsticas, j\u00e1 que oferece um produto funcional e, ao mesmo tempo, uma amostra da aut\u00eantica tradi\u00e7\u00e3o artesanal espanhola. Como grossistas de lembran\u00e7as, garantimos a qualidade e a autenticidade de cada artigo, pelo que este cinzeiro \u00e9 uma lembran\u00e7a perfeita para os turistas que desejam levar algo verdadeiramente especial da sua visita. <\/p>\n","protected":false},"excerpt":{"rendered":"<p>Cinzeiro de cer\u00e2mica de 8 cm, decorado com uma salamandra vibrante e flores num desenho colorido. Este produto, com um acabamento branco brilhante, apresenta uma t\u00e9cnica de pintura que inclui mosaicos em tons de amarelo, vermelho e verde, evocando a rica flora mediterr\u00e2nica. Todos os pormenores, desde as decora\u00e7\u00f5es floridas at\u00e9 \u00e0 salamandra estilizada, real\u00e7am a tradi\u00e7\u00e3o do artesanato espanhol, tornando-o uma recorda\u00e7\u00e3o atractiva.  <\/p>\n","protected":false},"featured_media":8879,"template":"","meta":{"_acf_changed":false},"product_brand":[],"product_cat":[564],"product_tag":[516,515],"class_list":{"0":"post-23879","1":"product","2":"type-product","3":"status-publish","4":"has-post-thumbnail","6":"product_cat-cinzeiros","7":"product_tag-animais","8":"product_tag-ceramica","9":"pa_motivo-salamandras","11":"first","12":"instock","13":"shipping-taxable","14":"product-type-simple"},"acf":[],"_links":{"self":[{"href":"https:\/\/olemosaic.com\/pt-pt\/wp-json\/wp\/v2\/product\/23879","targetHints":{"allow":["GET"]}}],"collection":[{"href":"https:\/\/olemosaic.com\/pt-pt\/wp-json\/wp\/v2\/product"}],"about":[{"href":"https:\/\/olemosaic.com\/pt-pt\/wp-json\/wp\/v2\/types\/product"}],"wp:featuredmedia":[{"embeddable":true,"href":"https:\/\/olemosaic.com\/pt-pt\/wp-json\/wp\/v2\/media\/8879"}],"wp:attachment":[{"href":"https:\/\/olemosaic.com\/pt-pt\/wp-json\/wp\/v2\/media?parent=23879"}],"wp:term":[{"taxonomy":"product_brand","embeddable":true,"href":"https:\/\/olemosaic.com\/pt-pt\/wp-json\/wp\/v2\/product_brand?post=23879"},{"taxonomy":"product_cat","embeddable":true,"href":"https:\/\/olemosaic.com\/pt-pt\/wp-json\/wp\/v2\/product_cat?post=23879"},{"taxonomy":"product_tag","embeddable":true,"href":"https:\/\/olemosaic.com\/pt-pt\/wp-json\/wp\/v2\/product_tag?post=23879"}],"curies":[{"name":"wp","href":"https:\/\/api.w.org\/{rel}","templated":true}]}}