{"id":23875,"date":"2025-02-20T23:31:49","date_gmt":"2025-02-20T22:31:49","guid":{"rendered":"https:\/\/olemosaic.com\/producto\/cinzeiro-de-ceramica-8-cm-salamandra-maiorca-bege\/"},"modified":"2025-02-20T23:31:49","modified_gmt":"2025-02-20T22:31:49","slug":"cinzeiro-de-ceramica-8-cm-salamandra-maiorca-bege","status":"publish","type":"product","link":"https:\/\/olemosaic.com\/pt-pt\/produto\/cinzeiro-de-ceramica-8-cm-salamandra-maiorca-bege\/","title":{"rendered":"Cinzeiro de cer\u00e2mica 8 cm. Salamandra. Maiorca.   Bege"},"content":{"rendered":"<p>Este encantador cinzeiro de cer\u00e2mica de 8 cm \u00e9 uma representa\u00e7\u00e3o vibrante da ess\u00eancia de Maiorca, ideal para quem procura uma recorda\u00e7\u00e3o aut\u00eantica e memor\u00e1vel. O seu design atraente apresenta uma salamandra colorida, pintada \u00e0 m\u00e3o num delicado padr\u00e3o geom\u00e9trico que combina tons de verde, azul e vermelho. Esta elegante figura surge sobre um fundo branco, que real\u00e7a a sua vivacidade e confere ao objeto um ar fresco e alegre. \u00c0 sua volta, belos motivos florais em cores igualmente vibrantes complementam a decora\u00e7\u00e3o, enquanto a palavra &#8220;MALLORCA&#8221; se destaca numa tipografia divertida, fazendo deste cinzeiro n\u00e3o apenas um simples acess\u00f3rio, mas uma pe\u00e7a art\u00edstica que capta o esp\u00edrito da ilha.   <\/p>\n<p>A utiliza\u00e7\u00e3o da salamandra, um s\u00edmbolo de renascimento e boa sorte na cultura mediterr\u00e2nica, acrescenta um toque de magia, tornando-o uma recorda\u00e7\u00e3o significativa. Este cinzeiro \u00e9 perfeito como elemento decorativo para a casa ou como um presente especial, recordando as paisagens solarengas e a rica hist\u00f3ria de Maiorca. Na Ol\u00e9 Mosaic somos especialistas na distribui\u00e7\u00e3o de lembran\u00e7as de cer\u00e2mica por grosso, e este cinzeiro de salamandra \u00e9 uma excelente op\u00e7\u00e3o para as lojas de lembran\u00e7as tur\u00edsticas que queiram oferecer artigos aut\u00eanticos e culturais. Cada pe\u00e7a \u00e9 um testemunho do artesanato local e da diversidade cultural de Espanha, tornando este cinzeiro um sucesso garantido em qualquer estabelecimento.   <\/p>\n","protected":false},"excerpt":{"rendered":"<p>Cinzeiro de cer\u00e2mica de 8 cm, decorado com uma salamandra colorida, que representa a ess\u00eancia de Maiorca. Este encantador cinzeiro de design artesanal, pintado \u00e0 m\u00e3o, apresenta um fundo branco com motivos florais e a palavra &#8220;MALLORCA&#8221; em cores vibrantes. A salamandra destaca-se com um desenho geom\u00e9trico em tons de verde, azul e vermelho, complementado por flores, criando um efeito visual atraente e alegre. Ideal como lembran\u00e7a ou elemento decorativo para a tua casa.   <\/p>\n","protected":false},"featured_media":7737,"template":"","meta":{"_acf_changed":false},"product_brand":[],"product_cat":[564],"product_tag":[516,515],"class_list":{"0":"post-23875","1":"product","2":"type-product","3":"status-publish","4":"has-post-thumbnail","6":"product_cat-cinzeiros","7":"product_tag-animais","8":"product_tag-ceramica","9":"pa_ciudad-mallorca","10":"pa_motivo-salamandras","11":"pa_pais-espana","13":"first","14":"instock","15":"shipping-taxable","16":"product-type-simple"},"acf":[],"_links":{"self":[{"href":"https:\/\/olemosaic.com\/pt-pt\/wp-json\/wp\/v2\/product\/23875","targetHints":{"allow":["GET"]}}],"collection":[{"href":"https:\/\/olemosaic.com\/pt-pt\/wp-json\/wp\/v2\/product"}],"about":[{"href":"https:\/\/olemosaic.com\/pt-pt\/wp-json\/wp\/v2\/types\/product"}],"wp:featuredmedia":[{"embeddable":true,"href":"https:\/\/olemosaic.com\/pt-pt\/wp-json\/wp\/v2\/media\/7737"}],"wp:attachment":[{"href":"https:\/\/olemosaic.com\/pt-pt\/wp-json\/wp\/v2\/media?parent=23875"}],"wp:term":[{"taxonomy":"product_brand","embeddable":true,"href":"https:\/\/olemosaic.com\/pt-pt\/wp-json\/wp\/v2\/product_brand?post=23875"},{"taxonomy":"product_cat","embeddable":true,"href":"https:\/\/olemosaic.com\/pt-pt\/wp-json\/wp\/v2\/product_cat?post=23875"},{"taxonomy":"product_tag","embeddable":true,"href":"https:\/\/olemosaic.com\/pt-pt\/wp-json\/wp\/v2\/product_tag?post=23875"}],"curies":[{"name":"wp","href":"https:\/\/api.w.org\/{rel}","templated":true}]}}