{"id":23861,"date":"2025-02-20T23:31:48","date_gmt":"2025-02-20T22:31:48","guid":{"rendered":"https:\/\/olemosaic.com\/producto\/cinzeiro-de-ceramica-de-10-cm-galos-branco\/"},"modified":"2025-11-21T13:15:42","modified_gmt":"2025-11-21T12:15:42","slug":"cinzeiro-de-ceramica-de-10-cm-galos-branco","status":"publish","type":"product","link":"https:\/\/olemosaic.com\/pt-pt\/produto\/cinzeiro-de-ceramica-de-10-cm-galos-branco\/","title":{"rendered":"Cinzeiro de cer\u00e2mica de 10 cm. Galos. Branco"},"content":{"rendered":"<p>Este encantador cinzeiro de cer\u00e2mica de 10 cm \u00e9 uma pe\u00e7a decorativa que capta a ess\u00eancia do folclore espanhol. Destaca-se pelo desenho pintado \u00e0 m\u00e3o de um galo, um s\u00edmbolo representativo da cultura andaluza. Com cores vibrantes predominantes, como o vermelho, o preto e o azul, este cinzeiro apresenta uma base branca que real\u00e7a o seu atrativo visual. O galo, representado em toda a sua gl\u00f3ria, est\u00e1 rodeado por uma delicada decora\u00e7\u00e3o de cora\u00e7\u00f5es e flores que evocam a alegria e o esp\u00edrito festivo da Andaluzia.   <\/p>\n<p>O acabamento brilhante deste cinzeiro n\u00e3o s\u00f3 o torna um acess\u00f3rio funcional, mas tamb\u00e9m um elegante complemento decorativo, ideal para dar um toque de cor e cultura a qualquer casa. A sua forma circular e o seu design art\u00edstico fazem dele um presente perfeito para os turistas que querem levar para casa um pouco da riqueza cultural de Espanha. <\/p>\n<p>Na Ol\u00e9 Mosaic oferecemos lembran\u00e7as aut\u00eanticas, e este cinzeiro decorativo \u00e9 uma excelente op\u00e7\u00e3o para as lojas de lembran\u00e7as tur\u00edsticas que procuram produtos que destaquem a tradi\u00e7\u00e3o e a arte local. Como grossista de cer\u00e2mica, garantimos o design e a qualidade de cada pe\u00e7a, para que cada cliente possa oferecer lembran\u00e7as aut\u00eanticas e representativas do patrim\u00f3nio espanhol. <\/p>\n","protected":false},"excerpt":{"rendered":"<p>Cinzeiro de cer\u00e2mica de 10 cm decorado com um galo, um s\u00edmbolo representativo da cultura espanhola. Este cinzeiro atraente apresenta um design artesanal, pintado \u00e0 m\u00e3o, com predomin\u00e2ncia de cores vibrantes como o vermelho, o preto e o azul sobre um fundo branco, adornado com cora\u00e7\u00f5es e flores que evocam o folclore andaluz. A sua forma circular e o seu acabamento brilhante tornam-no numa elegante pe\u00e7a decorativa para qualquer casa.  <\/p>\n","protected":false},"featured_media":8874,"template":"","meta":{"_acf_changed":false},"product_brand":[],"product_cat":[564],"product_tag":[516,515],"class_list":{"0":"post-23861","1":"product","2":"type-product","3":"status-publish","4":"has-post-thumbnail","6":"product_cat-cinzeiros","7":"product_tag-animais","8":"product_tag-ceramica","9":"pa_motivo-galos","11":"first","12":"instock","13":"shipping-taxable","14":"product-type-simple"},"acf":[],"_links":{"self":[{"href":"https:\/\/olemosaic.com\/pt-pt\/wp-json\/wp\/v2\/product\/23861","targetHints":{"allow":["GET"]}}],"collection":[{"href":"https:\/\/olemosaic.com\/pt-pt\/wp-json\/wp\/v2\/product"}],"about":[{"href":"https:\/\/olemosaic.com\/pt-pt\/wp-json\/wp\/v2\/types\/product"}],"wp:featuredmedia":[{"embeddable":true,"href":"https:\/\/olemosaic.com\/pt-pt\/wp-json\/wp\/v2\/media\/8874"}],"wp:attachment":[{"href":"https:\/\/olemosaic.com\/pt-pt\/wp-json\/wp\/v2\/media?parent=23861"}],"wp:term":[{"taxonomy":"product_brand","embeddable":true,"href":"https:\/\/olemosaic.com\/pt-pt\/wp-json\/wp\/v2\/product_brand?post=23861"},{"taxonomy":"product_cat","embeddable":true,"href":"https:\/\/olemosaic.com\/pt-pt\/wp-json\/wp\/v2\/product_cat?post=23861"},{"taxonomy":"product_tag","embeddable":true,"href":"https:\/\/olemosaic.com\/pt-pt\/wp-json\/wp\/v2\/product_tag?post=23861"}],"curies":[{"name":"wp","href":"https:\/\/api.w.org\/{rel}","templated":true}]}}