{"id":23858,"date":"2025-02-20T23:31:48","date_gmt":"2025-02-20T22:31:48","guid":{"rendered":"https:\/\/olemosaic.com\/producto\/coruja-figura-em-mosaico-de-6-cm-vermelho\/"},"modified":"2025-11-21T13:15:25","modified_gmt":"2025-11-21T12:15:25","slug":"coruja-figura-em-mosaico-de-6-cm-vermelho","status":"publish","type":"product","link":"https:\/\/olemosaic.com\/pt-pt\/produto\/coruja-figura-em-mosaico-de-6-cm-vermelho\/","title":{"rendered":"Coruja. Figura em mosaico de 6 cm. Vermelho."},"content":{"rendered":"<p>Esta encantadora coruja de resina com 6 cm de altura \u00e9 um aut\u00eantico presente do folclore espanhol, ideal para quem procura uma lembran\u00e7a que capte a ess\u00eancia e a cultura vibrante de Espanha. Pintada \u00e0 m\u00e3o numa explos\u00e3o de cores vibrantes como o vermelho, amarelo, azul e rosa, esta coruja destaca-se pelo seu design meticuloso, que inclui escamas detalhadas e grandes olhos expressivos que parecem ganhar vida. O seu acabamento brilhante e multicolorido n\u00e3o s\u00f3 a torna um elemento decorativo atraente, mas tamb\u00e9m um s\u00edmbolo de sabedoria e boa sorte, t\u00e3o apreciado em muitas tradi\u00e7\u00f5es.  <\/p>\n<p>Esta estatueta de coruja \u00e9 uma excelente recorda\u00e7\u00e3o das lendas e mitos que rodeiam este fascinante animal em v\u00e1rias culturas, incluindo a espanhola, onde \u00e9 frequentemente associado \u00e0 prote\u00e7\u00e3o e \u00e0 intui\u00e7\u00e3o. O seu tamanho pequeno torna-a perfeita para decorar prateleiras, secret\u00e1rias ou para servir de elemento de conversa em qualquer espa\u00e7o. Na Ol\u00e9 Mosaic, somos especialistas na distribui\u00e7\u00e3o grossista de lembran\u00e7as, e esta atraente coruja apresenta-se como uma op\u00e7\u00e3o ideal para as lojas de lembran\u00e7as tur\u00edsticas que desejam oferecer produtos aut\u00eanticos e culturalmente significativos. Com esta coruja de resina, os turistas poder\u00e3o levar para casa um peda\u00e7o do rico patrim\u00f3nio cultural espanhol, o que a torna um artigo imprescind\u00edvel na sua procura de lembran\u00e7as \u00fanicas.   <\/p>\n","protected":false},"excerpt":{"rendered":"<p>Estatueta de coruja de 6 cm, design artesanal, pintada \u00e0 m\u00e3o, com cores vibrantes de vermelho, amarelo, azul e rosa. Esta encantadora coruja apresenta um design ornamentado com escamas detalhadas e grandes olhos expressivos, captando a ess\u00eancia do folclore espanhol. O seu acabamento brilhante e multicolorido torna-a uma recorda\u00e7\u00e3o atraente, ideal para dar um toque distinto a qualquer espa\u00e7o ou como um presente que evoca a cultura e a tradi\u00e7\u00e3o.  <\/p>\n","protected":false},"featured_media":8119,"template":"","meta":{"_acf_changed":false},"product_brand":[],"product_cat":[552],"product_tag":[516],"class_list":{"0":"post-23858","1":"product","2":"type-product","3":"status-publish","4":"has-post-thumbnail","6":"product_cat-numeros","7":"product_tag-animais","8":"pa_motivo-corujas","10":"first","11":"instock","12":"shipping-taxable","13":"product-type-simple"},"acf":[],"_links":{"self":[{"href":"https:\/\/olemosaic.com\/pt-pt\/wp-json\/wp\/v2\/product\/23858","targetHints":{"allow":["GET"]}}],"collection":[{"href":"https:\/\/olemosaic.com\/pt-pt\/wp-json\/wp\/v2\/product"}],"about":[{"href":"https:\/\/olemosaic.com\/pt-pt\/wp-json\/wp\/v2\/types\/product"}],"wp:featuredmedia":[{"embeddable":true,"href":"https:\/\/olemosaic.com\/pt-pt\/wp-json\/wp\/v2\/media\/8119"}],"wp:attachment":[{"href":"https:\/\/olemosaic.com\/pt-pt\/wp-json\/wp\/v2\/media?parent=23858"}],"wp:term":[{"taxonomy":"product_brand","embeddable":true,"href":"https:\/\/olemosaic.com\/pt-pt\/wp-json\/wp\/v2\/product_brand?post=23858"},{"taxonomy":"product_cat","embeddable":true,"href":"https:\/\/olemosaic.com\/pt-pt\/wp-json\/wp\/v2\/product_cat?post=23858"},{"taxonomy":"product_tag","embeddable":true,"href":"https:\/\/olemosaic.com\/pt-pt\/wp-json\/wp\/v2\/product_tag?post=23858"}],"curies":[{"name":"wp","href":"https:\/\/api.w.org\/{rel}","templated":true}]}}